{"id":9,"date":"2021-02-08T21:02:05","date_gmt":"2021-02-08T20:02:05","guid":{"rendered":"http:\/\/tartak-mrocza.pl\/?page_id=9"},"modified":"2024-06-22T09:02:53","modified_gmt":"2024-06-22T07:02:53","slug":"strona-glowna","status":"publish","type":"page","link":"https:\/\/tartak-mrocza.pl\/","title":{"rendered":"Strona g\u0142\u00f3wna"},"content":{"rendered":"\n<div class=\"wp-block-buttons is-layout-flex wp-block-buttons-is-layout-flex\">\n<div class=\"wp-block-button is-style-outline\"><a class=\"wp-block-button__link wp-element-button\"><strong>SPRAWD\u0179 NASZE PRODUKTY<\/strong><\/a><\/div>\n<\/div>\n\n\n\n<div style=\"height:26px\" aria-hidden=\"true\" class=\"wp-block-spacer\"><\/div>\n\n\n\n<ul>\n<li><a href=\"https:\/\/tartak-mrocza.pl\/?page_id=57\">Tarcica sosnowa<\/a><\/li>\n\n\n\n<li><a href=\"https:\/\/tartak-mrocza.pl\/?page_id=58\">Tarcica topolowa<\/a><\/li>\n\n\n\n<li><a href=\"https:\/\/tartak-mrocza.pl\/?page_id=59\">Galanteria drzewna<\/a><\/li>\n\n\n\n<li><a href=\"https:\/\/tartak-mrocza.pl\/?page_id=60\">Meble i architektura ogrodowa:<\/a>\n<ul>\n<li><a href=\"https:\/\/tartak-mrocza.pl\/?page_id=1088\">\u0141awko-st\u00f3\u0142 piknikowy<\/a><\/li>\n\n\n\n<li><a href=\"https:\/\/tartak-mrocza.pl\/?page_id=1051\">Hu\u015btawki<\/a><\/li>\n\n\n\n<li><a href=\"https:\/\/tartak-mrocza.pl\/?page_id=1145\">Paliki ogrodnicze<\/a><\/li>\n\n\n\n<li><a href=\"https:\/\/tartak-mrocza.pl\/?page_id=1089\">P\u0142otki trawnikowe<\/a><\/li>\n\n\n\n<li><a href=\"https:\/\/tartak-mrocza.pl\/?page_id=215\">Piaskownice<\/a><\/li>\n\n\n\n<li><a href=\"https:\/\/tartak-mrocza.pl\/?page_id=1299\">Meble natura<\/a><\/li>\n<\/ul>\n<\/li>\n\n\n\n<li><a href=\"https:\/\/tartak-mrocza.pl\/?page_id=1160\">Balustrady<\/a><\/li>\n\n\n\n<li><a href=\"https:\/\/tartak-mrocza.pl\/?page_id=1125\">Kliny monta\u017cowe<\/a><\/li>\n\n\n\n<li><a href=\"https:\/\/tartak-mrocza.pl\/?page_id=62\">Budy dla ps\u00f3w<\/a><\/li>\n\n\n\n<li><a href=\"https:\/\/tartak-mrocza.pl\/?page_id=837\">Drewno opa\u0142owe i trociny<\/a><\/li>\n\n\n\n<li><a href=\"https:\/\/tartak-mrocza.pl\/?page_id=61\">Pozosta\u0142e produkty<\/a><\/li>\n<\/ul>\n\n\n\n<figure class=\"wp-block-gallery has-nested-images columns-default is-cropped wp-block-gallery-1 is-layout-flex wp-block-gallery-is-layout-flex\">\n<figure class=\"wp-block-image size-large\"><a href=\"https:\/\/tartak-mrocza.pl\/?page_id=1088\"><img loading=\"lazy\" decoding=\"async\" width=\"1024\" height=\"768\" data-id=\"433\" src=\"http:\/\/tartak-mrocza.pl\/wp-content\/uploads\/2021\/03\/000-to-wstaw-jako-pierwsze-IMG_20200416_110356-tooo-1024x768.jpg\" alt=\"\" class=\"wp-image-433\" srcset=\"https:\/\/tartak-mrocza.pl\/wp-content\/uploads\/2021\/03\/000-to-wstaw-jako-pierwsze-IMG_20200416_110356-tooo-1024x768.jpg 1024w, https:\/\/tartak-mrocza.pl\/wp-content\/uploads\/2021\/03\/000-to-wstaw-jako-pierwsze-IMG_20200416_110356-tooo-300x225.jpg 300w, https:\/\/tartak-mrocza.pl\/wp-content\/uploads\/2021\/03\/000-to-wstaw-jako-pierwsze-IMG_20200416_110356-tooo-768x576.jpg 768w, https:\/\/tartak-mrocza.pl\/wp-content\/uploads\/2021\/03\/000-to-wstaw-jako-pierwsze-IMG_20200416_110356-tooo-1536x1152.jpg 1536w, https:\/\/tartak-mrocza.pl\/wp-content\/uploads\/2021\/03\/000-to-wstaw-jako-pierwsze-IMG_20200416_110356-tooo-2048x1536.jpg 2048w\" sizes=\"(max-width: 1024px) 100vw, 1024px\" \/><\/a><\/figure>\n\n\n\n<figure class=\"wp-block-image size-large\"><a href=\"https:\/\/tartak-mrocza.pl\/?page_id=1051\"><img loading=\"lazy\" decoding=\"async\" width=\"1024\" height=\"922\" data-id=\"1073\" src=\"http:\/\/tartak-mrocza.pl\/wp-content\/uploads\/2023\/05\/P1011977-1024x922.jpg\" alt=\"\" class=\"wp-image-1073\" srcset=\"https:\/\/tartak-mrocza.pl\/wp-content\/uploads\/2023\/05\/P1011977-1024x922.jpg 1024w, https:\/\/tartak-mrocza.pl\/wp-content\/uploads\/2023\/05\/P1011977-300x270.jpg 300w, https:\/\/tartak-mrocza.pl\/wp-content\/uploads\/2023\/05\/P1011977-768x692.jpg 768w, https:\/\/tartak-mrocza.pl\/wp-content\/uploads\/2023\/05\/P1011977-1536x1383.jpg 1536w, https:\/\/tartak-mrocza.pl\/wp-content\/uploads\/2023\/05\/P1011977-2048x1844.jpg 2048w\" sizes=\"(max-width: 1024px) 100vw, 1024px\" \/><\/a><\/figure>\n\n\n\n<figure class=\"wp-block-image size-large\"><a href=\"https:\/\/tartak-mrocza.pl\/?page_id=215\"><img loading=\"lazy\" decoding=\"async\" width=\"1024\" height=\"768\" data-id=\"446\" src=\"http:\/\/tartak-mrocza.pl\/wp-content\/uploads\/2021\/03\/to-2-1024x768.jpg\" alt=\"\" class=\"wp-image-446\" srcset=\"https:\/\/tartak-mrocza.pl\/wp-content\/uploads\/2021\/03\/to-2-1024x768.jpg 1024w, https:\/\/tartak-mrocza.pl\/wp-content\/uploads\/2021\/03\/to-2-300x225.jpg 300w, https:\/\/tartak-mrocza.pl\/wp-content\/uploads\/2021\/03\/to-2-768x576.jpg 768w, https:\/\/tartak-mrocza.pl\/wp-content\/uploads\/2021\/03\/to-2-1536x1152.jpg 1536w, https:\/\/tartak-mrocza.pl\/wp-content\/uploads\/2021\/03\/to-2-2048x1536.jpg 2048w\" sizes=\"(max-width: 1024px) 100vw, 1024px\" \/><\/a><\/figure>\n\n\n\n<figure class=\"wp-block-image size-large\"><a href=\"https:\/\/tartak-mrocza.pl\/?page_id=1160\"><img loading=\"lazy\" decoding=\"async\" width=\"1024\" height=\"592\" data-id=\"1214\" src=\"http:\/\/tartak-mrocza.pl\/wp-content\/uploads\/2023\/11\/SDC15519-1024x592.jpg\" alt=\"\" class=\"wp-image-1214\" srcset=\"https:\/\/tartak-mrocza.pl\/wp-content\/uploads\/2023\/11\/SDC15519-1024x592.jpg 1024w, https:\/\/tartak-mrocza.pl\/wp-content\/uploads\/2023\/11\/SDC15519-300x173.jpg 300w, https:\/\/tartak-mrocza.pl\/wp-content\/uploads\/2023\/11\/SDC15519-768x444.jpg 768w, https:\/\/tartak-mrocza.pl\/wp-content\/uploads\/2023\/11\/SDC15519-1536x888.jpg 1536w, https:\/\/tartak-mrocza.pl\/wp-content\/uploads\/2023\/11\/SDC15519-2048x1183.jpg 2048w\" sizes=\"(max-width: 1024px) 100vw, 1024px\" \/><\/a><\/figure>\n\n\n\n<figure class=\"wp-block-image size-large\"><a href=\"https:\/\/tartak-mrocza.pl\/?page_id=59\"><img loading=\"lazy\" decoding=\"async\" width=\"1024\" height=\"599\" data-id=\"274\" src=\"http:\/\/tartak-mrocza.pl\/wp-content\/uploads\/2021\/02\/Panorama-listewki-1024x599.jpg\" alt=\"\" class=\"wp-image-274\" srcset=\"https:\/\/tartak-mrocza.pl\/wp-content\/uploads\/2021\/02\/Panorama-listewki-1024x599.jpg 1024w, https:\/\/tartak-mrocza.pl\/wp-content\/uploads\/2021\/02\/Panorama-listewki-300x175.jpg 300w, https:\/\/tartak-mrocza.pl\/wp-content\/uploads\/2021\/02\/Panorama-listewki-768x449.jpg 768w, https:\/\/tartak-mrocza.pl\/wp-content\/uploads\/2021\/02\/Panorama-listewki-1536x898.jpg 1536w, https:\/\/tartak-mrocza.pl\/wp-content\/uploads\/2021\/02\/Panorama-listewki-2048x1198.jpg 2048w\" sizes=\"(max-width: 1024px) 100vw, 1024px\" \/><\/a><\/figure>\n\n\n\n<figure class=\"wp-block-image size-large\"><a href=\"https:\/\/tartak-mrocza.pl\/?page_id=57\"><img loading=\"lazy\" decoding=\"async\" width=\"1024\" height=\"768\" data-id=\"508\" src=\"http:\/\/tartak-mrocza.pl\/wp-content\/uploads\/2021\/03\/krawedziak-140-x-140-1024x768.jpg\" alt=\"\" class=\"wp-image-508\" srcset=\"https:\/\/tartak-mrocza.pl\/wp-content\/uploads\/2021\/03\/krawedziak-140-x-140-1024x768.jpg 1024w, https:\/\/tartak-mrocza.pl\/wp-content\/uploads\/2021\/03\/krawedziak-140-x-140-300x225.jpg 300w, https:\/\/tartak-mrocza.pl\/wp-content\/uploads\/2021\/03\/krawedziak-140-x-140-768x576.jpg 768w, https:\/\/tartak-mrocza.pl\/wp-content\/uploads\/2021\/03\/krawedziak-140-x-140-1536x1152.jpg 1536w, https:\/\/tartak-mrocza.pl\/wp-content\/uploads\/2021\/03\/krawedziak-140-x-140-2048x1536.jpg 2048w\" sizes=\"(max-width: 1024px) 100vw, 1024px\" \/><\/a><\/figure>\n<\/figure>\n\n\n<div class=\"col-md-5\"><\/div>\n<h3 style=\"text-align: left;\">O MNIE I O FIRMIE<\/h3>\n<p>Z zawodem stolarza i drzewiarza zwi\u0105zany jestem od 1982 roku, kiedy to rozpocz\u0105\u0142em nauk\u0119 <span>u mistrza Zygmunta \u0141usiaka, dokszta\u0142caj\u0105c si\u0119 w ZSZ w Lubaszczu, oraz w Technikum Mechaniczno \u2013 Elektrycznym, wydziale Drzewnym w Bydgoszczy. Kolejno zdobywa\u0142em tytu\u0142y zawodowe: czeladnika w rzemio\u015ble stolarz meblowy, technika technologii drewna o specjalno\u015bci meblarstwo, mistrza w rzemio\u015ble stolarstwo oraz kwalifikacje pedagogiczne i wiele kurs\u00f3w dokszta\u0142caj\u0105cych. Pracowa\u0142em w Bydgoskich Fabrykach Mebli \u2013 Zak\u0142ad nr 7 w Nakle nad Noteci\u0105 i Zak\u0142ad nr 8 w Bydgoszczy, gdzie produkowa\u0142em meble prototypowe na wystawy i targi POLSKIE MEBLE w Poznaniu.<\/span><\/p>\n<p>W 1987 w wieku 19 lat rozpocz\u0105\u0142em w\u0142asn\u0105 dzia\u0142alno\u015b\u0107 gospodarcz\u0105,, kt\u00f3ra z przerw\u0105 na s\u0142u\u017cb\u0119 wojskow\u0105 trwa do dzi\u015b.<\/p>\n<p><span style=\"color: #ffffff; font-size: revert;\">Pocz\u0105tkowo produkowa\u0142em bardzo ekskluzywne zestawy mebli z litego drewna, bogato zdobione i r\u0119cznie rze\u017abione. Jednak\u017ce ze wzgl\u0119du na zubo\u017cenie spo\u0142ecze\u0144stwa po 1989 roku trzeba by\u0142o zmieni\u0107 produkcj\u0119 na ta\u0144sze, proste meble, Kilka lat zajmowa\u0142em si\u0119 te\u017c tapicerstwem i przetw\u00f3rstwem tworzyw sztucznych produkuj\u0105c okucia meblowe. Od kilkunastu lat zajmuj\u0119 si\u0119 g\u0142\u00f3wnie tartacznictwem, produkcj\u0105 listew profilowych oraz galanterii drzewnej. Wykonuj\u0119 te\u017c us\u0142ugi dla ludno\u015bci w zakresie obr\u00f3bki drewna.<\/span><\/p>\n<p><span style=\"color: #ffffff; font-size: revert;\">Moimi \u00a0klientami s\u0105 g\u0142\u00f3wnie osoby fizyczne, ma\u0142e firmy budowlane i gospodarstwa rolne. Interesuje mnie wy\u0142\u0105cznie rynek lokalny, a ka\u017cdy klient jest dla mnie r\u00f3wnie wa\u017cny.<\/span><\/p>\n<p><span style=\"color: initial; font-size: revert;\"><\/span><\/p>\n\n\n<div class=\"wp-block-buttons is-layout-flex wp-block-buttons-is-layout-flex\">\n<div class=\"wp-block-button is-style-outline\"><a class=\"wp-block-button__link wp-element-button\"><strong>SPRAWD\u0179 NASZE PRODUKTY<\/strong><\/a><\/div>\n<\/div>\n\n\n\n<div style=\"height:26px\" aria-hidden=\"true\" class=\"wp-block-spacer\"><\/div>\n\n\n\n<ul>\n<li><a href=\"https:\/\/tartak-mrocza.pl\/?page_id=57\">Tarcica sosnowa<\/a><\/li>\n\n\n\n<li><a href=\"https:\/\/tartak-mrocza.pl\/?page_id=58\">Tarcica topolowa<\/a><\/li>\n\n\n\n<li><a href=\"https:\/\/tartak-mrocza.pl\/?page_id=59\">Galanteria drzewna<\/a><\/li>\n\n\n\n<li><a href=\"https:\/\/tartak-mrocza.pl\/?page_id=60\">Meble i architektura ogrodowa:<\/a>\n<ul>\n<li><a href=\"https:\/\/tartak-mrocza.pl\/?page_id=1088\">\u0141awko-st\u00f3\u0142 piknikowy<\/a><\/li>\n\n\n\n<li><a href=\"https:\/\/tartak-mrocza.pl\/?page_id=1051\">Hu\u015btawki<\/a><\/li>\n\n\n\n<li><a href=\"https:\/\/tartak-mrocza.pl\/?page_id=1145\">Paliki ogrodnicze<\/a><\/li>\n\n\n\n<li><a href=\"https:\/\/tartak-mrocza.pl\/?page_id=1089\">P\u0142otki trawnikowe<\/a><\/li>\n\n\n\n<li><a href=\"https:\/\/tartak-mrocza.pl\/?page_id=215\">Piaskownice<\/a><\/li>\n\n\n\n<li><a href=\"https:\/\/tartak-mrocza.pl\/?page_id=1299\">Meble natura<\/a><\/li>\n<\/ul>\n<\/li>\n\n\n\n<li><a href=\"https:\/\/tartak-mrocza.pl\/?page_id=1160\">Balustrady<\/a><\/li>\n\n\n\n<li><a href=\"https:\/\/tartak-mrocza.pl\/?page_id=1125\">Kliny monta\u017cowe<\/a><\/li>\n\n\n\n<li><a href=\"https:\/\/tartak-mrocza.pl\/?page_id=62\">Budy dla ps\u00f3w<\/a><\/li>\n\n\n\n<li><a href=\"https:\/\/tartak-mrocza.pl\/?page_id=837\">Drewno opa\u0142owe i trociny<\/a><\/li>\n\n\n\n<li><a href=\"https:\/\/tartak-mrocza.pl\/?page_id=61\">Pozosta\u0142e produkty<\/a><\/li>\n<\/ul>\n","protected":false},"excerpt":{"rendered":"<p>O MNIE I O FIRMIE Z zawodem stolarza i drzewiarza zwi\u0105zany jestem od 1982 roku, kiedy to rozpocz\u0105\u0142em nauk\u0119 u mistrza Zygmunta \u0141usiaka, dokszta\u0142caj\u0105c si\u0119 w ZSZ w Lubaszczu, oraz w Technikum Mechaniczno \u2013 Elektrycznym, wydziale Drzewnym w Bydgoszczy. Kolejno zdobywa\u0142em tytu\u0142y zawodowe: czeladnika w rzemio\u015ble stolarz meblowy, technika technologii [&hellip;]<\/p>\n","protected":false},"author":1,"featured_media":274,"parent":0,"menu_order":0,"comment_status":"closed","ping_status":"closed","template":"","meta":{"footnotes":""},"yoast_head":"<!-- This site is optimized with the Yoast SEO plugin v23.2 - https:\/\/yoast.com\/wordpress\/plugins\/seo\/ -->\n<title>Strona g\u0142\u00f3wna - Tartak - Stolarnia<\/title>\n<meta name=\"robots\" content=\"index, follow, max-snippet:-1, max-image-preview:large, max-video-preview:-1\" \/>\n<link rel=\"canonical\" href=\"https:\/\/tartak-mrocza.pl\/\" \/>\n<meta property=\"og:locale\" content=\"en_US\" \/>\n<meta property=\"og:type\" content=\"article\" \/>\n<meta property=\"og:title\" content=\"Strona g\u0142\u00f3wna - Tartak - Stolarnia\" \/>\n<meta property=\"og:description\" content=\"O MNIE I O FIRMIE Z zawodem stolarza i drzewiarza zwi\u0105zany jestem od 1982 roku, kiedy to rozpocz\u0105\u0142em nauk\u0119 u mistrza Zygmunta \u0141usiaka, dokszta\u0142caj\u0105c si\u0119 w ZSZ w Lubaszczu, oraz w Technikum Mechaniczno \u2013 Elektrycznym, wydziale Drzewnym w Bydgoszczy. Kolejno zdobywa\u0142em tytu\u0142y zawodowe: czeladnika w rzemio\u015ble stolarz meblowy, technika technologii [&hellip;]\" \/>\n<meta property=\"og:url\" content=\"https:\/\/tartak-mrocza.pl\/\" \/>\n<meta property=\"og:site_name\" content=\"Tartak - Stolarnia\" \/>\n<meta property=\"article:modified_time\" content=\"2024-06-22T07:02:53+00:00\" \/>\n<meta property=\"og:image\" content=\"https:\/\/tartak-mrocza.pl\/wp-content\/uploads\/2021\/02\/Panorama-listewki-scaled.jpg\" \/>\n\t<meta property=\"og:image:width\" content=\"2560\" \/>\n\t<meta property=\"og:image:height\" content=\"1497\" \/>\n\t<meta property=\"og:image:type\" content=\"image\/jpeg\" \/>\n<meta name=\"twitter:card\" content=\"summary_large_image\" \/>\n<meta name=\"twitter:label1\" content=\"Est. reading time\" \/>\n\t<meta name=\"twitter:data1\" content=\"3 minutes\" \/>\n<script type=\"application\/ld+json\" class=\"yoast-schema-graph\">{\"@context\":\"https:\/\/schema.org\",\"@graph\":[{\"@type\":\"WebPage\",\"@id\":\"https:\/\/tartak-mrocza.pl\/\",\"url\":\"https:\/\/tartak-mrocza.pl\/\",\"name\":\"Strona g\u0142\u00f3wna - Tartak - Stolarnia\",\"isPartOf\":{\"@id\":\"https:\/\/tartak-mrocza.pl\/#website\"},\"primaryImageOfPage\":{\"@id\":\"https:\/\/tartak-mrocza.pl\/#primaryimage\"},\"image\":{\"@id\":\"https:\/\/tartak-mrocza.pl\/#primaryimage\"},\"thumbnailUrl\":\"https:\/\/tartak-mrocza.pl\/wp-content\/uploads\/2021\/02\/Panorama-listewki-scaled.jpg\",\"datePublished\":\"2021-02-08T20:02:05+00:00\",\"dateModified\":\"2024-06-22T07:02:53+00:00\",\"breadcrumb\":{\"@id\":\"https:\/\/tartak-mrocza.pl\/#breadcrumb\"},\"inLanguage\":\"en-US\",\"potentialAction\":[{\"@type\":\"ReadAction\",\"target\":[\"https:\/\/tartak-mrocza.pl\/\"]}]},{\"@type\":\"ImageObject\",\"inLanguage\":\"en-US\",\"@id\":\"https:\/\/tartak-mrocza.pl\/#primaryimage\",\"url\":\"https:\/\/tartak-mrocza.pl\/wp-content\/uploads\/2021\/02\/Panorama-listewki-scaled.jpg\",\"contentUrl\":\"https:\/\/tartak-mrocza.pl\/wp-content\/uploads\/2021\/02\/Panorama-listewki-scaled.jpg\",\"width\":2560,\"height\":1497},{\"@type\":\"BreadcrumbList\",\"@id\":\"https:\/\/tartak-mrocza.pl\/#breadcrumb\",\"itemListElement\":[{\"@type\":\"ListItem\",\"position\":1,\"name\":\"Strona g\u0142\u00f3wna\",\"item\":\"https:\/\/tartak-mrocza.pl\/\"},{\"@type\":\"ListItem\",\"position\":2,\"name\":\"Strona g\u0142\u00f3wna\"}]},{\"@type\":\"WebSite\",\"@id\":\"https:\/\/tartak-mrocza.pl\/#website\",\"url\":\"https:\/\/tartak-mrocza.pl\/\",\"name\":\"Tartak-Stolarnia Tomczak\",\"description\":\"Stolarstwo i us\u0142ugi budowlane dla klient\u00f3w indywidualnych z gwarancj\u0105 wykonania pracy oraz czytelnymi i dok\u0142adnymi wycenami.\",\"publisher\":{\"@id\":\"https:\/\/tartak-mrocza.pl\/#organization\"},\"potentialAction\":[{\"@type\":\"SearchAction\",\"target\":{\"@type\":\"EntryPoint\",\"urlTemplate\":\"https:\/\/tartak-mrocza.pl\/?s={search_term_string}\"},\"query-input\":\"required name=search_term_string\"}],\"inLanguage\":\"en-US\"},{\"@type\":\"Organization\",\"@id\":\"https:\/\/tartak-mrocza.pl\/#organization\",\"name\":\"Tartak-Stolarnia Tomczak\",\"url\":\"https:\/\/tartak-mrocza.pl\/\",\"logo\":{\"@type\":\"ImageObject\",\"inLanguage\":\"en-US\",\"@id\":\"https:\/\/tartak-mrocza.pl\/#\/schema\/logo\/image\/\",\"url\":\"https:\/\/tartak-mrocza.pl\/wp-content\/uploads\/2021\/02\/Panorama-listewki-scaled.jpg\",\"contentUrl\":\"https:\/\/tartak-mrocza.pl\/wp-content\/uploads\/2021\/02\/Panorama-listewki-scaled.jpg\",\"width\":2560,\"height\":1497,\"caption\":\"Tartak-Stolarnia Tomczak\"},\"image\":{\"@id\":\"https:\/\/tartak-mrocza.pl\/#\/schema\/logo\/image\/\"}}]}<\/script>\n<!-- \/ Yoast SEO plugin. -->","yoast_head_json":{"title":"Strona g\u0142\u00f3wna - Tartak - Stolarnia","robots":{"index":"index","follow":"follow","max-snippet":"max-snippet:-1","max-image-preview":"max-image-preview:large","max-video-preview":"max-video-preview:-1"},"canonical":"https:\/\/tartak-mrocza.pl\/","og_locale":"en_US","og_type":"article","og_title":"Strona g\u0142\u00f3wna - Tartak - Stolarnia","og_description":"O MNIE I O FIRMIE Z zawodem stolarza i drzewiarza zwi\u0105zany jestem od 1982 roku, kiedy to rozpocz\u0105\u0142em nauk\u0119 u mistrza Zygmunta \u0141usiaka, dokszta\u0142caj\u0105c si\u0119 w ZSZ w Lubaszczu, oraz w Technikum Mechaniczno \u2013 Elektrycznym, wydziale Drzewnym w Bydgoszczy. Kolejno zdobywa\u0142em tytu\u0142y zawodowe: czeladnika w rzemio\u015ble stolarz meblowy, technika technologii [&hellip;]","og_url":"https:\/\/tartak-mrocza.pl\/","og_site_name":"Tartak - Stolarnia","article_modified_time":"2024-06-22T07:02:53+00:00","og_image":[{"width":2560,"height":1497,"url":"https:\/\/tartak-mrocza.pl\/wp-content\/uploads\/2021\/02\/Panorama-listewki-scaled.jpg","type":"image\/jpeg"}],"twitter_card":"summary_large_image","twitter_misc":{"Est. reading time":"3 minutes"},"schema":{"@context":"https:\/\/schema.org","@graph":[{"@type":"WebPage","@id":"https:\/\/tartak-mrocza.pl\/","url":"https:\/\/tartak-mrocza.pl\/","name":"Strona g\u0142\u00f3wna - Tartak - Stolarnia","isPartOf":{"@id":"https:\/\/tartak-mrocza.pl\/#website"},"primaryImageOfPage":{"@id":"https:\/\/tartak-mrocza.pl\/#primaryimage"},"image":{"@id":"https:\/\/tartak-mrocza.pl\/#primaryimage"},"thumbnailUrl":"https:\/\/tartak-mrocza.pl\/wp-content\/uploads\/2021\/02\/Panorama-listewki-scaled.jpg","datePublished":"2021-02-08T20:02:05+00:00","dateModified":"2024-06-22T07:02:53+00:00","breadcrumb":{"@id":"https:\/\/tartak-mrocza.pl\/#breadcrumb"},"inLanguage":"en-US","potentialAction":[{"@type":"ReadAction","target":["https:\/\/tartak-mrocza.pl\/"]}]},{"@type":"ImageObject","inLanguage":"en-US","@id":"https:\/\/tartak-mrocza.pl\/#primaryimage","url":"https:\/\/tartak-mrocza.pl\/wp-content\/uploads\/2021\/02\/Panorama-listewki-scaled.jpg","contentUrl":"https:\/\/tartak-mrocza.pl\/wp-content\/uploads\/2021\/02\/Panorama-listewki-scaled.jpg","width":2560,"height":1497},{"@type":"BreadcrumbList","@id":"https:\/\/tartak-mrocza.pl\/#breadcrumb","itemListElement":[{"@type":"ListItem","position":1,"name":"Strona g\u0142\u00f3wna","item":"https:\/\/tartak-mrocza.pl\/"},{"@type":"ListItem","position":2,"name":"Strona g\u0142\u00f3wna"}]},{"@type":"WebSite","@id":"https:\/\/tartak-mrocza.pl\/#website","url":"https:\/\/tartak-mrocza.pl\/","name":"Tartak-Stolarnia Tomczak","description":"Stolarstwo i us\u0142ugi budowlane dla klient\u00f3w indywidualnych z gwarancj\u0105 wykonania pracy oraz czytelnymi i dok\u0142adnymi wycenami.","publisher":{"@id":"https:\/\/tartak-mrocza.pl\/#organization"},"potentialAction":[{"@type":"SearchAction","target":{"@type":"EntryPoint","urlTemplate":"https:\/\/tartak-mrocza.pl\/?s={search_term_string}"},"query-input":"required name=search_term_string"}],"inLanguage":"en-US"},{"@type":"Organization","@id":"https:\/\/tartak-mrocza.pl\/#organization","name":"Tartak-Stolarnia Tomczak","url":"https:\/\/tartak-mrocza.pl\/","logo":{"@type":"ImageObject","inLanguage":"en-US","@id":"https:\/\/tartak-mrocza.pl\/#\/schema\/logo\/image\/","url":"https:\/\/tartak-mrocza.pl\/wp-content\/uploads\/2021\/02\/Panorama-listewki-scaled.jpg","contentUrl":"https:\/\/tartak-mrocza.pl\/wp-content\/uploads\/2021\/02\/Panorama-listewki-scaled.jpg","width":2560,"height":1497,"caption":"Tartak-Stolarnia Tomczak"},"image":{"@id":"https:\/\/tartak-mrocza.pl\/#\/schema\/logo\/image\/"}}]}},"_links":{"self":[{"href":"https:\/\/tartak-mrocza.pl\/index.php?rest_route=\/wp\/v2\/pages\/9"}],"collection":[{"href":"https:\/\/tartak-mrocza.pl\/index.php?rest_route=\/wp\/v2\/pages"}],"about":[{"href":"https:\/\/tartak-mrocza.pl\/index.php?rest_route=\/wp\/v2\/types\/page"}],"author":[{"embeddable":true,"href":"https:\/\/tartak-mrocza.pl\/index.php?rest_route=\/wp\/v2\/users\/1"}],"replies":[{"embeddable":true,"href":"https:\/\/tartak-mrocza.pl\/index.php?rest_route=%2Fwp%2Fv2%2Fcomments&post=9"}],"version-history":[{"count":53,"href":"https:\/\/tartak-mrocza.pl\/index.php?rest_route=\/wp\/v2\/pages\/9\/revisions"}],"predecessor-version":[{"id":1430,"href":"https:\/\/tartak-mrocza.pl\/index.php?rest_route=\/wp\/v2\/pages\/9\/revisions\/1430"}],"wp:featuredmedia":[{"embeddable":true,"href":"https:\/\/tartak-mrocza.pl\/index.php?rest_route=\/wp\/v2\/media\/274"}],"wp:attachment":[{"href":"https:\/\/tartak-mrocza.pl\/index.php?rest_route=%2Fwp%2Fv2%2Fmedia&parent=9"}],"curies":[{"name":"wp","href":"https:\/\/api.w.org\/{rel}","templated":true}]}}