{"id":62,"date":"2021-02-11T19:29:00","date_gmt":"2021-02-11T18:29:00","guid":{"rendered":"http:\/\/tartak-mrocza.pl\/?page_id=62"},"modified":"2023-04-19T22:38:41","modified_gmt":"2023-04-19T20:38:41","slug":"budy-dla-psow","status":"publish","type":"page","link":"https:\/\/tartak-mrocza.pl\/?page_id=62","title":{"rendered":"Budy dla ps\u00f3w"},"content":{"rendered":"\n<p>Podano ceny brutto, kt\u00f3re nie s\u0105 ofert\u0105 handlow\u0105 a jedynie zaproszeniem do sk\u0142adania zapyta\u0144.<\/p>\n\n\n\n<h2 class=\"wp-block-heading\">BUDY DLA PS\u00d3W<\/h2>\n\n\n\n<p>Produkujemy budy w siedmiu rozmiarach. Rozmiar nale\u017cy dobra\u0107 w zale\u017cno\u015bci od&nbsp;wysoko\u015bci psa w k\u0142\u0119bie.&nbsp; &nbsp; &nbsp; &nbsp; &nbsp; &nbsp; &nbsp; &nbsp; &nbsp; &nbsp; &nbsp; &nbsp; &nbsp; &nbsp; &nbsp; &nbsp; &nbsp;<\/p>\n\n\n\n<p>Jest to wymiar od ziemi do \u0142opatek &#8211; nasady karku stoj\u0105cego psa (wymiar &#8220;D&#8221; na rysunkach).<\/p>\n\n\n\n<figure class=\"wp-block-image size-large\"><img loading=\"lazy\" decoding=\"async\" width=\"460\" height=\"290\" src=\"http:\/\/tartak-mrocza.pl\/wp-content\/uploads\/2021\/03\/Pies-w-klebie.jpg\" alt=\"\" class=\"wp-image-367\" srcset=\"https:\/\/tartak-mrocza.pl\/wp-content\/uploads\/2021\/03\/Pies-w-klebie.jpg 460w, https:\/\/tartak-mrocza.pl\/wp-content\/uploads\/2021\/03\/Pies-w-klebie-300x189.jpg 300w\" sizes=\"(max-width: 460px) 100vw, 460px\" \/><\/figure>\n\n\n\n<p>Buda nie mo\u017ce by\u0107 ani za du\u017ca , ani za ma\u0142a. Wewn\u0105trz zbyt du\u017cej budy zim\u0105 b\u0119dzie za zimno, gdy\u017c pies ogrzewa j\u0105 tylko w\u0142asnym cia\u0142em. Wn\u0119trze ma\u0142ej mo\u017ce okaza\u0107 si\u0119 zbyt ciasne, szczeg\u00f3lnie je\u015bli kupujemy j\u0105 dla m\u0142odego psa, kt\u00f3ry jeszcze ro\u015bnie. Pies musi mie\u0107 mo\u017cliwo\u015b\u0107 powstania wewn\u0105trz, jak i u\u0142o\u017cenia si\u0119 na boku jak i w&#8221; k\u0142\u0119bek&#8221;. Budy wykonane s\u0105 z desek \u0142\u0105czonych szczelnie na pi\u00f3ro &#8211; wpust. Zdejmowany dach w standardzie pokryty jest pap\u0105. Malowana drewnochronem na wybrany przez klienta kolor (w standardzie 1 warstwa). Zach\u0119cam r\u00f3wnie\u017c do zakupu wyposa\u017cenia dodatkowego: kurtyny z grubej folii zak\u0142adanej na zim\u0119, dodatkowej, wyjmowanej pod\u0142ogi oraz docieplenia \u015bcian styropianem i p\u0142yt\u0105 pil\u015bniow\u0105.<\/p>\n\n\n\n<hr class=\"wp-block-separator has-css-opacity is-style-dots\"\/>\n\n\n\n<h2 class=\"wp-block-heading\"><strong>Wymiary i ceny bud w wyposa\u017ceniu standardowym<\/strong><\/h2>\n\n\n\n<figure class=\"wp-block-table alignwide is-style-stripes\"><table><tbody><tr><td>&nbsp;<\/td><td>A<\/td><td>B<\/td><td>C<\/td><td>D<\/td><td>E x F<\/td><td>&nbsp;<\/td><td>&nbsp;<\/td><\/tr><tr><td>Numer budy (rozmiar)<\/td><td>Wysoko\u015b\u0107<\/td><td>Szeroko\u015b\u0107<\/td><td>D\u0142ugo\u015b\u0107<\/td><td>Wysoko\u015b\u0107 psa w k\u0142\u0119bie<\/td><td>Otw\u00f3r wej\u015bciowy (wys. &#8211; szer.)<\/td><td>Legowisko<\/td><td>Cena budy w wyposa\u017ceniu standardowym<\/td><\/tr><tr><td>1<\/td><td>52<\/td><td>58<\/td><td>78<\/td><td>32<\/td><td>20 x 20<\/td><td>50 x 40<\/td><td><\/td><\/tr><tr><td>2<\/td><td>63<\/td><td>70<\/td><td>89<\/td><td>40<\/td><td>25 x 22<\/td><td>60 x 50<\/td><td><\/td><\/tr><tr><td>3<\/td><td>78<\/td><td>82<\/td><td>100<\/td><td>52<\/td><td>35 x 24<\/td><td>70 x 60<\/td><td><\/td><\/tr><tr><td>4<\/td><td>90<\/td><td>96<\/td><td>110<\/td><td>58<\/td><td>40 x 26<\/td><td>80 x 70<\/td><td><\/td><\/tr><tr><td>5<\/td><td>100<\/td><td>106<\/td><td>121<\/td><td>65<\/td><td>45 x 28<\/td><td>90 x 80<\/td><td><\/td><\/tr><tr><td>6<\/td><td>108<\/td><td>119<\/td><td>133<\/td><td>73<\/td><td>50 x 30<\/td><td>100 x 90<\/td><td><\/td><\/tr><tr><td>7<\/td><td>131<\/td><td>133<\/td><td>144<\/td><td>88<\/td><td>55 x 40<\/td><td>110 x 100<\/td><td><\/td><\/tr><\/tbody><\/table><\/figure>\n\n\n\n<hr class=\"wp-block-separator has-css-opacity is-style-dots\"\/>\n\n\n\n<h2 class=\"wp-block-heading\"><strong>Ceny wyposa\u017cenia dodatkowego<\/strong><\/h2>\n\n\n\n<figure class=\"wp-block-table is-style-stripes\"><table><tbody><tr><td>Numer budy<\/td><td>Malowanie 1 warstwy<\/td><td>Pod\u0142oga dodatkowa<\/td><td>Docieplenie bok\u00f3w (styropian 2 cm + p\u0142yta pil\u015bniowa)<\/td><td>Foliowa kurtyna<\/td><\/tr><tr><td>&nbsp;<\/td><td>drewnochronem<\/td><td>&nbsp;<\/td><td>&nbsp;<\/td><td>&nbsp;<\/td><\/tr><tr><td>1<\/td><td><\/td><td><\/td><td><\/td><td><\/td><\/tr><tr><td>2<\/td><td><\/td><td><\/td><td><\/td><td><\/td><\/tr><tr><td>3<\/td><td><\/td><td><\/td><td><\/td><td><\/td><\/tr><tr><td>4<\/td><td><\/td><td><\/td><td><\/td><td><\/td><\/tr><tr><td>5<\/td><td><\/td><td><\/td><td><\/td><td><\/td><\/tr><tr><td>6<\/td><td><\/td><td><\/td><td><\/td><td><\/td><\/tr><tr><td>7<\/td><td><\/td><td><\/td><td><\/td><td><\/td><\/tr><\/tbody><\/table><\/figure>\n\n\n\n<h2 class=\"wp-block-heading\">Buda rozmiar 1<\/h2>\n\n\n\n<figure class=\"wp-block-image size-large\"><img loading=\"lazy\" decoding=\"async\" width=\"1024\" height=\"768\" src=\"http:\/\/tartak-mrocza.pl\/wp-content\/uploads\/2021\/02\/1-1024x768.jpg\" alt=\"\" class=\"wp-image-153\" srcset=\"https:\/\/tartak-mrocza.pl\/wp-content\/uploads\/2021\/02\/1-1024x768.jpg 1024w, https:\/\/tartak-mrocza.pl\/wp-content\/uploads\/2021\/02\/1-300x225.jpg 300w, https:\/\/tartak-mrocza.pl\/wp-content\/uploads\/2021\/02\/1-768x576.jpg 768w, https:\/\/tartak-mrocza.pl\/wp-content\/uploads\/2021\/02\/1-1536x1152.jpg 1536w, https:\/\/tartak-mrocza.pl\/wp-content\/uploads\/2021\/02\/1-2048x1536.jpg 2048w\" sizes=\"(max-width: 1024px) 100vw, 1024px\" \/><\/figure>\n\n\n\n<hr class=\"wp-block-separator has-css-opacity\"\/>\n\n\n\n<h2 class=\"wp-block-heading\">Buda rozmiar 2<\/h2>\n\n\n\n<figure class=\"wp-block-image size-large\"><img loading=\"lazy\" decoding=\"async\" width=\"1024\" height=\"768\" src=\"http:\/\/tartak-mrocza.pl\/wp-content\/uploads\/2021\/02\/2-1024x768.jpg\" alt=\"\" class=\"wp-image-155\" srcset=\"https:\/\/tartak-mrocza.pl\/wp-content\/uploads\/2021\/02\/2-1024x768.jpg 1024w, https:\/\/tartak-mrocza.pl\/wp-content\/uploads\/2021\/02\/2-300x225.jpg 300w, https:\/\/tartak-mrocza.pl\/wp-content\/uploads\/2021\/02\/2-768x576.jpg 768w, https:\/\/tartak-mrocza.pl\/wp-content\/uploads\/2021\/02\/2-1536x1152.jpg 1536w, https:\/\/tartak-mrocza.pl\/wp-content\/uploads\/2021\/02\/2-2048x1536.jpg 2048w\" sizes=\"(max-width: 1024px) 100vw, 1024px\" \/><\/figure>\n\n\n\n<hr class=\"wp-block-separator has-css-opacity\"\/>\n\n\n\n<h2 class=\"wp-block-heading\">Buda rozmiar 3<\/h2>\n\n\n\n<figure class=\"wp-block-image size-large\"><img loading=\"lazy\" decoding=\"async\" width=\"1024\" height=\"768\" src=\"http:\/\/tartak-mrocza.pl\/wp-content\/uploads\/2021\/02\/3-1024x768.jpg\" alt=\"\" class=\"wp-image-156\" srcset=\"https:\/\/tartak-mrocza.pl\/wp-content\/uploads\/2021\/02\/3-1024x768.jpg 1024w, https:\/\/tartak-mrocza.pl\/wp-content\/uploads\/2021\/02\/3-300x225.jpg 300w, https:\/\/tartak-mrocza.pl\/wp-content\/uploads\/2021\/02\/3-768x576.jpg 768w, https:\/\/tartak-mrocza.pl\/wp-content\/uploads\/2021\/02\/3-1536x1152.jpg 1536w, https:\/\/tartak-mrocza.pl\/wp-content\/uploads\/2021\/02\/3-2048x1536.jpg 2048w\" sizes=\"(max-width: 1024px) 100vw, 1024px\" \/><\/figure>\n\n\n\n<hr class=\"wp-block-separator has-css-opacity\"\/>\n\n\n\n<h2 class=\"wp-block-heading\">Buda rozmiar 4<\/h2>\n\n\n\n<figure class=\"wp-block-image size-large\"><img loading=\"lazy\" decoding=\"async\" width=\"1024\" height=\"768\" src=\"http:\/\/tartak-mrocza.pl\/wp-content\/uploads\/2021\/02\/4-1024x768.jpg\" alt=\"\" class=\"wp-image-157\" srcset=\"https:\/\/tartak-mrocza.pl\/wp-content\/uploads\/2021\/02\/4-1024x768.jpg 1024w, https:\/\/tartak-mrocza.pl\/wp-content\/uploads\/2021\/02\/4-300x225.jpg 300w, https:\/\/tartak-mrocza.pl\/wp-content\/uploads\/2021\/02\/4-768x576.jpg 768w, https:\/\/tartak-mrocza.pl\/wp-content\/uploads\/2021\/02\/4-1536x1152.jpg 1536w, https:\/\/tartak-mrocza.pl\/wp-content\/uploads\/2021\/02\/4-2048x1536.jpg 2048w\" sizes=\"(max-width: 1024px) 100vw, 1024px\" \/><\/figure>\n\n\n\n<hr class=\"wp-block-separator has-css-opacity\"\/>\n\n\n\n<h2 class=\"wp-block-heading\">Buda rozmiar 5<\/h2>\n\n\n\n<figure class=\"wp-block-image size-large\"><img loading=\"lazy\" decoding=\"async\" width=\"1024\" height=\"768\" src=\"http:\/\/tartak-mrocza.pl\/wp-content\/uploads\/2021\/02\/5-1024x768.jpg\" alt=\"\" class=\"wp-image-158\" srcset=\"https:\/\/tartak-mrocza.pl\/wp-content\/uploads\/2021\/02\/5-1024x768.jpg 1024w, https:\/\/tartak-mrocza.pl\/wp-content\/uploads\/2021\/02\/5-300x225.jpg 300w, https:\/\/tartak-mrocza.pl\/wp-content\/uploads\/2021\/02\/5-768x576.jpg 768w, https:\/\/tartak-mrocza.pl\/wp-content\/uploads\/2021\/02\/5-1536x1152.jpg 1536w, https:\/\/tartak-mrocza.pl\/wp-content\/uploads\/2021\/02\/5-2048x1536.jpg 2048w\" sizes=\"(max-width: 1024px) 100vw, 1024px\" \/><\/figure>\n\n\n\n<hr class=\"wp-block-separator has-css-opacity\"\/>\n\n\n\n<h2 class=\"wp-block-heading\">Buda rozmiar 6<\/h2>\n\n\n\n<figure class=\"wp-block-image size-large\"><img loading=\"lazy\" decoding=\"async\" width=\"1024\" height=\"768\" src=\"http:\/\/tartak-mrocza.pl\/wp-content\/uploads\/2021\/02\/6-1-1024x768.jpg\" alt=\"\" class=\"wp-image-160\" srcset=\"https:\/\/tartak-mrocza.pl\/wp-content\/uploads\/2021\/02\/6-1-1024x768.jpg 1024w, https:\/\/tartak-mrocza.pl\/wp-content\/uploads\/2021\/02\/6-1-300x225.jpg 300w, https:\/\/tartak-mrocza.pl\/wp-content\/uploads\/2021\/02\/6-1-768x576.jpg 768w, https:\/\/tartak-mrocza.pl\/wp-content\/uploads\/2021\/02\/6-1-1536x1152.jpg 1536w, https:\/\/tartak-mrocza.pl\/wp-content\/uploads\/2021\/02\/6-1-2048x1536.jpg 2048w\" sizes=\"(max-width: 1024px) 100vw, 1024px\" \/><\/figure>\n\n\n\n<hr class=\"wp-block-separator has-css-opacity\"\/>\n\n\n\n<h2 class=\"wp-block-heading\">Buda rozmiar 7<\/h2>\n\n\n\n<figure class=\"wp-block-image size-large\"><img loading=\"lazy\" decoding=\"async\" width=\"1024\" height=\"768\" src=\"http:\/\/tartak-mrocza.pl\/wp-content\/uploads\/2021\/02\/7-1024x768.jpg\" alt=\"\" class=\"wp-image-161\" srcset=\"https:\/\/tartak-mrocza.pl\/wp-content\/uploads\/2021\/02\/7-1024x768.jpg 1024w, https:\/\/tartak-mrocza.pl\/wp-content\/uploads\/2021\/02\/7-300x225.jpg 300w, https:\/\/tartak-mrocza.pl\/wp-content\/uploads\/2021\/02\/7-768x576.jpg 768w, https:\/\/tartak-mrocza.pl\/wp-content\/uploads\/2021\/02\/7-1536x1152.jpg 1536w, https:\/\/tartak-mrocza.pl\/wp-content\/uploads\/2021\/02\/7-2048x1536.jpg 2048w\" sizes=\"(max-width: 1024px) 100vw, 1024px\" \/><\/figure>\n\n\n\n<p>Podano ceny brutto, kt\u00f3re nie s\u0105 ofert\u0105 handlow\u0105 a jedynie zaproszeniem do sk\u0142adania zapyta\u0144.<\/p>\n","protected":false},"excerpt":{"rendered":"<p>Podano ceny brutto, kt\u00f3re nie s\u0105 ofert\u0105 handlow\u0105 a jedynie zaproszeniem do sk\u0142adania zapyta\u0144. BUDY DLA PS\u00d3W Produkujemy budy w siedmiu rozmiarach. Rozmiar nale\u017cy dobra\u0107 w zale\u017cno\u015bci od&nbsp;wysoko\u015bci psa w k\u0142\u0119bie.&nbsp; &nbsp; &nbsp; &nbsp; &nbsp; &nbsp; &nbsp; &nbsp; &nbsp; &nbsp; &nbsp; &nbsp; &nbsp; &nbsp; &nbsp; &nbsp; &nbsp; Jest to wymiar [&hellip;]<\/p>\n","protected":false},"author":1,"featured_media":364,"parent":0,"menu_order":0,"comment_status":"closed","ping_status":"closed","template":"","meta":{"footnotes":""},"yoast_head":"<!-- This site is optimized with the Yoast SEO plugin v23.2 - https:\/\/yoast.com\/wordpress\/plugins\/seo\/ -->\n<title>Budy dla ps\u00f3w - Tartak - Stolarnia<\/title>\n<meta name=\"robots\" content=\"index, follow, max-snippet:-1, max-image-preview:large, max-video-preview:-1\" \/>\n<link rel=\"canonical\" href=\"https:\/\/tartak-mrocza.pl\/?page_id=62\" \/>\n<meta property=\"og:locale\" content=\"en_US\" \/>\n<meta property=\"og:type\" content=\"article\" \/>\n<meta property=\"og:title\" content=\"Budy dla ps\u00f3w - Tartak - Stolarnia\" \/>\n<meta property=\"og:description\" content=\"Podano ceny brutto, kt\u00f3re nie s\u0105 ofert\u0105 handlow\u0105 a jedynie zaproszeniem do sk\u0142adania zapyta\u0144. BUDY DLA PS\u00d3W Produkujemy budy w siedmiu rozmiarach. Rozmiar nale\u017cy dobra\u0107 w zale\u017cno\u015bci od&nbsp;wysoko\u015bci psa w k\u0142\u0119bie.&nbsp; &nbsp; &nbsp; &nbsp; &nbsp; &nbsp; &nbsp; &nbsp; &nbsp; &nbsp; &nbsp; &nbsp; &nbsp; &nbsp; &nbsp; &nbsp; &nbsp; Jest to wymiar [&hellip;]\" \/>\n<meta property=\"og:url\" content=\"https:\/\/tartak-mrocza.pl\/?page_id=62\" \/>\n<meta property=\"og:site_name\" content=\"Tartak - Stolarnia\" \/>\n<meta property=\"article:modified_time\" content=\"2023-04-19T20:38:41+00:00\" \/>\n<meta property=\"og:image\" content=\"https:\/\/tartak-mrocza.pl\/wp-content\/uploads\/2021\/03\/SDC10594-scaled.jpg\" \/>\n\t<meta property=\"og:image:width\" content=\"2560\" \/>\n\t<meta property=\"og:image:height\" content=\"1920\" \/>\n\t<meta property=\"og:image:type\" content=\"image\/jpeg\" \/>\n<meta name=\"twitter:card\" content=\"summary_large_image\" \/>\n<meta name=\"twitter:label1\" content=\"Est. reading time\" \/>\n\t<meta name=\"twitter:data1\" content=\"4 minutes\" \/>\n<script type=\"application\/ld+json\" class=\"yoast-schema-graph\">{\"@context\":\"https:\/\/schema.org\",\"@graph\":[{\"@type\":\"WebPage\",\"@id\":\"https:\/\/tartak-mrocza.pl\/?page_id=62\",\"url\":\"https:\/\/tartak-mrocza.pl\/?page_id=62\",\"name\":\"Budy dla ps\u00f3w - Tartak - Stolarnia\",\"isPartOf\":{\"@id\":\"https:\/\/tartak-mrocza.pl\/#website\"},\"primaryImageOfPage\":{\"@id\":\"https:\/\/tartak-mrocza.pl\/?page_id=62#primaryimage\"},\"image\":{\"@id\":\"https:\/\/tartak-mrocza.pl\/?page_id=62#primaryimage\"},\"thumbnailUrl\":\"https:\/\/tartak-mrocza.pl\/wp-content\/uploads\/2021\/03\/SDC10594-scaled.jpg\",\"datePublished\":\"2021-02-11T18:29:00+00:00\",\"dateModified\":\"2023-04-19T20:38:41+00:00\",\"breadcrumb\":{\"@id\":\"https:\/\/tartak-mrocza.pl\/?page_id=62#breadcrumb\"},\"inLanguage\":\"en-US\",\"potentialAction\":[{\"@type\":\"ReadAction\",\"target\":[\"https:\/\/tartak-mrocza.pl\/?page_id=62\"]}]},{\"@type\":\"ImageObject\",\"inLanguage\":\"en-US\",\"@id\":\"https:\/\/tartak-mrocza.pl\/?page_id=62#primaryimage\",\"url\":\"https:\/\/tartak-mrocza.pl\/wp-content\/uploads\/2021\/03\/SDC10594-scaled.jpg\",\"contentUrl\":\"https:\/\/tartak-mrocza.pl\/wp-content\/uploads\/2021\/03\/SDC10594-scaled.jpg\",\"width\":2560,\"height\":1920,\"caption\":\"SAMSUNG DIGITAL CAMERA\"},{\"@type\":\"BreadcrumbList\",\"@id\":\"https:\/\/tartak-mrocza.pl\/?page_id=62#breadcrumb\",\"itemListElement\":[{\"@type\":\"ListItem\",\"position\":1,\"name\":\"Strona g\u0142\u00f3wna\",\"item\":\"https:\/\/tartak-mrocza.pl\/\"},{\"@type\":\"ListItem\",\"position\":2,\"name\":\"Budy dla ps\u00f3w\"}]},{\"@type\":\"WebSite\",\"@id\":\"https:\/\/tartak-mrocza.pl\/#website\",\"url\":\"https:\/\/tartak-mrocza.pl\/\",\"name\":\"Tartak-Stolarnia Tomczak\",\"description\":\"Stolarstwo i us\u0142ugi budowlane dla klient\u00f3w indywidualnych z gwarancj\u0105 wykonania pracy oraz czytelnymi i dok\u0142adnymi wycenami.\",\"publisher\":{\"@id\":\"https:\/\/tartak-mrocza.pl\/#organization\"},\"potentialAction\":[{\"@type\":\"SearchAction\",\"target\":{\"@type\":\"EntryPoint\",\"urlTemplate\":\"https:\/\/tartak-mrocza.pl\/?s={search_term_string}\"},\"query-input\":\"required name=search_term_string\"}],\"inLanguage\":\"en-US\"},{\"@type\":\"Organization\",\"@id\":\"https:\/\/tartak-mrocza.pl\/#organization\",\"name\":\"Tartak-Stolarnia Tomczak\",\"url\":\"https:\/\/tartak-mrocza.pl\/\",\"logo\":{\"@type\":\"ImageObject\",\"inLanguage\":\"en-US\",\"@id\":\"https:\/\/tartak-mrocza.pl\/#\/schema\/logo\/image\/\",\"url\":\"https:\/\/tartak-mrocza.pl\/wp-content\/uploads\/2021\/02\/Panorama-listewki-scaled.jpg\",\"contentUrl\":\"https:\/\/tartak-mrocza.pl\/wp-content\/uploads\/2021\/02\/Panorama-listewki-scaled.jpg\",\"width\":2560,\"height\":1497,\"caption\":\"Tartak-Stolarnia Tomczak\"},\"image\":{\"@id\":\"https:\/\/tartak-mrocza.pl\/#\/schema\/logo\/image\/\"}}]}<\/script>\n<!-- \/ Yoast SEO plugin. -->","yoast_head_json":{"title":"Budy dla ps\u00f3w - Tartak - Stolarnia","robots":{"index":"index","follow":"follow","max-snippet":"max-snippet:-1","max-image-preview":"max-image-preview:large","max-video-preview":"max-video-preview:-1"},"canonical":"https:\/\/tartak-mrocza.pl\/?page_id=62","og_locale":"en_US","og_type":"article","og_title":"Budy dla ps\u00f3w - Tartak - Stolarnia","og_description":"Podano ceny brutto, kt\u00f3re nie s\u0105 ofert\u0105 handlow\u0105 a jedynie zaproszeniem do sk\u0142adania zapyta\u0144. BUDY DLA PS\u00d3W Produkujemy budy w siedmiu rozmiarach. Rozmiar nale\u017cy dobra\u0107 w zale\u017cno\u015bci od&nbsp;wysoko\u015bci psa w k\u0142\u0119bie.&nbsp; &nbsp; &nbsp; &nbsp; &nbsp; &nbsp; &nbsp; &nbsp; &nbsp; &nbsp; &nbsp; &nbsp; &nbsp; &nbsp; &nbsp; &nbsp; &nbsp; Jest to wymiar [&hellip;]","og_url":"https:\/\/tartak-mrocza.pl\/?page_id=62","og_site_name":"Tartak - Stolarnia","article_modified_time":"2023-04-19T20:38:41+00:00","og_image":[{"width":2560,"height":1920,"url":"https:\/\/tartak-mrocza.pl\/wp-content\/uploads\/2021\/03\/SDC10594-scaled.jpg","type":"image\/jpeg"}],"twitter_card":"summary_large_image","twitter_misc":{"Est. reading time":"4 minutes"},"schema":{"@context":"https:\/\/schema.org","@graph":[{"@type":"WebPage","@id":"https:\/\/tartak-mrocza.pl\/?page_id=62","url":"https:\/\/tartak-mrocza.pl\/?page_id=62","name":"Budy dla ps\u00f3w - Tartak - Stolarnia","isPartOf":{"@id":"https:\/\/tartak-mrocza.pl\/#website"},"primaryImageOfPage":{"@id":"https:\/\/tartak-mrocza.pl\/?page_id=62#primaryimage"},"image":{"@id":"https:\/\/tartak-mrocza.pl\/?page_id=62#primaryimage"},"thumbnailUrl":"https:\/\/tartak-mrocza.pl\/wp-content\/uploads\/2021\/03\/SDC10594-scaled.jpg","datePublished":"2021-02-11T18:29:00+00:00","dateModified":"2023-04-19T20:38:41+00:00","breadcrumb":{"@id":"https:\/\/tartak-mrocza.pl\/?page_id=62#breadcrumb"},"inLanguage":"en-US","potentialAction":[{"@type":"ReadAction","target":["https:\/\/tartak-mrocza.pl\/?page_id=62"]}]},{"@type":"ImageObject","inLanguage":"en-US","@id":"https:\/\/tartak-mrocza.pl\/?page_id=62#primaryimage","url":"https:\/\/tartak-mrocza.pl\/wp-content\/uploads\/2021\/03\/SDC10594-scaled.jpg","contentUrl":"https:\/\/tartak-mrocza.pl\/wp-content\/uploads\/2021\/03\/SDC10594-scaled.jpg","width":2560,"height":1920,"caption":"SAMSUNG DIGITAL CAMERA"},{"@type":"BreadcrumbList","@id":"https:\/\/tartak-mrocza.pl\/?page_id=62#breadcrumb","itemListElement":[{"@type":"ListItem","position":1,"name":"Strona g\u0142\u00f3wna","item":"https:\/\/tartak-mrocza.pl\/"},{"@type":"ListItem","position":2,"name":"Budy dla ps\u00f3w"}]},{"@type":"WebSite","@id":"https:\/\/tartak-mrocza.pl\/#website","url":"https:\/\/tartak-mrocza.pl\/","name":"Tartak-Stolarnia Tomczak","description":"Stolarstwo i us\u0142ugi budowlane dla klient\u00f3w indywidualnych z gwarancj\u0105 wykonania pracy oraz czytelnymi i dok\u0142adnymi wycenami.","publisher":{"@id":"https:\/\/tartak-mrocza.pl\/#organization"},"potentialAction":[{"@type":"SearchAction","target":{"@type":"EntryPoint","urlTemplate":"https:\/\/tartak-mrocza.pl\/?s={search_term_string}"},"query-input":"required name=search_term_string"}],"inLanguage":"en-US"},{"@type":"Organization","@id":"https:\/\/tartak-mrocza.pl\/#organization","name":"Tartak-Stolarnia Tomczak","url":"https:\/\/tartak-mrocza.pl\/","logo":{"@type":"ImageObject","inLanguage":"en-US","@id":"https:\/\/tartak-mrocza.pl\/#\/schema\/logo\/image\/","url":"https:\/\/tartak-mrocza.pl\/wp-content\/uploads\/2021\/02\/Panorama-listewki-scaled.jpg","contentUrl":"https:\/\/tartak-mrocza.pl\/wp-content\/uploads\/2021\/02\/Panorama-listewki-scaled.jpg","width":2560,"height":1497,"caption":"Tartak-Stolarnia Tomczak"},"image":{"@id":"https:\/\/tartak-mrocza.pl\/#\/schema\/logo\/image\/"}}]}},"_links":{"self":[{"href":"https:\/\/tartak-mrocza.pl\/index.php?rest_route=\/wp\/v2\/pages\/62"}],"collection":[{"href":"https:\/\/tartak-mrocza.pl\/index.php?rest_route=\/wp\/v2\/pages"}],"about":[{"href":"https:\/\/tartak-mrocza.pl\/index.php?rest_route=\/wp\/v2\/types\/page"}],"author":[{"embeddable":true,"href":"https:\/\/tartak-mrocza.pl\/index.php?rest_route=\/wp\/v2\/users\/1"}],"replies":[{"embeddable":true,"href":"https:\/\/tartak-mrocza.pl\/index.php?rest_route=%2Fwp%2Fv2%2Fcomments&post=62"}],"version-history":[{"count":10,"href":"https:\/\/tartak-mrocza.pl\/index.php?rest_route=\/wp\/v2\/pages\/62\/revisions"}],"predecessor-version":[{"id":1034,"href":"https:\/\/tartak-mrocza.pl\/index.php?rest_route=\/wp\/v2\/pages\/62\/revisions\/1034"}],"wp:featuredmedia":[{"embeddable":true,"href":"https:\/\/tartak-mrocza.pl\/index.php?rest_route=\/wp\/v2\/media\/364"}],"wp:attachment":[{"href":"https:\/\/tartak-mrocza.pl\/index.php?rest_route=%2Fwp%2Fv2%2Fmedia&parent=62"}],"curies":[{"name":"wp","href":"https:\/\/api.w.org\/{rel}","templated":true}]}}