{"id":60,"date":"2021-02-11T19:29:00","date_gmt":"2021-02-11T18:29:00","guid":{"rendered":"http:\/\/tartak-mrocza.pl\/?page_id=60"},"modified":"2024-02-27T20:05:21","modified_gmt":"2024-02-27T19:05:21","slug":"meble-i-architektura-ogrodowa","status":"publish","type":"page","link":"https:\/\/tartak-mrocza.pl\/?page_id=60","title":{"rendered":"Meble i architektura ogrodowa"},"content":{"rendered":"\n<h2 class=\"wp-block-heading\"><strong>Kliknij, zobacz:<\/strong><\/h2>\n\n\n\n<div class=\"wp-block-buttons is-layout-flex wp-block-buttons-is-layout-flex\">\n<div class=\"wp-block-button\"><a class=\"wp-block-button__link wp-element-button\" href=\"https:\/\/tartak-mrocza.pl\/?page_id=1088\">\u0141awko st\u00f3\u0142 piknikowy<\/a><\/div>\n<\/div>\n\n\n\n<p><\/p>\n\n\n\n<div class=\"wp-block-buttons is-layout-flex wp-block-buttons-is-layout-flex\">\n<div class=\"wp-block-button\"><a class=\"wp-block-button__link wp-element-button\" href=\"https:\/\/tartak-mrocza.pl\/?page_id=1051\">Hu\u015btawki<\/a><\/div>\n<\/div>\n\n\n\n<p><\/p>\n\n\n\n<div class=\"wp-block-buttons is-layout-flex wp-block-buttons-is-layout-flex\">\n<div class=\"wp-block-button\"><a class=\"wp-block-button__link wp-element-button\" href=\"https:\/\/tartak-mrocza.pl\/?page_id=1145\">Paliki ogrodnicze<\/a><\/div>\n<\/div>\n\n\n\n<p><\/p>\n\n\n\n<div class=\"wp-block-buttons is-layout-flex wp-block-buttons-is-layout-flex\">\n<div class=\"wp-block-button\"><a class=\"wp-block-button__link wp-element-button\" href=\"https:\/\/tartak-mrocza.pl\/?page_id=1089\">P\u0142otki trawnikowe<\/a><\/div>\n<\/div>\n\n\n\n<p><\/p>\n\n\n\n<div class=\"wp-block-buttons is-layout-flex wp-block-buttons-is-layout-flex\">\n<div class=\"wp-block-button\"><a class=\"wp-block-button__link wp-element-button\" href=\"https:\/\/tartak-mrocza.pl\/?page_id=215\">Piaskownice<\/a><\/div>\n<\/div>\n\n\n\n<p><\/p>\n\n\n\n<div class=\"wp-block-buttons is-layout-flex wp-block-buttons-is-layout-flex\">\n<div class=\"wp-block-button\"><a class=\"wp-block-button__link wp-element-button\" href=\"https:\/\/tartak-mrocza.pl\/?page_id=1299\">Meble &#8220;natura&#8221;<\/a><\/div>\n<\/div>\n\n\n\n<p><\/p>\n","protected":false},"excerpt":{"rendered":"<p>Kliknij, zobacz:<\/p>\n","protected":false},"author":1,"featured_media":434,"parent":0,"menu_order":0,"comment_status":"closed","ping_status":"closed","template":"","meta":{"footnotes":""},"yoast_head":"<!-- This site is optimized with the Yoast SEO plugin v23.2 - https:\/\/yoast.com\/wordpress\/plugins\/seo\/ -->\n<title>Meble i architektura ogrodowa - Tartak - Stolarnia<\/title>\n<meta name=\"robots\" content=\"index, follow, max-snippet:-1, max-image-preview:large, max-video-preview:-1\" \/>\n<link rel=\"canonical\" href=\"http:\/\/tartak-mrocza.pl\/?page_id=60\" \/>\n<meta property=\"og:locale\" content=\"en_US\" \/>\n<meta property=\"og:type\" content=\"article\" \/>\n<meta property=\"og:title\" content=\"Meble i architektura ogrodowa - Tartak - Stolarnia\" \/>\n<meta property=\"og:description\" content=\"Kliknij, zobacz:\" \/>\n<meta property=\"og:url\" content=\"http:\/\/tartak-mrocza.pl\/?page_id=60\" \/>\n<meta property=\"og:site_name\" content=\"Tartak - Stolarnia\" \/>\n<meta property=\"article:modified_time\" content=\"2024-02-27T19:05:21+00:00\" \/>\n<meta property=\"og:image\" content=\"http:\/\/tartak-mrocza.pl\/wp-content\/uploads\/2021\/03\/IMG_20200416_110231-tooo-scaled.jpg\" \/>\n\t<meta property=\"og:image:width\" content=\"2560\" \/>\n\t<meta property=\"og:image:height\" content=\"1920\" \/>\n\t<meta property=\"og:image:type\" content=\"image\/jpeg\" \/>\n<meta name=\"twitter:card\" content=\"summary_large_image\" \/>\n<meta name=\"twitter:label1\" content=\"Est. reading time\" \/>\n\t<meta name=\"twitter:data1\" content=\"1 minute\" \/>\n<script type=\"application\/ld+json\" class=\"yoast-schema-graph\">{\"@context\":\"https:\/\/schema.org\",\"@graph\":[{\"@type\":\"WebPage\",\"@id\":\"http:\/\/tartak-mrocza.pl\/?page_id=60\",\"url\":\"http:\/\/tartak-mrocza.pl\/?page_id=60\",\"name\":\"Meble i architektura ogrodowa - Tartak - Stolarnia\",\"isPartOf\":{\"@id\":\"https:\/\/tartak-mrocza.pl\/#website\"},\"primaryImageOfPage\":{\"@id\":\"http:\/\/tartak-mrocza.pl\/?page_id=60#primaryimage\"},\"image\":{\"@id\":\"http:\/\/tartak-mrocza.pl\/?page_id=60#primaryimage\"},\"thumbnailUrl\":\"https:\/\/tartak-mrocza.pl\/wp-content\/uploads\/2021\/03\/IMG_20200416_110231-tooo-scaled.jpg\",\"datePublished\":\"2021-02-11T18:29:00+00:00\",\"dateModified\":\"2024-02-27T19:05:21+00:00\",\"breadcrumb\":{\"@id\":\"http:\/\/tartak-mrocza.pl\/?page_id=60#breadcrumb\"},\"inLanguage\":\"en-US\",\"potentialAction\":[{\"@type\":\"ReadAction\",\"target\":[\"http:\/\/tartak-mrocza.pl\/?page_id=60\"]}]},{\"@type\":\"ImageObject\",\"inLanguage\":\"en-US\",\"@id\":\"http:\/\/tartak-mrocza.pl\/?page_id=60#primaryimage\",\"url\":\"https:\/\/tartak-mrocza.pl\/wp-content\/uploads\/2021\/03\/IMG_20200416_110231-tooo-scaled.jpg\",\"contentUrl\":\"https:\/\/tartak-mrocza.pl\/wp-content\/uploads\/2021\/03\/IMG_20200416_110231-tooo-scaled.jpg\",\"width\":2560,\"height\":1920},{\"@type\":\"BreadcrumbList\",\"@id\":\"http:\/\/tartak-mrocza.pl\/?page_id=60#breadcrumb\",\"itemListElement\":[{\"@type\":\"ListItem\",\"position\":1,\"name\":\"Strona g\u0142\u00f3wna\",\"item\":\"https:\/\/tartak-mrocza.pl\/\"},{\"@type\":\"ListItem\",\"position\":2,\"name\":\"Meble i architektura ogrodowa\"}]},{\"@type\":\"WebSite\",\"@id\":\"https:\/\/tartak-mrocza.pl\/#website\",\"url\":\"https:\/\/tartak-mrocza.pl\/\",\"name\":\"Tartak-Stolarnia Tomczak\",\"description\":\"Stolarstwo i us\u0142ugi budowlane dla klient\u00f3w indywidualnych z gwarancj\u0105 wykonania pracy oraz czytelnymi i dok\u0142adnymi wycenami.\",\"publisher\":{\"@id\":\"https:\/\/tartak-mrocza.pl\/#organization\"},\"potentialAction\":[{\"@type\":\"SearchAction\",\"target\":{\"@type\":\"EntryPoint\",\"urlTemplate\":\"https:\/\/tartak-mrocza.pl\/?s={search_term_string}\"},\"query-input\":\"required name=search_term_string\"}],\"inLanguage\":\"en-US\"},{\"@type\":\"Organization\",\"@id\":\"https:\/\/tartak-mrocza.pl\/#organization\",\"name\":\"Tartak-Stolarnia Tomczak\",\"url\":\"https:\/\/tartak-mrocza.pl\/\",\"logo\":{\"@type\":\"ImageObject\",\"inLanguage\":\"en-US\",\"@id\":\"https:\/\/tartak-mrocza.pl\/#\/schema\/logo\/image\/\",\"url\":\"https:\/\/tartak-mrocza.pl\/wp-content\/uploads\/2021\/02\/Panorama-listewki-scaled.jpg\",\"contentUrl\":\"https:\/\/tartak-mrocza.pl\/wp-content\/uploads\/2021\/02\/Panorama-listewki-scaled.jpg\",\"width\":2560,\"height\":1497,\"caption\":\"Tartak-Stolarnia Tomczak\"},\"image\":{\"@id\":\"https:\/\/tartak-mrocza.pl\/#\/schema\/logo\/image\/\"}}]}<\/script>\n<!-- \/ Yoast SEO plugin. -->","yoast_head_json":{"title":"Meble i architektura ogrodowa - Tartak - Stolarnia","robots":{"index":"index","follow":"follow","max-snippet":"max-snippet:-1","max-image-preview":"max-image-preview:large","max-video-preview":"max-video-preview:-1"},"canonical":"http:\/\/tartak-mrocza.pl\/?page_id=60","og_locale":"en_US","og_type":"article","og_title":"Meble i architektura ogrodowa - Tartak - Stolarnia","og_description":"Kliknij, zobacz:","og_url":"http:\/\/tartak-mrocza.pl\/?page_id=60","og_site_name":"Tartak - Stolarnia","article_modified_time":"2024-02-27T19:05:21+00:00","og_image":[{"width":2560,"height":1920,"url":"http:\/\/tartak-mrocza.pl\/wp-content\/uploads\/2021\/03\/IMG_20200416_110231-tooo-scaled.jpg","type":"image\/jpeg"}],"twitter_card":"summary_large_image","twitter_misc":{"Est. reading time":"1 minute"},"schema":{"@context":"https:\/\/schema.org","@graph":[{"@type":"WebPage","@id":"http:\/\/tartak-mrocza.pl\/?page_id=60","url":"http:\/\/tartak-mrocza.pl\/?page_id=60","name":"Meble i architektura ogrodowa - Tartak - Stolarnia","isPartOf":{"@id":"https:\/\/tartak-mrocza.pl\/#website"},"primaryImageOfPage":{"@id":"http:\/\/tartak-mrocza.pl\/?page_id=60#primaryimage"},"image":{"@id":"http:\/\/tartak-mrocza.pl\/?page_id=60#primaryimage"},"thumbnailUrl":"https:\/\/tartak-mrocza.pl\/wp-content\/uploads\/2021\/03\/IMG_20200416_110231-tooo-scaled.jpg","datePublished":"2021-02-11T18:29:00+00:00","dateModified":"2024-02-27T19:05:21+00:00","breadcrumb":{"@id":"http:\/\/tartak-mrocza.pl\/?page_id=60#breadcrumb"},"inLanguage":"en-US","potentialAction":[{"@type":"ReadAction","target":["http:\/\/tartak-mrocza.pl\/?page_id=60"]}]},{"@type":"ImageObject","inLanguage":"en-US","@id":"http:\/\/tartak-mrocza.pl\/?page_id=60#primaryimage","url":"https:\/\/tartak-mrocza.pl\/wp-content\/uploads\/2021\/03\/IMG_20200416_110231-tooo-scaled.jpg","contentUrl":"https:\/\/tartak-mrocza.pl\/wp-content\/uploads\/2021\/03\/IMG_20200416_110231-tooo-scaled.jpg","width":2560,"height":1920},{"@type":"BreadcrumbList","@id":"http:\/\/tartak-mrocza.pl\/?page_id=60#breadcrumb","itemListElement":[{"@type":"ListItem","position":1,"name":"Strona g\u0142\u00f3wna","item":"https:\/\/tartak-mrocza.pl\/"},{"@type":"ListItem","position":2,"name":"Meble i architektura ogrodowa"}]},{"@type":"WebSite","@id":"https:\/\/tartak-mrocza.pl\/#website","url":"https:\/\/tartak-mrocza.pl\/","name":"Tartak-Stolarnia Tomczak","description":"Stolarstwo i us\u0142ugi budowlane dla klient\u00f3w indywidualnych z gwarancj\u0105 wykonania pracy oraz czytelnymi i dok\u0142adnymi wycenami.","publisher":{"@id":"https:\/\/tartak-mrocza.pl\/#organization"},"potentialAction":[{"@type":"SearchAction","target":{"@type":"EntryPoint","urlTemplate":"https:\/\/tartak-mrocza.pl\/?s={search_term_string}"},"query-input":"required name=search_term_string"}],"inLanguage":"en-US"},{"@type":"Organization","@id":"https:\/\/tartak-mrocza.pl\/#organization","name":"Tartak-Stolarnia Tomczak","url":"https:\/\/tartak-mrocza.pl\/","logo":{"@type":"ImageObject","inLanguage":"en-US","@id":"https:\/\/tartak-mrocza.pl\/#\/schema\/logo\/image\/","url":"https:\/\/tartak-mrocza.pl\/wp-content\/uploads\/2021\/02\/Panorama-listewki-scaled.jpg","contentUrl":"https:\/\/tartak-mrocza.pl\/wp-content\/uploads\/2021\/02\/Panorama-listewki-scaled.jpg","width":2560,"height":1497,"caption":"Tartak-Stolarnia Tomczak"},"image":{"@id":"https:\/\/tartak-mrocza.pl\/#\/schema\/logo\/image\/"}}]}},"_links":{"self":[{"href":"https:\/\/tartak-mrocza.pl\/index.php?rest_route=\/wp\/v2\/pages\/60"}],"collection":[{"href":"https:\/\/tartak-mrocza.pl\/index.php?rest_route=\/wp\/v2\/pages"}],"about":[{"href":"https:\/\/tartak-mrocza.pl\/index.php?rest_route=\/wp\/v2\/types\/page"}],"author":[{"embeddable":true,"href":"https:\/\/tartak-mrocza.pl\/index.php?rest_route=\/wp\/v2\/users\/1"}],"replies":[{"embeddable":true,"href":"https:\/\/tartak-mrocza.pl\/index.php?rest_route=%2Fwp%2Fv2%2Fcomments&post=60"}],"version-history":[{"count":49,"href":"https:\/\/tartak-mrocza.pl\/index.php?rest_route=\/wp\/v2\/pages\/60\/revisions"}],"predecessor-version":[{"id":1316,"href":"https:\/\/tartak-mrocza.pl\/index.php?rest_route=\/wp\/v2\/pages\/60\/revisions\/1316"}],"wp:featuredmedia":[{"embeddable":true,"href":"https:\/\/tartak-mrocza.pl\/index.php?rest_route=\/wp\/v2\/media\/434"}],"wp:attachment":[{"href":"https:\/\/tartak-mrocza.pl\/index.php?rest_route=%2Fwp%2Fv2%2Fmedia&parent=60"}],"curies":[{"name":"wp","href":"https:\/\/api.w.org\/{rel}","templated":true}]}}