{"id":58,"date":"2021-02-11T19:29:00","date_gmt":"2021-02-11T18:29:00","guid":{"rendered":"http:\/\/tartak-mrocza.pl\/?page_id=58"},"modified":"2025-05-26T17:37:43","modified_gmt":"2025-05-26T15:37:43","slug":"tarcica-topolowa","status":"publish","type":"page","link":"https:\/\/tartak-mrocza.pl\/?page_id=58","title":{"rendered":"Tarcica topolowa"},"content":{"rendered":"\n<p class=\"has-text-align-left\">Podano ceny brutto, kt\u00f3re nie s\u0105 ofert\u0105 handlow\u0105 a jedynie zaproszeniem do sk\u0142adania zapyta\u0144.<\/p>\n\n\n\n<p>Posiadamy niewielkie ilo\u015bci na wyprzeda\u017cy, poni\u017cej 1m<sup>3<\/sup>.<\/p>\n\n\n\n<h2 class=\"wp-block-heading\">DESKI<\/h2>\n\n\n\n<figure class=\"wp-block-table is-style-stripes\"><table><tbody><tr><td><strong>DESKI  O GRUBO\u015aCI<\/strong><\/td><td><strong>KLASA<\/strong> <strong>II<\/strong><\/td><td><strong>KLASA I<\/strong><\/td><\/tr><tr><td><strong>&nbsp;40 mm<\/strong><\/td><td>1300 z\u0142\/m<sup>3<\/sup><\/td><td>1800z\u0142 \/m<sup>3<\/sup><\/td><\/tr><\/tbody><\/table><\/figure>\n\n\n\n<figure class=\"wp-block-image size-large\"><img loading=\"lazy\" decoding=\"async\" width=\"1024\" height=\"682\" src=\"http:\/\/tartak-mrocza.pl\/wp-content\/uploads\/2021\/02\/tarcica-topolowa-obrzynana-1024x682.jpg\" alt=\"\" class=\"wp-image-278\" srcset=\"https:\/\/tartak-mrocza.pl\/wp-content\/uploads\/2021\/02\/tarcica-topolowa-obrzynana-1024x682.jpg 1024w, https:\/\/tartak-mrocza.pl\/wp-content\/uploads\/2021\/02\/tarcica-topolowa-obrzynana-300x200.jpg 300w, https:\/\/tartak-mrocza.pl\/wp-content\/uploads\/2021\/02\/tarcica-topolowa-obrzynana-768x511.jpg 768w, https:\/\/tartak-mrocza.pl\/wp-content\/uploads\/2021\/02\/tarcica-topolowa-obrzynana-1536x1023.jpg 1536w, https:\/\/tartak-mrocza.pl\/wp-content\/uploads\/2021\/02\/tarcica-topolowa-obrzynana-2048x1364.jpg 2048w, https:\/\/tartak-mrocza.pl\/wp-content\/uploads\/2021\/02\/tarcica-topolowa-obrzynana-360x240.jpg 360w\" sizes=\"(max-width: 1024px) 100vw, 1024px\" \/><figcaption class=\"wp-element-caption\">Tarcica topolowa obrzynana<\/figcaption><\/figure>\n\n\n\n<figure class=\"wp-block-image size-large\"><img loading=\"lazy\" decoding=\"async\" width=\"1024\" height=\"768\" src=\"http:\/\/tartak-mrocza.pl\/wp-content\/uploads\/2021\/02\/tarcica-topolowa-nie-obrzynana-1024x768.jpg\" alt=\"\" class=\"wp-image-277\" srcset=\"https:\/\/tartak-mrocza.pl\/wp-content\/uploads\/2021\/02\/tarcica-topolowa-nie-obrzynana-1024x768.jpg 1024w, https:\/\/tartak-mrocza.pl\/wp-content\/uploads\/2021\/02\/tarcica-topolowa-nie-obrzynana-300x225.jpg 300w, https:\/\/tartak-mrocza.pl\/wp-content\/uploads\/2021\/02\/tarcica-topolowa-nie-obrzynana-768x576.jpg 768w, https:\/\/tartak-mrocza.pl\/wp-content\/uploads\/2021\/02\/tarcica-topolowa-nie-obrzynana-1536x1152.jpg 1536w, https:\/\/tartak-mrocza.pl\/wp-content\/uploads\/2021\/02\/tarcica-topolowa-nie-obrzynana-2048x1536.jpg 2048w\" sizes=\"(max-width: 1024px) 100vw, 1024px\" \/><figcaption class=\"wp-element-caption\">Tarcica topolowa nieobrzynana (kszta\u0142t naturalny)<\/figcaption><\/figure>\n","protected":false},"excerpt":{"rendered":"<p>Podano ceny brutto, kt\u00f3re nie s\u0105 ofert\u0105 handlow\u0105 a jedynie zaproszeniem do sk\u0142adania zapyta\u0144. Posiadamy niewielkie ilo\u015bci na wyprzeda\u017cy, poni\u017cej 1m3. DESKI DESKI O GRUBO\u015aCI KLASA II KLASA I &nbsp;40 mm 1300 z\u0142\/m3 1800z\u0142 \/m3<\/p>\n","protected":false},"author":1,"featured_media":265,"parent":0,"menu_order":0,"comment_status":"closed","ping_status":"closed","template":"","meta":{"footnotes":""},"yoast_head":"<!-- This site is optimized with the Yoast SEO plugin v23.2 - https:\/\/yoast.com\/wordpress\/plugins\/seo\/ -->\n<title>Tarcica topolowa - Tartak - Stolarnia<\/title>\n<meta name=\"robots\" content=\"index, follow, max-snippet:-1, max-image-preview:large, max-video-preview:-1\" \/>\n<link rel=\"canonical\" href=\"https:\/\/tartak-mrocza.pl\/?page_id=58\" \/>\n<meta property=\"og:locale\" content=\"en_US\" \/>\n<meta property=\"og:type\" content=\"article\" \/>\n<meta property=\"og:title\" content=\"Tarcica topolowa - Tartak - Stolarnia\" \/>\n<meta property=\"og:description\" content=\"Podano ceny brutto, kt\u00f3re nie s\u0105 ofert\u0105 handlow\u0105 a jedynie zaproszeniem do sk\u0142adania zapyta\u0144. Posiadamy niewielkie ilo\u015bci na wyprzeda\u017cy, poni\u017cej 1m3. DESKI DESKI O GRUBO\u015aCI KLASA II KLASA I &nbsp;40 mm 1300 z\u0142\/m3 1800z\u0142 \/m3\" \/>\n<meta property=\"og:url\" content=\"https:\/\/tartak-mrocza.pl\/?page_id=58\" \/>\n<meta property=\"og:site_name\" content=\"Tartak - Stolarnia\" \/>\n<meta property=\"article:modified_time\" content=\"2025-05-26T15:37:43+00:00\" \/>\n<meta property=\"og:image\" content=\"https:\/\/tartak-mrocza.pl\/wp-content\/uploads\/2021\/02\/SDC13573-scaled.jpg\" \/>\n\t<meta property=\"og:image:width\" content=\"2560\" \/>\n\t<meta property=\"og:image:height\" content=\"1920\" \/>\n\t<meta property=\"og:image:type\" content=\"image\/jpeg\" \/>\n<meta name=\"twitter:card\" content=\"summary_large_image\" \/>\n<meta name=\"twitter:label1\" content=\"Est. reading time\" \/>\n\t<meta name=\"twitter:data1\" content=\"1 minute\" \/>\n<script type=\"application\/ld+json\" class=\"yoast-schema-graph\">{\"@context\":\"https:\/\/schema.org\",\"@graph\":[{\"@type\":\"WebPage\",\"@id\":\"https:\/\/tartak-mrocza.pl\/?page_id=58\",\"url\":\"https:\/\/tartak-mrocza.pl\/?page_id=58\",\"name\":\"Tarcica topolowa - Tartak - Stolarnia\",\"isPartOf\":{\"@id\":\"https:\/\/tartak-mrocza.pl\/#website\"},\"primaryImageOfPage\":{\"@id\":\"https:\/\/tartak-mrocza.pl\/?page_id=58#primaryimage\"},\"image\":{\"@id\":\"https:\/\/tartak-mrocza.pl\/?page_id=58#primaryimage\"},\"thumbnailUrl\":\"https:\/\/tartak-mrocza.pl\/wp-content\/uploads\/2021\/02\/SDC13573-scaled.jpg\",\"datePublished\":\"2021-02-11T18:29:00+00:00\",\"dateModified\":\"2025-05-26T15:37:43+00:00\",\"breadcrumb\":{\"@id\":\"https:\/\/tartak-mrocza.pl\/?page_id=58#breadcrumb\"},\"inLanguage\":\"en-US\",\"potentialAction\":[{\"@type\":\"ReadAction\",\"target\":[\"https:\/\/tartak-mrocza.pl\/?page_id=58\"]}]},{\"@type\":\"ImageObject\",\"inLanguage\":\"en-US\",\"@id\":\"https:\/\/tartak-mrocza.pl\/?page_id=58#primaryimage\",\"url\":\"https:\/\/tartak-mrocza.pl\/wp-content\/uploads\/2021\/02\/SDC13573-scaled.jpg\",\"contentUrl\":\"https:\/\/tartak-mrocza.pl\/wp-content\/uploads\/2021\/02\/SDC13573-scaled.jpg\",\"width\":2560,\"height\":1920,\"caption\":\"SAMSUNG DIGITAL CAMERA\"},{\"@type\":\"BreadcrumbList\",\"@id\":\"https:\/\/tartak-mrocza.pl\/?page_id=58#breadcrumb\",\"itemListElement\":[{\"@type\":\"ListItem\",\"position\":1,\"name\":\"Strona g\u0142\u00f3wna\",\"item\":\"https:\/\/tartak-mrocza.pl\/\"},{\"@type\":\"ListItem\",\"position\":2,\"name\":\"Tarcica topolowa\"}]},{\"@type\":\"WebSite\",\"@id\":\"https:\/\/tartak-mrocza.pl\/#website\",\"url\":\"https:\/\/tartak-mrocza.pl\/\",\"name\":\"Tartak-Stolarnia Tomczak\",\"description\":\"Stolarstwo i us\u0142ugi budowlane dla klient\u00f3w indywidualnych z gwarancj\u0105 wykonania pracy oraz czytelnymi i dok\u0142adnymi wycenami.\",\"publisher\":{\"@id\":\"https:\/\/tartak-mrocza.pl\/#organization\"},\"potentialAction\":[{\"@type\":\"SearchAction\",\"target\":{\"@type\":\"EntryPoint\",\"urlTemplate\":\"https:\/\/tartak-mrocza.pl\/?s={search_term_string}\"},\"query-input\":\"required name=search_term_string\"}],\"inLanguage\":\"en-US\"},{\"@type\":\"Organization\",\"@id\":\"https:\/\/tartak-mrocza.pl\/#organization\",\"name\":\"Tartak-Stolarnia Tomczak\",\"url\":\"https:\/\/tartak-mrocza.pl\/\",\"logo\":{\"@type\":\"ImageObject\",\"inLanguage\":\"en-US\",\"@id\":\"https:\/\/tartak-mrocza.pl\/#\/schema\/logo\/image\/\",\"url\":\"https:\/\/tartak-mrocza.pl\/wp-content\/uploads\/2021\/02\/Panorama-listewki-scaled.jpg\",\"contentUrl\":\"https:\/\/tartak-mrocza.pl\/wp-content\/uploads\/2021\/02\/Panorama-listewki-scaled.jpg\",\"width\":2560,\"height\":1497,\"caption\":\"Tartak-Stolarnia Tomczak\"},\"image\":{\"@id\":\"https:\/\/tartak-mrocza.pl\/#\/schema\/logo\/image\/\"}}]}<\/script>\n<!-- \/ Yoast SEO plugin. -->","yoast_head_json":{"title":"Tarcica topolowa - Tartak - Stolarnia","robots":{"index":"index","follow":"follow","max-snippet":"max-snippet:-1","max-image-preview":"max-image-preview:large","max-video-preview":"max-video-preview:-1"},"canonical":"https:\/\/tartak-mrocza.pl\/?page_id=58","og_locale":"en_US","og_type":"article","og_title":"Tarcica topolowa - Tartak - Stolarnia","og_description":"Podano ceny brutto, kt\u00f3re nie s\u0105 ofert\u0105 handlow\u0105 a jedynie zaproszeniem do sk\u0142adania zapyta\u0144. Posiadamy niewielkie ilo\u015bci na wyprzeda\u017cy, poni\u017cej 1m3. DESKI DESKI O GRUBO\u015aCI KLASA II KLASA I &nbsp;40 mm 1300 z\u0142\/m3 1800z\u0142 \/m3","og_url":"https:\/\/tartak-mrocza.pl\/?page_id=58","og_site_name":"Tartak - Stolarnia","article_modified_time":"2025-05-26T15:37:43+00:00","og_image":[{"width":2560,"height":1920,"url":"https:\/\/tartak-mrocza.pl\/wp-content\/uploads\/2021\/02\/SDC13573-scaled.jpg","type":"image\/jpeg"}],"twitter_card":"summary_large_image","twitter_misc":{"Est. reading time":"1 minute"},"schema":{"@context":"https:\/\/schema.org","@graph":[{"@type":"WebPage","@id":"https:\/\/tartak-mrocza.pl\/?page_id=58","url":"https:\/\/tartak-mrocza.pl\/?page_id=58","name":"Tarcica topolowa - Tartak - Stolarnia","isPartOf":{"@id":"https:\/\/tartak-mrocza.pl\/#website"},"primaryImageOfPage":{"@id":"https:\/\/tartak-mrocza.pl\/?page_id=58#primaryimage"},"image":{"@id":"https:\/\/tartak-mrocza.pl\/?page_id=58#primaryimage"},"thumbnailUrl":"https:\/\/tartak-mrocza.pl\/wp-content\/uploads\/2021\/02\/SDC13573-scaled.jpg","datePublished":"2021-02-11T18:29:00+00:00","dateModified":"2025-05-26T15:37:43+00:00","breadcrumb":{"@id":"https:\/\/tartak-mrocza.pl\/?page_id=58#breadcrumb"},"inLanguage":"en-US","potentialAction":[{"@type":"ReadAction","target":["https:\/\/tartak-mrocza.pl\/?page_id=58"]}]},{"@type":"ImageObject","inLanguage":"en-US","@id":"https:\/\/tartak-mrocza.pl\/?page_id=58#primaryimage","url":"https:\/\/tartak-mrocza.pl\/wp-content\/uploads\/2021\/02\/SDC13573-scaled.jpg","contentUrl":"https:\/\/tartak-mrocza.pl\/wp-content\/uploads\/2021\/02\/SDC13573-scaled.jpg","width":2560,"height":1920,"caption":"SAMSUNG DIGITAL CAMERA"},{"@type":"BreadcrumbList","@id":"https:\/\/tartak-mrocza.pl\/?page_id=58#breadcrumb","itemListElement":[{"@type":"ListItem","position":1,"name":"Strona g\u0142\u00f3wna","item":"https:\/\/tartak-mrocza.pl\/"},{"@type":"ListItem","position":2,"name":"Tarcica topolowa"}]},{"@type":"WebSite","@id":"https:\/\/tartak-mrocza.pl\/#website","url":"https:\/\/tartak-mrocza.pl\/","name":"Tartak-Stolarnia Tomczak","description":"Stolarstwo i us\u0142ugi budowlane dla klient\u00f3w indywidualnych z gwarancj\u0105 wykonania pracy oraz czytelnymi i dok\u0142adnymi wycenami.","publisher":{"@id":"https:\/\/tartak-mrocza.pl\/#organization"},"potentialAction":[{"@type":"SearchAction","target":{"@type":"EntryPoint","urlTemplate":"https:\/\/tartak-mrocza.pl\/?s={search_term_string}"},"query-input":"required name=search_term_string"}],"inLanguage":"en-US"},{"@type":"Organization","@id":"https:\/\/tartak-mrocza.pl\/#organization","name":"Tartak-Stolarnia Tomczak","url":"https:\/\/tartak-mrocza.pl\/","logo":{"@type":"ImageObject","inLanguage":"en-US","@id":"https:\/\/tartak-mrocza.pl\/#\/schema\/logo\/image\/","url":"https:\/\/tartak-mrocza.pl\/wp-content\/uploads\/2021\/02\/Panorama-listewki-scaled.jpg","contentUrl":"https:\/\/tartak-mrocza.pl\/wp-content\/uploads\/2021\/02\/Panorama-listewki-scaled.jpg","width":2560,"height":1497,"caption":"Tartak-Stolarnia Tomczak"},"image":{"@id":"https:\/\/tartak-mrocza.pl\/#\/schema\/logo\/image\/"}}]}},"_links":{"self":[{"href":"https:\/\/tartak-mrocza.pl\/index.php?rest_route=\/wp\/v2\/pages\/58"}],"collection":[{"href":"https:\/\/tartak-mrocza.pl\/index.php?rest_route=\/wp\/v2\/pages"}],"about":[{"href":"https:\/\/tartak-mrocza.pl\/index.php?rest_route=\/wp\/v2\/types\/page"}],"author":[{"embeddable":true,"href":"https:\/\/tartak-mrocza.pl\/index.php?rest_route=\/wp\/v2\/users\/1"}],"replies":[{"embeddable":true,"href":"https:\/\/tartak-mrocza.pl\/index.php?rest_route=%2Fwp%2Fv2%2Fcomments&post=58"}],"version-history":[{"count":17,"href":"https:\/\/tartak-mrocza.pl\/index.php?rest_route=\/wp\/v2\/pages\/58\/revisions"}],"predecessor-version":[{"id":1474,"href":"https:\/\/tartak-mrocza.pl\/index.php?rest_route=\/wp\/v2\/pages\/58\/revisions\/1474"}],"wp:featuredmedia":[{"embeddable":true,"href":"https:\/\/tartak-mrocza.pl\/index.php?rest_route=\/wp\/v2\/media\/265"}],"wp:attachment":[{"href":"https:\/\/tartak-mrocza.pl\/index.php?rest_route=%2Fwp%2Fv2%2Fmedia&parent=58"}],"curies":[{"name":"wp","href":"https:\/\/api.w.org\/{rel}","templated":true}]}}