{"id":43,"date":"2021-02-11T19:24:59","date_gmt":"2021-02-11T18:24:59","guid":{"rendered":"http:\/\/tartak-mrocza.pl\/?page_id=43"},"modified":"2023-03-15T23:20:13","modified_gmt":"2023-03-15T22:20:13","slug":"uslugi","status":"publish","type":"page","link":"https:\/\/tartak-mrocza.pl\/?page_id=43","title":{"rendered":"Us\u0142ugi"},"content":{"rendered":"\n<p style=\"font-size:23px\">Posiadam <strong>obrabiarki <\/strong>pozwalaj\u0105ce wykona\u0107 prawie wszystkie rodzaje obr\u00f3bki drewna:<\/p>\n\n\n\n<p><strong>Trak ta\u015bmowy&nbsp;<\/strong>\u2013 \u015brednica ci\u0119tego drewna do 130 cm (mo\u017cliwo\u015bci najwi\u0119ksze w okolicy), d\u0142ugo\u015b\u0107 k\u0142ody 650 cm i maksymalna masa do 3500 kg.<\/p>\n\n\n\n<p><strong>Trak ramowy<\/strong>&nbsp;\u2013 \u015brednica drewna do 50 cm, d\u0142ugo\u015b\u0107 1300 cm (13 m).<\/p>\n\n\n\n<p><strong>Obrzynarka dwustronna&nbsp;<\/strong>\u2013 szeroko\u015b\u0107 obrzynania od 3,8 do 52 cm, grubo\u015b\u0107 5 cm, <br>d\u0142ugo\u015b\u0107 600 cm.<\/p>\n\n\n\n<p><strong>Pilarka tarczowa uniwersalna<\/strong>&nbsp;\u2013 ci\u0119cie wzd\u0142u\u017cne, poprzeczne, uko\u015bne tarcicy i tworzyw drzewnych.<\/p>\n\n\n\n<p><strong>Strugarka wyr\u00f3wniarka<\/strong>&nbsp;\u2013 bazowanie i wyr\u00f3wnywanie krzywych p\u0142aszczyzn tarcicy do szeroko\u015bci 50 cm.<\/p>\n\n\n\n<p><strong>Strugarka grubo\u015bciowa<\/strong>&nbsp;\u2013 Struganie do grubo\u015bci 20 cm i szeroko\u015bci 34 cm.<\/p>\n\n\n\n<p><strong>Tokarka<\/strong> &#8211;&nbsp;&nbsp;toczenie do \u015brednicy 30 cm i d\u0142ugo\u015bci 140 cm.<\/p>\n\n\n\n<p><strong>Szlifierka ta\u015bmowa i tarczowa<\/strong>&nbsp;\u2013 szlifowanie wyg\u0142adzaj\u0105ce i wyr\u00f3wnuj\u0105ce.<\/p>\n\n\n\n<p><strong>Wyrzynarka stolikowa<\/strong>&nbsp;\u2013 ci\u0119cie krzywoliniowe drobnych element\u00f3w.<\/p>\n\n\n\n<p><strong>Pilarka ta\u015bmowa stolarska<\/strong>&nbsp;\u2013 ci\u0119cie krzywoliniowe, wycinanie skomplikowanych kszta\u0142t\u00f3w. &nbsp;<\/p>\n\n\n\n<p><strong>Wiertarki<\/strong>&nbsp;\u2013 mo\u017cliwo\u015b\u0107 wykonania otwor\u00f3w do \u015brednicy 80 mm i flek\u00f3w (ko\u0142ki \u2013 zatyczki do zaprawiania s\u0119k\u00f3w ) do \u015brednicy 40 mm.<\/p>\n\n\n\n<p>I <strong>wiele<\/strong> innych prac.<\/p>\n\n\n\n<h2 class=\"has-text-align-center wp-block-heading\">REKORDOWA K\u0141ODA<\/h2>\n\n\n\n<h4 class=\"has-text-align-center wp-block-heading\">K\u0142oda o mi\u0105\u017cszo\u015bci oko\u0142o 4 m3 i masie oko\u0142o 3800 kg poci\u0119ta bez problem\u00f3w. Niewielu da\u0142oby rad\u0119.<\/h4>\n\n\n\n<figure class=\"wp-block-image size-large\"><img loading=\"lazy\" decoding=\"async\" width=\"1024\" height=\"768\" src=\"http:\/\/tartak-mrocza.pl\/wp-content\/uploads\/2021\/02\/nieczesto-tne-takie-sztuki-1024x768.jpg\" alt=\"\" class=\"wp-image-203\" srcset=\"https:\/\/tartak-mrocza.pl\/wp-content\/uploads\/2021\/02\/nieczesto-tne-takie-sztuki-1024x768.jpg 1024w, https:\/\/tartak-mrocza.pl\/wp-content\/uploads\/2021\/02\/nieczesto-tne-takie-sztuki-300x225.jpg 300w, https:\/\/tartak-mrocza.pl\/wp-content\/uploads\/2021\/02\/nieczesto-tne-takie-sztuki-768x576.jpg 768w, https:\/\/tartak-mrocza.pl\/wp-content\/uploads\/2021\/02\/nieczesto-tne-takie-sztuki-1536x1152.jpg 1536w, https:\/\/tartak-mrocza.pl\/wp-content\/uploads\/2021\/02\/nieczesto-tne-takie-sztuki-2048x1536.jpg 2048w\" sizes=\"(max-width: 1024px) 100vw, 1024px\" \/><figcaption class=\"wp-element-caption\">Niecz\u0119sto tn\u0119 takie sztuki<\/figcaption><\/figure>\n\n\n<div class=\"wp-block-image\">\n<figure class=\"aligncenter size-large\"><img loading=\"lazy\" decoding=\"async\" width=\"1024\" height=\"768\" src=\"http:\/\/tartak-mrocza.pl\/wp-content\/uploads\/2021\/02\/Rekordowa-kloda-przecieta-1024x768.jpg\" alt=\"\" class=\"wp-image-206\" srcset=\"https:\/\/tartak-mrocza.pl\/wp-content\/uploads\/2021\/02\/Rekordowa-kloda-przecieta-1024x768.jpg 1024w, https:\/\/tartak-mrocza.pl\/wp-content\/uploads\/2021\/02\/Rekordowa-kloda-przecieta-300x225.jpg 300w, https:\/\/tartak-mrocza.pl\/wp-content\/uploads\/2021\/02\/Rekordowa-kloda-przecieta-768x576.jpg 768w, https:\/\/tartak-mrocza.pl\/wp-content\/uploads\/2021\/02\/Rekordowa-kloda-przecieta-1536x1152.jpg 1536w, https:\/\/tartak-mrocza.pl\/wp-content\/uploads\/2021\/02\/Rekordowa-kloda-przecieta-2048x1536.jpg 2048w\" sizes=\"(max-width: 1024px) 100vw, 1024px\" \/><figcaption class=\"wp-element-caption\">Rekordowa k\u0142oda przeci\u0119ta<\/figcaption><\/figure><\/div>","protected":false},"excerpt":{"rendered":"<p>Posiadam obrabiarki pozwalaj\u0105ce wykona\u0107 prawie wszystkie rodzaje obr\u00f3bki drewna: Trak ta\u015bmowy&nbsp;\u2013 \u015brednica ci\u0119tego drewna do 130 cm (mo\u017cliwo\u015bci najwi\u0119ksze w okolicy), d\u0142ugo\u015b\u0107 k\u0142ody 650 cm i maksymalna masa do 3500 kg. Trak ramowy&nbsp;\u2013 \u015brednica drewna do 50 cm, d\u0142ugo\u015b\u0107 1300 cm (13 m). Obrzynarka dwustronna&nbsp;\u2013 szeroko\u015b\u0107 obrzynania od 3,8 do [&hellip;]<\/p>\n","protected":false},"author":1,"featured_media":869,"parent":0,"menu_order":0,"comment_status":"closed","ping_status":"closed","template":"","meta":{"footnotes":""},"yoast_head":"<!-- This site is optimized with the Yoast SEO plugin v23.2 - https:\/\/yoast.com\/wordpress\/plugins\/seo\/ -->\n<title>Us\u0142ugi - Tartak - Stolarnia<\/title>\n<meta name=\"robots\" content=\"index, follow, max-snippet:-1, max-image-preview:large, max-video-preview:-1\" \/>\n<link rel=\"canonical\" href=\"https:\/\/tartak-mrocza.pl\/?page_id=43\" \/>\n<meta property=\"og:locale\" content=\"en_US\" \/>\n<meta property=\"og:type\" content=\"article\" \/>\n<meta property=\"og:title\" content=\"Us\u0142ugi - Tartak - Stolarnia\" \/>\n<meta property=\"og:description\" content=\"Posiadam obrabiarki pozwalaj\u0105ce wykona\u0107 prawie wszystkie rodzaje obr\u00f3bki drewna: Trak ta\u015bmowy&nbsp;\u2013 \u015brednica ci\u0119tego drewna do 130 cm (mo\u017cliwo\u015bci najwi\u0119ksze w okolicy), d\u0142ugo\u015b\u0107 k\u0142ody 650 cm i maksymalna masa do 3500 kg. Trak ramowy&nbsp;\u2013 \u015brednica drewna do 50 cm, d\u0142ugo\u015b\u0107 1300 cm (13 m). Obrzynarka dwustronna&nbsp;\u2013 szeroko\u015b\u0107 obrzynania od 3,8 do [&hellip;]\" \/>\n<meta property=\"og:url\" content=\"https:\/\/tartak-mrocza.pl\/?page_id=43\" \/>\n<meta property=\"og:site_name\" content=\"Tartak - Stolarnia\" \/>\n<meta property=\"article:modified_time\" content=\"2023-03-15T22:20:13+00:00\" \/>\n<meta property=\"og:image\" content=\"https:\/\/tartak-mrocza.pl\/wp-content\/uploads\/2023\/03\/IMG_1818-scaled-e1678918803378.jpg\" \/>\n\t<meta property=\"og:image:width\" content=\"2560\" \/>\n\t<meta property=\"og:image:height\" content=\"1382\" \/>\n\t<meta property=\"og:image:type\" content=\"image\/jpeg\" \/>\n<meta name=\"twitter:card\" content=\"summary_large_image\" \/>\n<meta name=\"twitter:label1\" content=\"Est. reading time\" \/>\n\t<meta name=\"twitter:data1\" content=\"2 minutes\" \/>\n<script type=\"application\/ld+json\" class=\"yoast-schema-graph\">{\"@context\":\"https:\/\/schema.org\",\"@graph\":[{\"@type\":\"WebPage\",\"@id\":\"https:\/\/tartak-mrocza.pl\/?page_id=43\",\"url\":\"https:\/\/tartak-mrocza.pl\/?page_id=43\",\"name\":\"Us\u0142ugi - Tartak - Stolarnia\",\"isPartOf\":{\"@id\":\"https:\/\/tartak-mrocza.pl\/#website\"},\"primaryImageOfPage\":{\"@id\":\"https:\/\/tartak-mrocza.pl\/?page_id=43#primaryimage\"},\"image\":{\"@id\":\"https:\/\/tartak-mrocza.pl\/?page_id=43#primaryimage\"},\"thumbnailUrl\":\"https:\/\/tartak-mrocza.pl\/wp-content\/uploads\/2023\/03\/IMG_1818-scaled-e1678918803378.jpg\",\"datePublished\":\"2021-02-11T18:24:59+00:00\",\"dateModified\":\"2023-03-15T22:20:13+00:00\",\"breadcrumb\":{\"@id\":\"https:\/\/tartak-mrocza.pl\/?page_id=43#breadcrumb\"},\"inLanguage\":\"en-US\",\"potentialAction\":[{\"@type\":\"ReadAction\",\"target\":[\"https:\/\/tartak-mrocza.pl\/?page_id=43\"]}]},{\"@type\":\"ImageObject\",\"inLanguage\":\"en-US\",\"@id\":\"https:\/\/tartak-mrocza.pl\/?page_id=43#primaryimage\",\"url\":\"https:\/\/tartak-mrocza.pl\/wp-content\/uploads\/2023\/03\/IMG_1818-scaled-e1678918803378.jpg\",\"contentUrl\":\"https:\/\/tartak-mrocza.pl\/wp-content\/uploads\/2023\/03\/IMG_1818-scaled-e1678918803378.jpg\",\"width\":2560,\"height\":1382},{\"@type\":\"BreadcrumbList\",\"@id\":\"https:\/\/tartak-mrocza.pl\/?page_id=43#breadcrumb\",\"itemListElement\":[{\"@type\":\"ListItem\",\"position\":1,\"name\":\"Strona g\u0142\u00f3wna\",\"item\":\"https:\/\/tartak-mrocza.pl\/\"},{\"@type\":\"ListItem\",\"position\":2,\"name\":\"Us\u0142ugi\"}]},{\"@type\":\"WebSite\",\"@id\":\"https:\/\/tartak-mrocza.pl\/#website\",\"url\":\"https:\/\/tartak-mrocza.pl\/\",\"name\":\"Tartak-Stolarnia Tomczak\",\"description\":\"Stolarstwo i us\u0142ugi budowlane dla klient\u00f3w indywidualnych z gwarancj\u0105 wykonania pracy oraz czytelnymi i dok\u0142adnymi wycenami.\",\"publisher\":{\"@id\":\"https:\/\/tartak-mrocza.pl\/#organization\"},\"potentialAction\":[{\"@type\":\"SearchAction\",\"target\":{\"@type\":\"EntryPoint\",\"urlTemplate\":\"https:\/\/tartak-mrocza.pl\/?s={search_term_string}\"},\"query-input\":\"required name=search_term_string\"}],\"inLanguage\":\"en-US\"},{\"@type\":\"Organization\",\"@id\":\"https:\/\/tartak-mrocza.pl\/#organization\",\"name\":\"Tartak-Stolarnia Tomczak\",\"url\":\"https:\/\/tartak-mrocza.pl\/\",\"logo\":{\"@type\":\"ImageObject\",\"inLanguage\":\"en-US\",\"@id\":\"https:\/\/tartak-mrocza.pl\/#\/schema\/logo\/image\/\",\"url\":\"https:\/\/tartak-mrocza.pl\/wp-content\/uploads\/2021\/02\/Panorama-listewki-scaled.jpg\",\"contentUrl\":\"https:\/\/tartak-mrocza.pl\/wp-content\/uploads\/2021\/02\/Panorama-listewki-scaled.jpg\",\"width\":2560,\"height\":1497,\"caption\":\"Tartak-Stolarnia Tomczak\"},\"image\":{\"@id\":\"https:\/\/tartak-mrocza.pl\/#\/schema\/logo\/image\/\"}}]}<\/script>\n<!-- \/ Yoast SEO plugin. -->","yoast_head_json":{"title":"Us\u0142ugi - Tartak - Stolarnia","robots":{"index":"index","follow":"follow","max-snippet":"max-snippet:-1","max-image-preview":"max-image-preview:large","max-video-preview":"max-video-preview:-1"},"canonical":"https:\/\/tartak-mrocza.pl\/?page_id=43","og_locale":"en_US","og_type":"article","og_title":"Us\u0142ugi - Tartak - Stolarnia","og_description":"Posiadam obrabiarki pozwalaj\u0105ce wykona\u0107 prawie wszystkie rodzaje obr\u00f3bki drewna: Trak ta\u015bmowy&nbsp;\u2013 \u015brednica ci\u0119tego drewna do 130 cm (mo\u017cliwo\u015bci najwi\u0119ksze w okolicy), d\u0142ugo\u015b\u0107 k\u0142ody 650 cm i maksymalna masa do 3500 kg. Trak ramowy&nbsp;\u2013 \u015brednica drewna do 50 cm, d\u0142ugo\u015b\u0107 1300 cm (13 m). Obrzynarka dwustronna&nbsp;\u2013 szeroko\u015b\u0107 obrzynania od 3,8 do [&hellip;]","og_url":"https:\/\/tartak-mrocza.pl\/?page_id=43","og_site_name":"Tartak - Stolarnia","article_modified_time":"2023-03-15T22:20:13+00:00","og_image":[{"width":2560,"height":1382,"url":"https:\/\/tartak-mrocza.pl\/wp-content\/uploads\/2023\/03\/IMG_1818-scaled-e1678918803378.jpg","type":"image\/jpeg"}],"twitter_card":"summary_large_image","twitter_misc":{"Est. reading time":"2 minutes"},"schema":{"@context":"https:\/\/schema.org","@graph":[{"@type":"WebPage","@id":"https:\/\/tartak-mrocza.pl\/?page_id=43","url":"https:\/\/tartak-mrocza.pl\/?page_id=43","name":"Us\u0142ugi - Tartak - Stolarnia","isPartOf":{"@id":"https:\/\/tartak-mrocza.pl\/#website"},"primaryImageOfPage":{"@id":"https:\/\/tartak-mrocza.pl\/?page_id=43#primaryimage"},"image":{"@id":"https:\/\/tartak-mrocza.pl\/?page_id=43#primaryimage"},"thumbnailUrl":"https:\/\/tartak-mrocza.pl\/wp-content\/uploads\/2023\/03\/IMG_1818-scaled-e1678918803378.jpg","datePublished":"2021-02-11T18:24:59+00:00","dateModified":"2023-03-15T22:20:13+00:00","breadcrumb":{"@id":"https:\/\/tartak-mrocza.pl\/?page_id=43#breadcrumb"},"inLanguage":"en-US","potentialAction":[{"@type":"ReadAction","target":["https:\/\/tartak-mrocza.pl\/?page_id=43"]}]},{"@type":"ImageObject","inLanguage":"en-US","@id":"https:\/\/tartak-mrocza.pl\/?page_id=43#primaryimage","url":"https:\/\/tartak-mrocza.pl\/wp-content\/uploads\/2023\/03\/IMG_1818-scaled-e1678918803378.jpg","contentUrl":"https:\/\/tartak-mrocza.pl\/wp-content\/uploads\/2023\/03\/IMG_1818-scaled-e1678918803378.jpg","width":2560,"height":1382},{"@type":"BreadcrumbList","@id":"https:\/\/tartak-mrocza.pl\/?page_id=43#breadcrumb","itemListElement":[{"@type":"ListItem","position":1,"name":"Strona g\u0142\u00f3wna","item":"https:\/\/tartak-mrocza.pl\/"},{"@type":"ListItem","position":2,"name":"Us\u0142ugi"}]},{"@type":"WebSite","@id":"https:\/\/tartak-mrocza.pl\/#website","url":"https:\/\/tartak-mrocza.pl\/","name":"Tartak-Stolarnia Tomczak","description":"Stolarstwo i us\u0142ugi budowlane dla klient\u00f3w indywidualnych z gwarancj\u0105 wykonania pracy oraz czytelnymi i dok\u0142adnymi wycenami.","publisher":{"@id":"https:\/\/tartak-mrocza.pl\/#organization"},"potentialAction":[{"@type":"SearchAction","target":{"@type":"EntryPoint","urlTemplate":"https:\/\/tartak-mrocza.pl\/?s={search_term_string}"},"query-input":"required name=search_term_string"}],"inLanguage":"en-US"},{"@type":"Organization","@id":"https:\/\/tartak-mrocza.pl\/#organization","name":"Tartak-Stolarnia Tomczak","url":"https:\/\/tartak-mrocza.pl\/","logo":{"@type":"ImageObject","inLanguage":"en-US","@id":"https:\/\/tartak-mrocza.pl\/#\/schema\/logo\/image\/","url":"https:\/\/tartak-mrocza.pl\/wp-content\/uploads\/2021\/02\/Panorama-listewki-scaled.jpg","contentUrl":"https:\/\/tartak-mrocza.pl\/wp-content\/uploads\/2021\/02\/Panorama-listewki-scaled.jpg","width":2560,"height":1497,"caption":"Tartak-Stolarnia Tomczak"},"image":{"@id":"https:\/\/tartak-mrocza.pl\/#\/schema\/logo\/image\/"}}]}},"_links":{"self":[{"href":"https:\/\/tartak-mrocza.pl\/index.php?rest_route=\/wp\/v2\/pages\/43"}],"collection":[{"href":"https:\/\/tartak-mrocza.pl\/index.php?rest_route=\/wp\/v2\/pages"}],"about":[{"href":"https:\/\/tartak-mrocza.pl\/index.php?rest_route=\/wp\/v2\/types\/page"}],"author":[{"embeddable":true,"href":"https:\/\/tartak-mrocza.pl\/index.php?rest_route=\/wp\/v2\/users\/1"}],"replies":[{"embeddable":true,"href":"https:\/\/tartak-mrocza.pl\/index.php?rest_route=%2Fwp%2Fv2%2Fcomments&post=43"}],"version-history":[{"count":13,"href":"https:\/\/tartak-mrocza.pl\/index.php?rest_route=\/wp\/v2\/pages\/43\/revisions"}],"predecessor-version":[{"id":870,"href":"https:\/\/tartak-mrocza.pl\/index.php?rest_route=\/wp\/v2\/pages\/43\/revisions\/870"}],"wp:featuredmedia":[{"embeddable":true,"href":"https:\/\/tartak-mrocza.pl\/index.php?rest_route=\/wp\/v2\/media\/869"}],"wp:attachment":[{"href":"https:\/\/tartak-mrocza.pl\/index.php?rest_route=%2Fwp%2Fv2%2Fmedia&parent=43"}],"curies":[{"name":"wp","href":"https:\/\/api.w.org\/{rel}","templated":true}]}}