{"id":1451,"date":"2025-04-08T17:48:26","date_gmt":"2025-04-08T15:48:26","guid":{"rendered":"https:\/\/tartak-mrocza.pl\/?page_id=1451"},"modified":"2025-04-08T18:56:22","modified_gmt":"2025-04-08T16:56:22","slug":"rollborder","status":"publish","type":"page","link":"https:\/\/tartak-mrocza.pl\/?page_id=1451","title":{"rendered":"Grz\u0105dka podwy\u017cszona"},"content":{"rendered":"\n<p>Grz\u0105dka podwy\u017cszona okr\u0105g\u0142a \/ owalna \u2013 rollborder, wykonana z klepek sosnowych po\u0142\u0105czonych ocynkowan\u0105 ta\u015bm\u0105 monta\u017cow\u0105. <br>Drewno o wilgotno\u015bci poni\u017cej 14 % poddane wg\u0142\u0119bnej impregnacji metod\u0105 osmozy, poprzez zanurzenie w ekologicznym, wodorozcie\u0144czalnym impregnacie miedziowym KUPRAFUNG P PREMIUM w ci\u0105gu minimum 140 godzin (6 d\u00f3b). Ta ekologiczna metoda zabezpiecza drewno przed gniciem na wiele lat. <\/p>\n\n\n\n<p>Grubo\u015b\u0107 klepki 2 cm, wysoko\u015b\u0107 35 cm, d\u0142ugo\u015b\u0107 zestawu 300 cm, jednak istnieje mo\u017cliwo\u015b\u0107 \u0142\u0105czenia bezko\u0144cowo (naddatek ta\u015bmy z jednej strony) lub dzieli\u0107 w dowolnym miejscu. <br>Mo\u017cna montowa\u0107 ta\u015bm\u0105 na zewn\u0105trz okr\u0119gu (wi\u0119ksza wytrzyma\u0142o\u015b\u0107) lub do wn\u0119trza.<\/p>\n\n\n\n<p>Cena 195 z\u0142 za zestaw. <br>Dost\u0119pny jest r\u00f3wnie\u017c wk\u0142ad foliowy, kt\u00f3ry zabezpiecza klepk\u0119 przed kontaktem z gruntem w cenie 5 z\u0142.\u00a0<\/p>\n\n\n\n<p>Mo\u017cliwo\u015b\u0107 wysy\u0142ki<\/p>\n\n\n<style>#jtg-1459 .modula-item .jtg-social a, .lightbox-socials.jtg-social a{ color: #ffffff }#jtg-1459 .modula-item .jtg-social svg, .lightbox-socials.jtg-social svg { height: 16px; width: 16px }#jtg-1459 .modula-item .jtg-social a:not(:last-child), .lightbox-socials.jtg-social a:not(:last-child) { margin-right: 10px }#jtg-1459 .modula-item .figc {color:#ffffff;}#jtg-1459 .modula-item .modula-item-content { transform: scale(1) }#jtg-1459 { width:100%;}#jtg-1459 .modula-items{height:800px;}@media screen and (max-width: 992px) {#jtg-1459 .modula-items{height:800px;}}@media screen and (max-width: 768px) {#jtg-1459 .modula-items{height:800px;}}#jtg-1459 .modula-items .figc p.description { font-size:14px; }#jtg-1459 .modula-items .figc p.description { color:#ffffff;}#jtg-1459.modula-gallery .modula-item > a, #jtg-1459.modula-gallery .modula-item, #jtg-1459.modula-gallery .modula-item-content > a:not(.modula-no-follow) { cursor:zoom-in; } #jtg-1459.modula-gallery .modula-item-content .modula-no-follow { cursor: default; } @media screen and (max-width:480px){#jtg-1459 .modula-item .figc .jtg-title {  font-size: 12px; }#jtg-1459 .modula-items .figc p.description { color:#ffffff;font-size:10px; }}<\/style>\n<!-- Gallery Container -->\n<div  id=\"jtg-1459\" class=\"modula modula-gallery modula-creative-gallery\" data-config=\"{&quot;height&quot;:800,&quot;tabletHeight&quot;:800,&quot;mobileHeight&quot;:800,&quot;desktopHeight&quot;:800,&quot;enableTwitter&quot;:false,&quot;enableWhatsapp&quot;:false,&quot;enableFacebook&quot;:false,&quot;enablePinterest&quot;:false,&quot;enableLinkedin&quot;:false,&quot;enableEmail&quot;:false,&quot;randomFactor&quot;:0.5,&quot;type&quot;:&quot;creative-gallery&quot;,&quot;columns&quot;:12,&quot;gutter&quot;:10,&quot;mobileGutter&quot;:10,&quot;tabletGutter&quot;:10,&quot;desktopGutter&quot;:10,&quot;enableResponsive&quot;:&quot;0&quot;,&quot;tabletColumns&quot;:2,&quot;mobileColumns&quot;:1,&quot;lazyLoad&quot;:true,&quot;lightboxOpts&quot;:{&quot;loop&quot;:false,&quot;arrows&quot;:true,&quot;toolbar&quot;:true,&quot;keyboard&quot;:true,&quot;wheel&quot;:false,&quot;buttons&quot;:[&quot;close&quot;],&quot;hash&quot;:false,&quot;lang&quot;:&quot;en&quot;,&quot;touch&quot;:false,&quot;protect&quot;:false,&quot;i18n&quot;:{&quot;en&quot;:{&quot;CLOSE&quot;:&quot;Close&quot;,&quot;NEXT&quot;:&quot;Next&quot;,&quot;PREV&quot;:&quot;Previous&quot;,&quot;Error&quot;:&quot;The requested content cannot be loaded. Please try again later.&quot;,&quot;PLAY_START&quot;:&quot;Start slideshow&quot;,&quot;PLAY_STOP&quot;:&quot;Pause slideshow&quot;,&quot;FULL_SCREEN&quot;:&quot;Full screen&quot;,&quot;THUMBS&quot;:&quot;Thumbnails&quot;,&quot;DOWNLOAD&quot;:&quot;Download&quot;,&quot;SHARE&quot;:&quot;Share&quot;,&quot;ZOOM&quot;:&quot;Zoom&quot;}},&quot;clickSlide&quot;:false,&quot;clickOutside&quot;:false,&quot;dblclickContent&quot;:false,&quot;dblclickSlide&quot;:false,&quot;dblclickOutside&quot;:false,&quot;clickContent&quot;:false,&quot;baseTpl&quot;:&quot;&lt;div class=\\&quot;modula-fancybox-container modula-lightbox-jtg-1459\\&quot; role=\\&quot;dialog\\&quot; tabindex=\\&quot;-1\\&quot;&gt;&lt;div class=\\&quot;modula-fancybox-bg\\&quot;&gt;&lt;\\\/div&gt;&lt;div class=\\&quot;modula-fancybox-inner\\&quot;&gt;&lt;div class=\\&quot;modula-fancybox-infobar\\&quot;&gt;&lt;span data-fancybox-index&gt;&lt;\\\/span&gt;&nbsp;\\\/&nbsp;&lt;span data-fancybox-count&gt;&lt;\\\/span&gt;&lt;\\\/div&gt;&lt;div class=\\&quot;modula-fancybox-toolbar\\&quot;&gt;{{buttons}}&lt;\\\/div&gt;&lt;div class=\\&quot;modula-fancybox-navigation\\&quot;&gt;{{arrows}}&lt;\\\/div&gt;&lt;div class=\\&quot;modula-fancybox-stage\\&quot;&gt;&lt;\\\/div&gt;&lt;div class=\\&quot;modula-fancybox-caption\\&quot;&gt;&lt;div class=\\&quot;modula-fancybox-caption__body\\&quot;&gt;&lt;\\\/div&gt;&lt;\\\/div&gt;&lt;\\\/div&gt;&lt;\\\/div&gt;&quot;},&quot;inView&quot;:false,&quot;email_subject&quot;:&quot;Sprawd\\u017a ten niesamowity obrazek!&quot;,&quot;email_message&quot;:&quot;Oto odno\\u015bnik do obrazku: %%image_link%%, a to odno\\u015bnik do galerii: %%gallery_link%%&quot;,&quot;lightbox&quot;:&quot;fancybox&quot;}\">\n\n\t\n\t<!-- Items Container -->\n\t<div  class=\"modula-items\">\n\t\t<div class=\"modula-item effect-pufrobo\" >\n\t<div class=\"modula-item-overlay\"><\/div>\n\n\t<div class=\"modula-item-content\">\n\n\t\t\t\t\n\t\t\t\t\t<a data-image-id=\"1460\" rel=\"jtg-1459\" data-caption=\"\" aria-label=\"Open image in lightbox\" class=\"tile-inner modula-item-link\"><\/a>\n\t\t\n\t\t<img class=\"pic wp-image-1460 lazyload\"  data-valign=\"middle\" data-halign=\"center\" alt=\"\" data-full=\"https:\/\/tartak-mrocza.pl\/wp-content\/uploads\/2025\/04\/IMG_5145.jpg\" title=\"IMG_5145\" width=\"1920\" height=\"2560\" data-src=\"https:\/\/tartak-mrocza.pl\/wp-content\/uploads\/2025\/04\/IMG_5145.jpg\" data-caption=\"\" data-source=\"modula\" data-srcset=\"https:\/\/tartak-mrocza.pl\/wp-content\/uploads\/2025\/04\/IMG_5145-scaled.jpg 1920w, https:\/\/tartak-mrocza.pl\/wp-content\/uploads\/2025\/04\/IMG_5145-225x300.jpg 225w, https:\/\/tartak-mrocza.pl\/wp-content\/uploads\/2025\/04\/IMG_5145-768x1024.jpg 768w, https:\/\/tartak-mrocza.pl\/wp-content\/uploads\/2025\/04\/IMG_5145-1152x1536.jpg 1152w, https:\/\/tartak-mrocza.pl\/wp-content\/uploads\/2025\/04\/IMG_5145-1536x2048.jpg 1536w\" data-sizes=\"(max-width: 1920px) 100vw, 1920px\" \/>\n\t\t<div class=\"figc no-description\">\n\t\t\t<div class=\"figc-inner\">\n\t\t\t\t\t\t\t\t\t\t\t\t\t\t\t<\/div>\n\t\t<\/div>\n\n\t<\/div>\n\n<\/div><div class=\"modula-item effect-pufrobo\" >\n\t<div class=\"modula-item-overlay\"><\/div>\n\n\t<div class=\"modula-item-content\">\n\n\t\t\t\t\n\t\t\t\t\t<a data-image-id=\"1461\" rel=\"jtg-1459\" data-caption=\"\" aria-label=\"Open image in lightbox\" class=\"tile-inner modula-item-link\"><\/a>\n\t\t\n\t\t<img class=\"pic wp-image-1461 lazyload\"  data-valign=\"middle\" data-halign=\"center\" alt=\"\" data-full=\"https:\/\/tartak-mrocza.pl\/wp-content\/uploads\/2025\/04\/IMG_5999-edytowany.jpg\" title=\"IMG_5999 (edytowany)\" width=\"1920\" height=\"2560\" data-src=\"https:\/\/tartak-mrocza.pl\/wp-content\/uploads\/2025\/04\/IMG_5999-edytowany.jpg\" data-caption=\"\" data-source=\"modula\" data-srcset=\"https:\/\/tartak-mrocza.pl\/wp-content\/uploads\/2025\/04\/IMG_5999-edytowany-scaled.jpg 1920w, https:\/\/tartak-mrocza.pl\/wp-content\/uploads\/2025\/04\/IMG_5999-edytowany-225x300.jpg 225w, https:\/\/tartak-mrocza.pl\/wp-content\/uploads\/2025\/04\/IMG_5999-edytowany-768x1024.jpg 768w, https:\/\/tartak-mrocza.pl\/wp-content\/uploads\/2025\/04\/IMG_5999-edytowany-1152x1536.jpg 1152w, https:\/\/tartak-mrocza.pl\/wp-content\/uploads\/2025\/04\/IMG_5999-edytowany-1536x2048.jpg 1536w\" data-sizes=\"(max-width: 1920px) 100vw, 1920px\" \/>\n\t\t<div class=\"figc no-description\">\n\t\t\t<div class=\"figc-inner\">\n\t\t\t\t\t\t\t\t\t\t\t\t\t\t\t<\/div>\n\t\t<\/div>\n\n\t<\/div>\n\n<\/div><div class=\"modula-item effect-pufrobo\" >\n\t<div class=\"modula-item-overlay\"><\/div>\n\n\t<div class=\"modula-item-content\">\n\n\t\t\t\t\n\t\t\t\t\t<a data-image-id=\"1462\" rel=\"jtg-1459\" data-caption=\"\" aria-label=\"Open image in lightbox\" class=\"tile-inner modula-item-link\"><\/a>\n\t\t\n\t\t<img class=\"pic wp-image-1462 lazyload\"  data-valign=\"middle\" data-halign=\"center\" alt=\"\" data-full=\"https:\/\/tartak-mrocza.pl\/wp-content\/uploads\/2025\/04\/IMG_6020-edytowany.jpg\" title=\"IMG_6020 (edytowany)\" width=\"1920\" height=\"2560\" data-src=\"https:\/\/tartak-mrocza.pl\/wp-content\/uploads\/2025\/04\/IMG_6020-edytowany.jpg\" data-caption=\"\" data-source=\"modula\" data-srcset=\"https:\/\/tartak-mrocza.pl\/wp-content\/uploads\/2025\/04\/IMG_6020-edytowany-scaled.jpg 1920w, https:\/\/tartak-mrocza.pl\/wp-content\/uploads\/2025\/04\/IMG_6020-edytowany-225x300.jpg 225w, https:\/\/tartak-mrocza.pl\/wp-content\/uploads\/2025\/04\/IMG_6020-edytowany-768x1024.jpg 768w, https:\/\/tartak-mrocza.pl\/wp-content\/uploads\/2025\/04\/IMG_6020-edytowany-1152x1536.jpg 1152w, https:\/\/tartak-mrocza.pl\/wp-content\/uploads\/2025\/04\/IMG_6020-edytowany-1536x2048.jpg 1536w\" data-sizes=\"(max-width: 1920px) 100vw, 1920px\" \/>\n\t\t<div class=\"figc no-description\">\n\t\t\t<div class=\"figc-inner\">\n\t\t\t\t\t\t\t\t\t\t\t\t\t\t\t<\/div>\n\t\t<\/div>\n\n\t<\/div>\n\n<\/div><div class=\"modula-item effect-pufrobo\" >\n\t<div class=\"modula-item-overlay\"><\/div>\n\n\t<div class=\"modula-item-content\">\n\n\t\t\t\t\n\t\t\t\t\t<a data-image-id=\"1463\" rel=\"jtg-1459\" data-caption=\"\" aria-label=\"Open image in lightbox\" class=\"tile-inner modula-item-link\"><\/a>\n\t\t\n\t\t<img class=\"pic wp-image-1463 lazyload\"  data-valign=\"middle\" data-halign=\"center\" alt=\"\" data-full=\"https:\/\/tartak-mrocza.pl\/wp-content\/uploads\/2025\/04\/IMG_6024.jpg\" title=\"IMG_6024\" width=\"1536\" height=\"2048\" data-src=\"https:\/\/tartak-mrocza.pl\/wp-content\/uploads\/2025\/04\/IMG_6024.jpg\" data-caption=\"\" data-source=\"modula\" data-srcset=\"https:\/\/tartak-mrocza.pl\/wp-content\/uploads\/2025\/04\/IMG_6024.jpg 1536w, https:\/\/tartak-mrocza.pl\/wp-content\/uploads\/2025\/04\/IMG_6024-225x300.jpg 225w, https:\/\/tartak-mrocza.pl\/wp-content\/uploads\/2025\/04\/IMG_6024-768x1024.jpg 768w, https:\/\/tartak-mrocza.pl\/wp-content\/uploads\/2025\/04\/IMG_6024-1152x1536.jpg 1152w\" data-sizes=\"(max-width: 1536px) 100vw, 1536px\" srcset=\"https:\/\/tartak-mrocza.pl\/wp-content\/uploads\/2025\/04\/IMG_6024.jpg 1536w, https:\/\/tartak-mrocza.pl\/wp-content\/uploads\/2025\/04\/IMG_6024-225x300.jpg 225w, https:\/\/tartak-mrocza.pl\/wp-content\/uploads\/2025\/04\/IMG_6024-768x1024.jpg 768w, https:\/\/tartak-mrocza.pl\/wp-content\/uploads\/2025\/04\/IMG_6024-1152x1536.jpg 1152w\" sizes=\"(max-width: 1536px) 100vw, 1536px\" \/>\n\t\t<div class=\"figc no-description\">\n\t\t\t<div class=\"figc-inner\">\n\t\t\t\t\t\t\t\t\t\t\t\t\t\t\t<\/div>\n\t\t<\/div>\n\n\t<\/div>\n\n<\/div><div class=\"modula-item effect-pufrobo\" >\n\t<div class=\"modula-item-overlay\"><\/div>\n\n\t<div class=\"modula-item-content\">\n\n\t\t\t\t\n\t\t\t\t\t<a data-image-id=\"1464\" rel=\"jtg-1459\" data-caption=\"\" aria-label=\"Open image in lightbox\" class=\"tile-inner modula-item-link\"><\/a>\n\t\t\n\t\t<img class=\"pic wp-image-1464 lazyload\"  data-valign=\"middle\" data-halign=\"center\" alt=\"\" data-full=\"https:\/\/tartak-mrocza.pl\/wp-content\/uploads\/2025\/04\/IMG_51133_magicstudio_who2h8m9tp.png\" title=\"IMG_51133_magicstudio_who2h8m9tp\" width=\"1536\" height=\"2048\" data-src=\"https:\/\/tartak-mrocza.pl\/wp-content\/uploads\/2025\/04\/IMG_51133_magicstudio_who2h8m9tp.png\" data-caption=\"\" data-source=\"modula\" data-srcset=\"https:\/\/tartak-mrocza.pl\/wp-content\/uploads\/2025\/04\/IMG_51133_magicstudio_who2h8m9tp.png 1536w, https:\/\/tartak-mrocza.pl\/wp-content\/uploads\/2025\/04\/IMG_51133_magicstudio_who2h8m9tp-225x300.png 225w, https:\/\/tartak-mrocza.pl\/wp-content\/uploads\/2025\/04\/IMG_51133_magicstudio_who2h8m9tp-768x1024.png 768w, https:\/\/tartak-mrocza.pl\/wp-content\/uploads\/2025\/04\/IMG_51133_magicstudio_who2h8m9tp-1152x1536.png 1152w\" data-sizes=\"(max-width: 1536px) 100vw, 1536px\" srcset=\"https:\/\/tartak-mrocza.pl\/wp-content\/uploads\/2025\/04\/IMG_51133_magicstudio_who2h8m9tp.png 1536w, https:\/\/tartak-mrocza.pl\/wp-content\/uploads\/2025\/04\/IMG_51133_magicstudio_who2h8m9tp-225x300.png 225w, https:\/\/tartak-mrocza.pl\/wp-content\/uploads\/2025\/04\/IMG_51133_magicstudio_who2h8m9tp-768x1024.png 768w, https:\/\/tartak-mrocza.pl\/wp-content\/uploads\/2025\/04\/IMG_51133_magicstudio_who2h8m9tp-1152x1536.png 1152w\" sizes=\"(max-width: 1536px) 100vw, 1536px\" \/>\n\t\t<div class=\"figc no-description\">\n\t\t\t<div class=\"figc-inner\">\n\t\t\t\t\t\t\t\t\t\t\t\t\t\t\t<\/div>\n\t\t<\/div>\n\n\t<\/div>\n\n<\/div><div class=\"modula-item effect-pufrobo\" >\n\t<div class=\"modula-item-overlay\"><\/div>\n\n\t<div class=\"modula-item-content\">\n\n\t\t\t\t\n\t\t\t\t\t<a data-image-id=\"1465\" rel=\"jtg-1459\" data-caption=\"\" aria-label=\"Open image in lightbox\" class=\"tile-inner modula-item-link\"><\/a>\n\t\t\n\t\t<img class=\"pic wp-image-1465 lazyload\"  data-valign=\"middle\" data-halign=\"center\" alt=\"\" data-full=\"https:\/\/tartak-mrocza.pl\/wp-content\/uploads\/2025\/04\/IMG_51300.jpg\" title=\"IMG_51300\" width=\"1536\" height=\"2048\" data-src=\"https:\/\/tartak-mrocza.pl\/wp-content\/uploads\/2025\/04\/IMG_51300.jpg\" data-caption=\"\" data-source=\"modula\" data-srcset=\"https:\/\/tartak-mrocza.pl\/wp-content\/uploads\/2025\/04\/IMG_51300.jpg 1536w, https:\/\/tartak-mrocza.pl\/wp-content\/uploads\/2025\/04\/IMG_51300-225x300.jpg 225w, https:\/\/tartak-mrocza.pl\/wp-content\/uploads\/2025\/04\/IMG_51300-768x1024.jpg 768w, https:\/\/tartak-mrocza.pl\/wp-content\/uploads\/2025\/04\/IMG_51300-1152x1536.jpg 1152w\" data-sizes=\"(max-width: 1536px) 100vw, 1536px\" srcset=\"https:\/\/tartak-mrocza.pl\/wp-content\/uploads\/2025\/04\/IMG_51300.jpg 1536w, https:\/\/tartak-mrocza.pl\/wp-content\/uploads\/2025\/04\/IMG_51300-225x300.jpg 225w, https:\/\/tartak-mrocza.pl\/wp-content\/uploads\/2025\/04\/IMG_51300-768x1024.jpg 768w, https:\/\/tartak-mrocza.pl\/wp-content\/uploads\/2025\/04\/IMG_51300-1152x1536.jpg 1152w\" sizes=\"(max-width: 1536px) 100vw, 1536px\" \/>\n\t\t<div class=\"figc no-description\">\n\t\t\t<div class=\"figc-inner\">\n\t\t\t\t\t\t\t\t\t\t\t\t\t\t\t<\/div>\n\t\t<\/div>\n\n\t<\/div>\n\n<\/div>\t\t\n\t<\/div>\n\n\t\n\t\n\t<script type=\"application\/ld+json\">\n\t{\n\t\t\"@context\": \"http:\/\/schema.org\",\n\t\t\"@type\"   : \"ImageGallery\",\n\t\t\"id\"      : \"https:\/\/tartak-mrocza.pl\",\n\t\t\"url\"     : \"https:\/\/tartak-mrocza.pl\"\n\t}\n\n    <\/script>\n\n\t\n<\/div>","protected":false},"excerpt":{"rendered":"<p>Grz\u0105dka podwy\u017cszona okr\u0105g\u0142a \/ owalna \u2013 rollborder, wykonana z klepek sosnowych po\u0142\u0105czonych ocynkowan\u0105 ta\u015bm\u0105 monta\u017cow\u0105. Drewno o wilgotno\u015bci poni\u017cej 14 % poddane wg\u0142\u0119bnej impregnacji metod\u0105 osmozy, poprzez zanurzenie w ekologicznym, wodorozcie\u0144czalnym impregnacie miedziowym KUPRAFUNG P PREMIUM w ci\u0105gu minimum 140 godzin (6 d\u00f3b). Ta ekologiczna metoda zabezpiecza drewno przed gniciem [&hellip;]<\/p>\n","protected":false},"author":1,"featured_media":1462,"parent":0,"menu_order":0,"comment_status":"closed","ping_status":"closed","template":"","meta":{"footnotes":""},"yoast_head":"<!-- This site is optimized with the Yoast SEO plugin v23.2 - https:\/\/yoast.com\/wordpress\/plugins\/seo\/ -->\n<title>Grz\u0105dka podwy\u017cszona - Tartak - Stolarnia<\/title>\n<meta name=\"robots\" content=\"index, follow, max-snippet:-1, max-image-preview:large, max-video-preview:-1\" \/>\n<link rel=\"canonical\" href=\"https:\/\/tartak-mrocza.pl\/?page_id=1451\" \/>\n<meta property=\"og:locale\" content=\"en_US\" \/>\n<meta property=\"og:type\" content=\"article\" \/>\n<meta property=\"og:title\" content=\"Grz\u0105dka podwy\u017cszona - Tartak - Stolarnia\" \/>\n<meta property=\"og:description\" content=\"Grz\u0105dka podwy\u017cszona okr\u0105g\u0142a \/ owalna \u2013 rollborder, wykonana z klepek sosnowych po\u0142\u0105czonych ocynkowan\u0105 ta\u015bm\u0105 monta\u017cow\u0105. Drewno o wilgotno\u015bci poni\u017cej 14 % poddane wg\u0142\u0119bnej impregnacji metod\u0105 osmozy, poprzez zanurzenie w ekologicznym, wodorozcie\u0144czalnym impregnacie miedziowym KUPRAFUNG P PREMIUM w ci\u0105gu minimum 140 godzin (6 d\u00f3b). Ta ekologiczna metoda zabezpiecza drewno przed gniciem [&hellip;]\" \/>\n<meta property=\"og:url\" content=\"https:\/\/tartak-mrocza.pl\/?page_id=1451\" \/>\n<meta property=\"og:site_name\" content=\"Tartak - Stolarnia\" \/>\n<meta property=\"article:modified_time\" content=\"2025-04-08T16:56:22+00:00\" \/>\n<meta property=\"og:image\" content=\"https:\/\/tartak-mrocza.pl\/wp-content\/uploads\/2025\/04\/IMG_6020-edytowany-scaled.jpg\" \/>\n\t<meta property=\"og:image:width\" content=\"1920\" \/>\n\t<meta property=\"og:image:height\" content=\"2560\" \/>\n\t<meta property=\"og:image:type\" content=\"image\/jpeg\" \/>\n<meta name=\"twitter:card\" content=\"summary_large_image\" \/>\n<meta name=\"twitter:label1\" content=\"Est. reading time\" \/>\n\t<meta name=\"twitter:data1\" content=\"1 minute\" \/>\n<script type=\"application\/ld+json\" class=\"yoast-schema-graph\">{\"@context\":\"https:\/\/schema.org\",\"@graph\":[{\"@type\":\"WebPage\",\"@id\":\"https:\/\/tartak-mrocza.pl\/?page_id=1451\",\"url\":\"https:\/\/tartak-mrocza.pl\/?page_id=1451\",\"name\":\"Grz\u0105dka podwy\u017cszona - Tartak - Stolarnia\",\"isPartOf\":{\"@id\":\"https:\/\/tartak-mrocza.pl\/#website\"},\"primaryImageOfPage\":{\"@id\":\"https:\/\/tartak-mrocza.pl\/?page_id=1451#primaryimage\"},\"image\":{\"@id\":\"https:\/\/tartak-mrocza.pl\/?page_id=1451#primaryimage\"},\"thumbnailUrl\":\"https:\/\/tartak-mrocza.pl\/wp-content\/uploads\/2025\/04\/IMG_6020-edytowany-scaled.jpg\",\"datePublished\":\"2025-04-08T15:48:26+00:00\",\"dateModified\":\"2025-04-08T16:56:22+00:00\",\"breadcrumb\":{\"@id\":\"https:\/\/tartak-mrocza.pl\/?page_id=1451#breadcrumb\"},\"inLanguage\":\"en-US\",\"potentialAction\":[{\"@type\":\"ReadAction\",\"target\":[\"https:\/\/tartak-mrocza.pl\/?page_id=1451\"]}]},{\"@type\":\"ImageObject\",\"inLanguage\":\"en-US\",\"@id\":\"https:\/\/tartak-mrocza.pl\/?page_id=1451#primaryimage\",\"url\":\"https:\/\/tartak-mrocza.pl\/wp-content\/uploads\/2025\/04\/IMG_6020-edytowany-scaled.jpg\",\"contentUrl\":\"https:\/\/tartak-mrocza.pl\/wp-content\/uploads\/2025\/04\/IMG_6020-edytowany-scaled.jpg\",\"width\":1920,\"height\":2560},{\"@type\":\"BreadcrumbList\",\"@id\":\"https:\/\/tartak-mrocza.pl\/?page_id=1451#breadcrumb\",\"itemListElement\":[{\"@type\":\"ListItem\",\"position\":1,\"name\":\"Strona g\u0142\u00f3wna\",\"item\":\"https:\/\/tartak-mrocza.pl\/\"},{\"@type\":\"ListItem\",\"position\":2,\"name\":\"Grz\u0105dka podwy\u017cszona\"}]},{\"@type\":\"WebSite\",\"@id\":\"https:\/\/tartak-mrocza.pl\/#website\",\"url\":\"https:\/\/tartak-mrocza.pl\/\",\"name\":\"Tartak-Stolarnia Tomczak\",\"description\":\"Stolarstwo i us\u0142ugi budowlane dla klient\u00f3w indywidualnych z gwarancj\u0105 wykonania pracy oraz czytelnymi i dok\u0142adnymi wycenami.\",\"publisher\":{\"@id\":\"https:\/\/tartak-mrocza.pl\/#organization\"},\"potentialAction\":[{\"@type\":\"SearchAction\",\"target\":{\"@type\":\"EntryPoint\",\"urlTemplate\":\"https:\/\/tartak-mrocza.pl\/?s={search_term_string}\"},\"query-input\":\"required name=search_term_string\"}],\"inLanguage\":\"en-US\"},{\"@type\":\"Organization\",\"@id\":\"https:\/\/tartak-mrocza.pl\/#organization\",\"name\":\"Tartak-Stolarnia Tomczak\",\"url\":\"https:\/\/tartak-mrocza.pl\/\",\"logo\":{\"@type\":\"ImageObject\",\"inLanguage\":\"en-US\",\"@id\":\"https:\/\/tartak-mrocza.pl\/#\/schema\/logo\/image\/\",\"url\":\"https:\/\/tartak-mrocza.pl\/wp-content\/uploads\/2021\/02\/Panorama-listewki-scaled.jpg\",\"contentUrl\":\"https:\/\/tartak-mrocza.pl\/wp-content\/uploads\/2021\/02\/Panorama-listewki-scaled.jpg\",\"width\":2560,\"height\":1497,\"caption\":\"Tartak-Stolarnia Tomczak\"},\"image\":{\"@id\":\"https:\/\/tartak-mrocza.pl\/#\/schema\/logo\/image\/\"}}]}<\/script>\n<!-- \/ Yoast SEO plugin. -->","yoast_head_json":{"title":"Grz\u0105dka podwy\u017cszona - Tartak - Stolarnia","robots":{"index":"index","follow":"follow","max-snippet":"max-snippet:-1","max-image-preview":"max-image-preview:large","max-video-preview":"max-video-preview:-1"},"canonical":"https:\/\/tartak-mrocza.pl\/?page_id=1451","og_locale":"en_US","og_type":"article","og_title":"Grz\u0105dka podwy\u017cszona - Tartak - Stolarnia","og_description":"Grz\u0105dka podwy\u017cszona okr\u0105g\u0142a \/ owalna \u2013 rollborder, wykonana z klepek sosnowych po\u0142\u0105czonych ocynkowan\u0105 ta\u015bm\u0105 monta\u017cow\u0105. Drewno o wilgotno\u015bci poni\u017cej 14 % poddane wg\u0142\u0119bnej impregnacji metod\u0105 osmozy, poprzez zanurzenie w ekologicznym, wodorozcie\u0144czalnym impregnacie miedziowym KUPRAFUNG P PREMIUM w ci\u0105gu minimum 140 godzin (6 d\u00f3b). Ta ekologiczna metoda zabezpiecza drewno przed gniciem [&hellip;]","og_url":"https:\/\/tartak-mrocza.pl\/?page_id=1451","og_site_name":"Tartak - Stolarnia","article_modified_time":"2025-04-08T16:56:22+00:00","og_image":[{"width":1920,"height":2560,"url":"https:\/\/tartak-mrocza.pl\/wp-content\/uploads\/2025\/04\/IMG_6020-edytowany-scaled.jpg","type":"image\/jpeg"}],"twitter_card":"summary_large_image","twitter_misc":{"Est. reading time":"1 minute"},"schema":{"@context":"https:\/\/schema.org","@graph":[{"@type":"WebPage","@id":"https:\/\/tartak-mrocza.pl\/?page_id=1451","url":"https:\/\/tartak-mrocza.pl\/?page_id=1451","name":"Grz\u0105dka podwy\u017cszona - Tartak - Stolarnia","isPartOf":{"@id":"https:\/\/tartak-mrocza.pl\/#website"},"primaryImageOfPage":{"@id":"https:\/\/tartak-mrocza.pl\/?page_id=1451#primaryimage"},"image":{"@id":"https:\/\/tartak-mrocza.pl\/?page_id=1451#primaryimage"},"thumbnailUrl":"https:\/\/tartak-mrocza.pl\/wp-content\/uploads\/2025\/04\/IMG_6020-edytowany-scaled.jpg","datePublished":"2025-04-08T15:48:26+00:00","dateModified":"2025-04-08T16:56:22+00:00","breadcrumb":{"@id":"https:\/\/tartak-mrocza.pl\/?page_id=1451#breadcrumb"},"inLanguage":"en-US","potentialAction":[{"@type":"ReadAction","target":["https:\/\/tartak-mrocza.pl\/?page_id=1451"]}]},{"@type":"ImageObject","inLanguage":"en-US","@id":"https:\/\/tartak-mrocza.pl\/?page_id=1451#primaryimage","url":"https:\/\/tartak-mrocza.pl\/wp-content\/uploads\/2025\/04\/IMG_6020-edytowany-scaled.jpg","contentUrl":"https:\/\/tartak-mrocza.pl\/wp-content\/uploads\/2025\/04\/IMG_6020-edytowany-scaled.jpg","width":1920,"height":2560},{"@type":"BreadcrumbList","@id":"https:\/\/tartak-mrocza.pl\/?page_id=1451#breadcrumb","itemListElement":[{"@type":"ListItem","position":1,"name":"Strona g\u0142\u00f3wna","item":"https:\/\/tartak-mrocza.pl\/"},{"@type":"ListItem","position":2,"name":"Grz\u0105dka podwy\u017cszona"}]},{"@type":"WebSite","@id":"https:\/\/tartak-mrocza.pl\/#website","url":"https:\/\/tartak-mrocza.pl\/","name":"Tartak-Stolarnia Tomczak","description":"Stolarstwo i us\u0142ugi budowlane dla klient\u00f3w indywidualnych z gwarancj\u0105 wykonania pracy oraz czytelnymi i dok\u0142adnymi wycenami.","publisher":{"@id":"https:\/\/tartak-mrocza.pl\/#organization"},"potentialAction":[{"@type":"SearchAction","target":{"@type":"EntryPoint","urlTemplate":"https:\/\/tartak-mrocza.pl\/?s={search_term_string}"},"query-input":"required name=search_term_string"}],"inLanguage":"en-US"},{"@type":"Organization","@id":"https:\/\/tartak-mrocza.pl\/#organization","name":"Tartak-Stolarnia Tomczak","url":"https:\/\/tartak-mrocza.pl\/","logo":{"@type":"ImageObject","inLanguage":"en-US","@id":"https:\/\/tartak-mrocza.pl\/#\/schema\/logo\/image\/","url":"https:\/\/tartak-mrocza.pl\/wp-content\/uploads\/2021\/02\/Panorama-listewki-scaled.jpg","contentUrl":"https:\/\/tartak-mrocza.pl\/wp-content\/uploads\/2021\/02\/Panorama-listewki-scaled.jpg","width":2560,"height":1497,"caption":"Tartak-Stolarnia Tomczak"},"image":{"@id":"https:\/\/tartak-mrocza.pl\/#\/schema\/logo\/image\/"}}]}},"_links":{"self":[{"href":"https:\/\/tartak-mrocza.pl\/index.php?rest_route=\/wp\/v2\/pages\/1451"}],"collection":[{"href":"https:\/\/tartak-mrocza.pl\/index.php?rest_route=\/wp\/v2\/pages"}],"about":[{"href":"https:\/\/tartak-mrocza.pl\/index.php?rest_route=\/wp\/v2\/types\/page"}],"author":[{"embeddable":true,"href":"https:\/\/tartak-mrocza.pl\/index.php?rest_route=\/wp\/v2\/users\/1"}],"replies":[{"embeddable":true,"href":"https:\/\/tartak-mrocza.pl\/index.php?rest_route=%2Fwp%2Fv2%2Fcomments&post=1451"}],"version-history":[{"count":9,"href":"https:\/\/tartak-mrocza.pl\/index.php?rest_route=\/wp\/v2\/pages\/1451\/revisions"}],"predecessor-version":[{"id":1472,"href":"https:\/\/tartak-mrocza.pl\/index.php?rest_route=\/wp\/v2\/pages\/1451\/revisions\/1472"}],"wp:featuredmedia":[{"embeddable":true,"href":"https:\/\/tartak-mrocza.pl\/index.php?rest_route=\/wp\/v2\/media\/1462"}],"wp:attachment":[{"href":"https:\/\/tartak-mrocza.pl\/index.php?rest_route=%2Fwp%2Fv2%2Fmedia&parent=1451"}],"curies":[{"name":"wp","href":"https:\/\/api.w.org\/{rel}","templated":true}]}}