{"id":1145,"date":"2023-11-14T21:13:55","date_gmt":"2023-11-14T20:13:55","guid":{"rendered":"https:\/\/tartak-mrocza.pl\/?page_id=1145"},"modified":"2025-11-08T11:00:53","modified_gmt":"2025-11-08T10:00:53","slug":"paliki-ogrodnicze","status":"publish","type":"page","link":"https:\/\/tartak-mrocza.pl\/?page_id=1145","title":{"rendered":"Paliki ogrodnicze"},"content":{"rendered":"\n<p>Podano ceny brutto, kt\u00f3re nie s\u0105 ofert\u0105 handlow\u0105 a jedynie zaproszeniem do sk\u0142adania zapyta\u0144.<\/p>\n\n\n\n<h2 class=\"wp-block-heading\">Paliki ogrodnicze<\/h2>\n\n\n\n<p>Paliki do pomidor\u00f3w, fasoli, pn\u0105czy i innych ro\u015blin ogrodowych.<br>Stosowane s\u0105 do wzmocnie\u0144 i ochrony \u015bwie\u017co wsadzonych drzewek.&nbsp; U\u017cywa si\u0119 ich r\u00f3wnie\u017c do wydzielania i odgradzania konkretnej przestrzeni ogrodowej oraz wytyczania \u015bcie\u017cek czy chodnik\u00f3w.<\/p>\n\n\n\n<p>Tyczki montuje si\u0119 je w ziemi poprzez ich wbijanie lub wkopanie.<br>Grubo\u015b\u0107 oko\u0142o 2,5 x 2,5 cm, d\u0142ugo\u015bci od 40 do 280 cm.<br>Czubek zaostrzony i zaimpregnowany impregnatem miedziowym (3 doby moczenia &#8211; wbite w ziemi\u0119 przez 5 lat nie zgni\u0142y).<\/p>\n\n\n\n<p>Paliki produkujemy w ramach zagospodarowania odpad\u00f3w wi\u0119c mog\u0105 mie\u0107 pewne niedoskona\u0142o\u015bci: ma\u0142e s\u0119ki, oflisy, krzywizny.<\/p>\n\n\n\n<p>Mo\u017cliwo\u015b\u0107 wysy\u0142ki.<\/p>\n\n\n\n<p>Cena przy d\u0142ugo\u015bci poni\u017cej 120 cm &#8211; 2,20 z\u0142 za metr bie\u017c\u0105cy.<\/p>\n\n\n\n<p>Cena przy d\u0142ugo\u015bci powy\u017cej 120 cm &#8211; 2,60 z\u0142 za metr bie\u017c\u0105cy.<\/p>\n\n\n<style>#jtg-1151 .modula-item .jtg-social a, .lightbox-socials.jtg-social a{ color: #ffffff }#jtg-1151 .modula-item .jtg-social svg, .lightbox-socials.jtg-social svg { height: 16px; width: 16px }#jtg-1151 .modula-item .jtg-social a:not(:last-child), .lightbox-socials.jtg-social a:not(:last-child) { margin-right: 10px }#jtg-1151 .modula-item .figc {color:#ffffff;}#jtg-1151 .modula-item .modula-item-content { transform: scale(1) }#jtg-1151 { width:100%;}#jtg-1151 .modula-items .figc p.description { font-size:14px; }#jtg-1151 .modula-items .figc p.description { color:#ffffff;}#jtg-1151.modula-gallery .modula-item > a, #jtg-1151.modula-gallery .modula-item, #jtg-1151.modula-gallery .modula-item-content > a:not(.modula-no-follow) { cursor:zoom-in; } #jtg-1151.modula-gallery .modula-item-content .modula-no-follow { cursor: default; } @media screen and (max-width:480px){#jtg-1151 .modula-item .figc .jtg-title {  font-size: 12px; }#jtg-1151 .modula-items .figc p.description { color:#ffffff;font-size:10px; }}<\/style>\n<!-- Gallery Container -->\n<div  id=\"jtg-1151\" class=\"modula modula-gallery modula-columns\" data-config=\"{&quot;tabletHeight&quot;:0,&quot;mobileHeight&quot;:0,&quot;desktopHeight&quot;:0,&quot;enableTwitter&quot;:false,&quot;enableWhatsapp&quot;:false,&quot;enableFacebook&quot;:false,&quot;enablePinterest&quot;:false,&quot;enableLinkedin&quot;:false,&quot;enableEmail&quot;:false,&quot;randomFactor&quot;:0,&quot;type&quot;:&quot;grid&quot;,&quot;columns&quot;:12,&quot;gutter&quot;:10,&quot;mobileGutter&quot;:10,&quot;tabletGutter&quot;:10,&quot;desktopGutter&quot;:10,&quot;enableResponsive&quot;:&quot;0&quot;,&quot;tabletColumns&quot;:&quot;2&quot;,&quot;mobileColumns&quot;:&quot;1&quot;,&quot;lazyLoad&quot;:&quot;1&quot;,&quot;lightboxOpts&quot;:{&quot;loop&quot;:false,&quot;arrows&quot;:true,&quot;toolbar&quot;:true,&quot;keyboard&quot;:true,&quot;wheel&quot;:false,&quot;buttons&quot;:[&quot;close&quot;],&quot;hash&quot;:false,&quot;lang&quot;:&quot;en&quot;,&quot;touch&quot;:false,&quot;protect&quot;:false,&quot;i18n&quot;:{&quot;en&quot;:{&quot;CLOSE&quot;:&quot;Close&quot;,&quot;NEXT&quot;:&quot;Next&quot;,&quot;PREV&quot;:&quot;Previous&quot;,&quot;Error&quot;:&quot;The requested content cannot be loaded. Please try again later.&quot;,&quot;PLAY_START&quot;:&quot;Start slideshow&quot;,&quot;PLAY_STOP&quot;:&quot;Pause slideshow&quot;,&quot;FULL_SCREEN&quot;:&quot;Full screen&quot;,&quot;THUMBS&quot;:&quot;Thumbnails&quot;,&quot;DOWNLOAD&quot;:&quot;Download&quot;,&quot;SHARE&quot;:&quot;Share&quot;,&quot;ZOOM&quot;:&quot;Zoom&quot;}},&quot;clickSlide&quot;:false,&quot;clickOutside&quot;:false,&quot;dblclickContent&quot;:false,&quot;dblclickSlide&quot;:false,&quot;dblclickOutside&quot;:false,&quot;clickContent&quot;:false,&quot;baseTpl&quot;:&quot;&lt;div class=\\&quot;modula-fancybox-container modula-lightbox-jtg-1151\\&quot; role=\\&quot;dialog\\&quot; tabindex=\\&quot;-1\\&quot;&gt;&lt;div class=\\&quot;modula-fancybox-bg\\&quot;&gt;&lt;\\\/div&gt;&lt;div class=\\&quot;modula-fancybox-inner\\&quot;&gt;&lt;div class=\\&quot;modula-fancybox-infobar\\&quot;&gt;&lt;span data-fancybox-index&gt;&lt;\\\/span&gt;&nbsp;\\\/&nbsp;&lt;span data-fancybox-count&gt;&lt;\\\/span&gt;&lt;\\\/div&gt;&lt;div class=\\&quot;modula-fancybox-toolbar\\&quot;&gt;{{buttons}}&lt;\\\/div&gt;&lt;div class=\\&quot;modula-fancybox-navigation\\&quot;&gt;{{arrows}}&lt;\\\/div&gt;&lt;div class=\\&quot;modula-fancybox-stage\\&quot;&gt;&lt;\\\/div&gt;&lt;div class=\\&quot;modula-fancybox-caption\\&quot;&gt;&lt;div class=\\&quot;modula-fancybox-caption__body\\&quot;&gt;&lt;\\\/div&gt;&lt;\\\/div&gt;&lt;\\\/div&gt;&lt;\\\/div&gt;&quot;},&quot;inView&quot;:false,&quot;email_subject&quot;:&quot;Sprawd\\u017a ten niesamowity obrazek!&quot;,&quot;email_message&quot;:&quot;Oto odno\\u015bnik do obrazku: %%image_link%%, a to odno\\u015bnik do galerii: %%gallery_link%%&quot;,&quot;grid_type&quot;:&quot;automatic&quot;,&quot;rowHeight&quot;:250,&quot;lastRow&quot;:&quot;justify&quot;,&quot;lightbox&quot;:&quot;fancybox&quot;}\">\n\n\t\n\t<!-- Items Container -->\n\t<div  class=\"modula-items grid-gallery\">\n\t\t<div class=\"modula-item effect-pufrobo\" >\n\t<div class=\"modula-item-overlay\"><\/div>\n\n\t<div class=\"modula-item-content\">\n\n\t\t\t\t\n\t\t\t\t\t<a data-image-id=\"1152\" rel=\"jtg-1151\" data-caption=\"\" aria-label=\"Open image in lightbox\" class=\"tile-inner modula-item-link\"><\/a>\n\t\t\n\t\t<img class=\"pic wp-image-1152 lazyload\"  data-valign=\"middle\" data-halign=\"center\" alt=\"\" data-full=\"https:\/\/tartak-mrocza.pl\/wp-content\/uploads\/2023\/11\/1.jpg\" title=\"1\" width=\"1924\" height=\"1503\" data-src=\"https:\/\/tartak-mrocza.pl\/wp-content\/uploads\/2023\/11\/1.jpg\" data-caption=\"\" data-source=\"modula\" data-srcset=\"https:\/\/tartak-mrocza.pl\/wp-content\/uploads\/2023\/11\/1.jpg 1924w, https:\/\/tartak-mrocza.pl\/wp-content\/uploads\/2023\/11\/1-300x234.jpg 300w, https:\/\/tartak-mrocza.pl\/wp-content\/uploads\/2023\/11\/1-1024x800.jpg 1024w, https:\/\/tartak-mrocza.pl\/wp-content\/uploads\/2023\/11\/1-768x600.jpg 768w, https:\/\/tartak-mrocza.pl\/wp-content\/uploads\/2023\/11\/1-1536x1200.jpg 1536w\" data-sizes=\"(max-width: 1924px) 100vw, 1924px\" \/>\n\t\t<div class=\"figc no-description\">\n\t\t\t<div class=\"figc-inner\">\n\t\t\t\t\t\t\t\t\t\t\t\t\t\t\t<\/div>\n\t\t<\/div>\n\n\t<\/div>\n\n<\/div><div class=\"modula-item effect-pufrobo\" >\n\t<div class=\"modula-item-overlay\"><\/div>\n\n\t<div class=\"modula-item-content\">\n\n\t\t\t\t\n\t\t\t\t\t<a data-image-id=\"1153\" rel=\"jtg-1151\" data-caption=\"\" aria-label=\"Open image in lightbox\" class=\"tile-inner modula-item-link\"><\/a>\n\t\t\n\t\t<img class=\"pic wp-image-1153 lazyload\"  data-valign=\"middle\" data-halign=\"center\" alt=\"\" data-full=\"https:\/\/tartak-mrocza.pl\/wp-content\/uploads\/2023\/11\/2.jpg\" title=\"2\" width=\"1855\" height=\"1340\" data-src=\"https:\/\/tartak-mrocza.pl\/wp-content\/uploads\/2023\/11\/2.jpg\" data-caption=\"\" data-source=\"modula\" data-srcset=\"https:\/\/tartak-mrocza.pl\/wp-content\/uploads\/2023\/11\/2.jpg 1855w, https:\/\/tartak-mrocza.pl\/wp-content\/uploads\/2023\/11\/2-300x217.jpg 300w, https:\/\/tartak-mrocza.pl\/wp-content\/uploads\/2023\/11\/2-1024x740.jpg 1024w, https:\/\/tartak-mrocza.pl\/wp-content\/uploads\/2023\/11\/2-768x555.jpg 768w, https:\/\/tartak-mrocza.pl\/wp-content\/uploads\/2023\/11\/2-1536x1110.jpg 1536w\" data-sizes=\"(max-width: 1855px) 100vw, 1855px\" \/>\n\t\t<div class=\"figc no-description\">\n\t\t\t<div class=\"figc-inner\">\n\t\t\t\t\t\t\t\t\t\t\t\t\t\t\t<\/div>\n\t\t<\/div>\n\n\t<\/div>\n\n<\/div><div class=\"modula-item effect-pufrobo\" >\n\t<div class=\"modula-item-overlay\"><\/div>\n\n\t<div class=\"modula-item-content\">\n\n\t\t\t\t\n\t\t\t\t\t<a data-image-id=\"1154\" rel=\"jtg-1151\" data-caption=\"\" aria-label=\"Open image in lightbox\" class=\"tile-inner modula-item-link\"><\/a>\n\t\t\n\t\t<img class=\"pic wp-image-1154 lazyload\"  data-valign=\"middle\" data-halign=\"center\" alt=\"\" data-full=\"https:\/\/tartak-mrocza.pl\/wp-content\/uploads\/2023\/11\/3.jpg\" title=\"3\" width=\"1574\" height=\"1391\" data-src=\"https:\/\/tartak-mrocza.pl\/wp-content\/uploads\/2023\/11\/3.jpg\" data-caption=\"\" data-source=\"modula\" data-srcset=\"https:\/\/tartak-mrocza.pl\/wp-content\/uploads\/2023\/11\/3.jpg 1574w, https:\/\/tartak-mrocza.pl\/wp-content\/uploads\/2023\/11\/3-300x265.jpg 300w, https:\/\/tartak-mrocza.pl\/wp-content\/uploads\/2023\/11\/3-1024x905.jpg 1024w, https:\/\/tartak-mrocza.pl\/wp-content\/uploads\/2023\/11\/3-768x679.jpg 768w, https:\/\/tartak-mrocza.pl\/wp-content\/uploads\/2023\/11\/3-1536x1357.jpg 1536w\" data-sizes=\"(max-width: 1574px) 100vw, 1574px\" \/>\n\t\t<div class=\"figc no-description\">\n\t\t\t<div class=\"figc-inner\">\n\t\t\t\t\t\t\t\t\t\t\t\t\t\t\t<\/div>\n\t\t<\/div>\n\n\t<\/div>\n\n<\/div><div class=\"modula-item effect-pufrobo\" >\n\t<div class=\"modula-item-overlay\"><\/div>\n\n\t<div class=\"modula-item-content\">\n\n\t\t\t\t\n\t\t\t\t\t<a data-image-id=\"1155\" rel=\"jtg-1151\" data-caption=\"SAMSUNG DIGITAL CAMERA\" aria-label=\"Open image in lightbox\" class=\"tile-inner modula-item-link\"><\/a>\n\t\t\n\t\t<img class=\"pic wp-image-1155 lazyload\"  data-valign=\"middle\" data-halign=\"center\" alt=\"\" data-full=\"https:\/\/tartak-mrocza.pl\/wp-content\/uploads\/2023\/11\/4.jpg\" title=\"SAMSUNG DIGITAL CAMERA\" width=\"1920\" height=\"2560\" data-src=\"https:\/\/tartak-mrocza.pl\/wp-content\/uploads\/2023\/11\/4.jpg\" data-caption=\"SAMSUNG DIGITAL CAMERA\" data-source=\"modula\" data-srcset=\"https:\/\/tartak-mrocza.pl\/wp-content\/uploads\/2023\/11\/4-scaled.jpg 1920w, https:\/\/tartak-mrocza.pl\/wp-content\/uploads\/2023\/11\/4-225x300.jpg 225w, https:\/\/tartak-mrocza.pl\/wp-content\/uploads\/2023\/11\/4-768x1024.jpg 768w, https:\/\/tartak-mrocza.pl\/wp-content\/uploads\/2023\/11\/4-1152x1536.jpg 1152w, https:\/\/tartak-mrocza.pl\/wp-content\/uploads\/2023\/11\/4-1536x2048.jpg 1536w\" data-sizes=\"(max-width: 1920px) 100vw, 1920px\" \/>\n\t\t<div class=\"figc\">\n\t\t\t<div class=\"figc-inner\">\n\t\t\t\t\t\t\t\t\t\t\t\t\t<p class=\"description\">SAMSUNG DIGITAL CAMERA<\/p>\n\t\t\t\t\t\t\t\t\t\t\t<\/div>\n\t\t<\/div>\n\n\t<\/div>\n\n<\/div>\t\t\n\t<\/div>\n\n\t\n\t\n\t<script type=\"application\/ld+json\">\n\t{\n\t\t\"@context\": \"http:\/\/schema.org\",\n\t\t\"@type\"   : \"ImageGallery\",\n\t\t\"id\"      : \"https:\/\/tartak-mrocza.pl\",\n\t\t\"url\"     : \"https:\/\/tartak-mrocza.pl\"\n\t}\n\n    <\/script>\n\n\t\n<\/div>\n\n\n<p>Podano ceny brutto, kt\u00f3re nie s\u0105 ofert\u0105 handlow\u0105 a jedynie zaproszeniem do sk\u0142adania zapyta\u0144.<\/p>\n","protected":false},"excerpt":{"rendered":"<p>Podano ceny brutto, kt\u00f3re nie s\u0105 ofert\u0105 handlow\u0105 a jedynie zaproszeniem do sk\u0142adania zapyta\u0144. Paliki ogrodnicze Paliki do pomidor\u00f3w, fasoli, pn\u0105czy i innych ro\u015blin ogrodowych.Stosowane s\u0105 do wzmocnie\u0144 i ochrony \u015bwie\u017co wsadzonych drzewek.&nbsp; U\u017cywa si\u0119 ich r\u00f3wnie\u017c do wydzielania i odgradzania konkretnej przestrzeni ogrodowej oraz wytyczania \u015bcie\u017cek czy chodnik\u00f3w. Tyczki [&hellip;]<\/p>\n","protected":false},"author":1,"featured_media":1152,"parent":0,"menu_order":0,"comment_status":"closed","ping_status":"closed","template":"","meta":{"footnotes":""},"yoast_head":"<!-- This site is optimized with the Yoast SEO plugin v23.2 - https:\/\/yoast.com\/wordpress\/plugins\/seo\/ -->\n<title>Paliki ogrodnicze - Tartak - Stolarnia<\/title>\n<meta name=\"robots\" content=\"index, follow, max-snippet:-1, max-image-preview:large, max-video-preview:-1\" \/>\n<link rel=\"canonical\" href=\"https:\/\/tartak-mrocza.pl\/?page_id=1145\" \/>\n<meta property=\"og:locale\" content=\"en_US\" \/>\n<meta property=\"og:type\" content=\"article\" \/>\n<meta property=\"og:title\" content=\"Paliki ogrodnicze - Tartak - Stolarnia\" \/>\n<meta property=\"og:description\" content=\"Podano ceny brutto, kt\u00f3re nie s\u0105 ofert\u0105 handlow\u0105 a jedynie zaproszeniem do sk\u0142adania zapyta\u0144. Paliki ogrodnicze Paliki do pomidor\u00f3w, fasoli, pn\u0105czy i innych ro\u015blin ogrodowych.Stosowane s\u0105 do wzmocnie\u0144 i ochrony \u015bwie\u017co wsadzonych drzewek.&nbsp; U\u017cywa si\u0119 ich r\u00f3wnie\u017c do wydzielania i odgradzania konkretnej przestrzeni ogrodowej oraz wytyczania \u015bcie\u017cek czy chodnik\u00f3w. Tyczki [&hellip;]\" \/>\n<meta property=\"og:url\" content=\"https:\/\/tartak-mrocza.pl\/?page_id=1145\" \/>\n<meta property=\"og:site_name\" content=\"Tartak - Stolarnia\" \/>\n<meta property=\"article:modified_time\" content=\"2025-11-08T10:00:53+00:00\" \/>\n<meta property=\"og:image\" content=\"https:\/\/tartak-mrocza.pl\/wp-content\/uploads\/2023\/11\/1.jpg\" \/>\n\t<meta property=\"og:image:width\" content=\"1924\" \/>\n\t<meta property=\"og:image:height\" content=\"1503\" \/>\n\t<meta property=\"og:image:type\" content=\"image\/jpeg\" \/>\n<meta name=\"twitter:card\" content=\"summary_large_image\" \/>\n<meta name=\"twitter:label1\" content=\"Est. reading time\" \/>\n\t<meta name=\"twitter:data1\" content=\"1 minute\" \/>\n<script type=\"application\/ld+json\" class=\"yoast-schema-graph\">{\"@context\":\"https:\/\/schema.org\",\"@graph\":[{\"@type\":\"WebPage\",\"@id\":\"https:\/\/tartak-mrocza.pl\/?page_id=1145\",\"url\":\"https:\/\/tartak-mrocza.pl\/?page_id=1145\",\"name\":\"Paliki ogrodnicze - Tartak - Stolarnia\",\"isPartOf\":{\"@id\":\"https:\/\/tartak-mrocza.pl\/#website\"},\"primaryImageOfPage\":{\"@id\":\"https:\/\/tartak-mrocza.pl\/?page_id=1145#primaryimage\"},\"image\":{\"@id\":\"https:\/\/tartak-mrocza.pl\/?page_id=1145#primaryimage\"},\"thumbnailUrl\":\"https:\/\/tartak-mrocza.pl\/wp-content\/uploads\/2023\/11\/1.jpg\",\"datePublished\":\"2023-11-14T20:13:55+00:00\",\"dateModified\":\"2025-11-08T10:00:53+00:00\",\"breadcrumb\":{\"@id\":\"https:\/\/tartak-mrocza.pl\/?page_id=1145#breadcrumb\"},\"inLanguage\":\"en-US\",\"potentialAction\":[{\"@type\":\"ReadAction\",\"target\":[\"https:\/\/tartak-mrocza.pl\/?page_id=1145\"]}]},{\"@type\":\"ImageObject\",\"inLanguage\":\"en-US\",\"@id\":\"https:\/\/tartak-mrocza.pl\/?page_id=1145#primaryimage\",\"url\":\"https:\/\/tartak-mrocza.pl\/wp-content\/uploads\/2023\/11\/1.jpg\",\"contentUrl\":\"https:\/\/tartak-mrocza.pl\/wp-content\/uploads\/2023\/11\/1.jpg\",\"width\":1924,\"height\":1503},{\"@type\":\"BreadcrumbList\",\"@id\":\"https:\/\/tartak-mrocza.pl\/?page_id=1145#breadcrumb\",\"itemListElement\":[{\"@type\":\"ListItem\",\"position\":1,\"name\":\"Strona g\u0142\u00f3wna\",\"item\":\"https:\/\/tartak-mrocza.pl\/\"},{\"@type\":\"ListItem\",\"position\":2,\"name\":\"Paliki ogrodnicze\"}]},{\"@type\":\"WebSite\",\"@id\":\"https:\/\/tartak-mrocza.pl\/#website\",\"url\":\"https:\/\/tartak-mrocza.pl\/\",\"name\":\"Tartak-Stolarnia Tomczak\",\"description\":\"Stolarstwo i us\u0142ugi budowlane dla klient\u00f3w indywidualnych z gwarancj\u0105 wykonania pracy oraz czytelnymi i dok\u0142adnymi wycenami.\",\"publisher\":{\"@id\":\"https:\/\/tartak-mrocza.pl\/#organization\"},\"potentialAction\":[{\"@type\":\"SearchAction\",\"target\":{\"@type\":\"EntryPoint\",\"urlTemplate\":\"https:\/\/tartak-mrocza.pl\/?s={search_term_string}\"},\"query-input\":\"required name=search_term_string\"}],\"inLanguage\":\"en-US\"},{\"@type\":\"Organization\",\"@id\":\"https:\/\/tartak-mrocza.pl\/#organization\",\"name\":\"Tartak-Stolarnia Tomczak\",\"url\":\"https:\/\/tartak-mrocza.pl\/\",\"logo\":{\"@type\":\"ImageObject\",\"inLanguage\":\"en-US\",\"@id\":\"https:\/\/tartak-mrocza.pl\/#\/schema\/logo\/image\/\",\"url\":\"https:\/\/tartak-mrocza.pl\/wp-content\/uploads\/2021\/02\/Panorama-listewki-scaled.jpg\",\"contentUrl\":\"https:\/\/tartak-mrocza.pl\/wp-content\/uploads\/2021\/02\/Panorama-listewki-scaled.jpg\",\"width\":2560,\"height\":1497,\"caption\":\"Tartak-Stolarnia Tomczak\"},\"image\":{\"@id\":\"https:\/\/tartak-mrocza.pl\/#\/schema\/logo\/image\/\"}}]}<\/script>\n<!-- \/ Yoast SEO plugin. -->","yoast_head_json":{"title":"Paliki ogrodnicze - Tartak - Stolarnia","robots":{"index":"index","follow":"follow","max-snippet":"max-snippet:-1","max-image-preview":"max-image-preview:large","max-video-preview":"max-video-preview:-1"},"canonical":"https:\/\/tartak-mrocza.pl\/?page_id=1145","og_locale":"en_US","og_type":"article","og_title":"Paliki ogrodnicze - Tartak - Stolarnia","og_description":"Podano ceny brutto, kt\u00f3re nie s\u0105 ofert\u0105 handlow\u0105 a jedynie zaproszeniem do sk\u0142adania zapyta\u0144. Paliki ogrodnicze Paliki do pomidor\u00f3w, fasoli, pn\u0105czy i innych ro\u015blin ogrodowych.Stosowane s\u0105 do wzmocnie\u0144 i ochrony \u015bwie\u017co wsadzonych drzewek.&nbsp; U\u017cywa si\u0119 ich r\u00f3wnie\u017c do wydzielania i odgradzania konkretnej przestrzeni ogrodowej oraz wytyczania \u015bcie\u017cek czy chodnik\u00f3w. Tyczki [&hellip;]","og_url":"https:\/\/tartak-mrocza.pl\/?page_id=1145","og_site_name":"Tartak - Stolarnia","article_modified_time":"2025-11-08T10:00:53+00:00","og_image":[{"width":1924,"height":1503,"url":"https:\/\/tartak-mrocza.pl\/wp-content\/uploads\/2023\/11\/1.jpg","type":"image\/jpeg"}],"twitter_card":"summary_large_image","twitter_misc":{"Est. reading time":"1 minute"},"schema":{"@context":"https:\/\/schema.org","@graph":[{"@type":"WebPage","@id":"https:\/\/tartak-mrocza.pl\/?page_id=1145","url":"https:\/\/tartak-mrocza.pl\/?page_id=1145","name":"Paliki ogrodnicze - Tartak - Stolarnia","isPartOf":{"@id":"https:\/\/tartak-mrocza.pl\/#website"},"primaryImageOfPage":{"@id":"https:\/\/tartak-mrocza.pl\/?page_id=1145#primaryimage"},"image":{"@id":"https:\/\/tartak-mrocza.pl\/?page_id=1145#primaryimage"},"thumbnailUrl":"https:\/\/tartak-mrocza.pl\/wp-content\/uploads\/2023\/11\/1.jpg","datePublished":"2023-11-14T20:13:55+00:00","dateModified":"2025-11-08T10:00:53+00:00","breadcrumb":{"@id":"https:\/\/tartak-mrocza.pl\/?page_id=1145#breadcrumb"},"inLanguage":"en-US","potentialAction":[{"@type":"ReadAction","target":["https:\/\/tartak-mrocza.pl\/?page_id=1145"]}]},{"@type":"ImageObject","inLanguage":"en-US","@id":"https:\/\/tartak-mrocza.pl\/?page_id=1145#primaryimage","url":"https:\/\/tartak-mrocza.pl\/wp-content\/uploads\/2023\/11\/1.jpg","contentUrl":"https:\/\/tartak-mrocza.pl\/wp-content\/uploads\/2023\/11\/1.jpg","width":1924,"height":1503},{"@type":"BreadcrumbList","@id":"https:\/\/tartak-mrocza.pl\/?page_id=1145#breadcrumb","itemListElement":[{"@type":"ListItem","position":1,"name":"Strona g\u0142\u00f3wna","item":"https:\/\/tartak-mrocza.pl\/"},{"@type":"ListItem","position":2,"name":"Paliki ogrodnicze"}]},{"@type":"WebSite","@id":"https:\/\/tartak-mrocza.pl\/#website","url":"https:\/\/tartak-mrocza.pl\/","name":"Tartak-Stolarnia Tomczak","description":"Stolarstwo i us\u0142ugi budowlane dla klient\u00f3w indywidualnych z gwarancj\u0105 wykonania pracy oraz czytelnymi i dok\u0142adnymi wycenami.","publisher":{"@id":"https:\/\/tartak-mrocza.pl\/#organization"},"potentialAction":[{"@type":"SearchAction","target":{"@type":"EntryPoint","urlTemplate":"https:\/\/tartak-mrocza.pl\/?s={search_term_string}"},"query-input":"required name=search_term_string"}],"inLanguage":"en-US"},{"@type":"Organization","@id":"https:\/\/tartak-mrocza.pl\/#organization","name":"Tartak-Stolarnia Tomczak","url":"https:\/\/tartak-mrocza.pl\/","logo":{"@type":"ImageObject","inLanguage":"en-US","@id":"https:\/\/tartak-mrocza.pl\/#\/schema\/logo\/image\/","url":"https:\/\/tartak-mrocza.pl\/wp-content\/uploads\/2021\/02\/Panorama-listewki-scaled.jpg","contentUrl":"https:\/\/tartak-mrocza.pl\/wp-content\/uploads\/2021\/02\/Panorama-listewki-scaled.jpg","width":2560,"height":1497,"caption":"Tartak-Stolarnia Tomczak"},"image":{"@id":"https:\/\/tartak-mrocza.pl\/#\/schema\/logo\/image\/"}}]}},"_links":{"self":[{"href":"https:\/\/tartak-mrocza.pl\/index.php?rest_route=\/wp\/v2\/pages\/1145"}],"collection":[{"href":"https:\/\/tartak-mrocza.pl\/index.php?rest_route=\/wp\/v2\/pages"}],"about":[{"href":"https:\/\/tartak-mrocza.pl\/index.php?rest_route=\/wp\/v2\/types\/page"}],"author":[{"embeddable":true,"href":"https:\/\/tartak-mrocza.pl\/index.php?rest_route=\/wp\/v2\/users\/1"}],"replies":[{"embeddable":true,"href":"https:\/\/tartak-mrocza.pl\/index.php?rest_route=%2Fwp%2Fv2%2Fcomments&post=1145"}],"version-history":[{"count":7,"href":"https:\/\/tartak-mrocza.pl\/index.php?rest_route=\/wp\/v2\/pages\/1145\/revisions"}],"predecessor-version":[{"id":1481,"href":"https:\/\/tartak-mrocza.pl\/index.php?rest_route=\/wp\/v2\/pages\/1145\/revisions\/1481"}],"wp:featuredmedia":[{"embeddable":true,"href":"https:\/\/tartak-mrocza.pl\/index.php?rest_route=\/wp\/v2\/media\/1152"}],"wp:attachment":[{"href":"https:\/\/tartak-mrocza.pl\/index.php?rest_route=%2Fwp%2Fv2%2Fmedia&parent=1145"}],"curies":[{"name":"wp","href":"https:\/\/api.w.org\/{rel}","templated":true}]}}