{"id":1125,"date":"2023-11-09T19:07:20","date_gmt":"2023-11-09T18:07:20","guid":{"rendered":"https:\/\/tartak-mrocza.pl\/?page_id=1125"},"modified":"2024-05-28T23:17:42","modified_gmt":"2024-05-28T21:17:42","slug":"kliny-montazowe","status":"publish","type":"page","link":"https:\/\/tartak-mrocza.pl\/?page_id=1125","title":{"rendered":"Kliny monta\u017cowe"},"content":{"rendered":"\n<p>Podano ceny brutto, kt\u00f3re nie s\u0105 ofert\u0105 handlow\u0105 a jedynie zaproszeniem do sk\u0142adania zapyta\u0144.<\/p>\n\n\n\n<h2 class=\"wp-block-heading\">Kliny monta\u017cowe<\/h2>\n\n\n\n<p>Kliny wykonane z drewna sosnowego i topolowego to elementy umo\u017cliwiaj\u0105ce w prosty spos\u00f3b poziomowanie legar\u00f3w, stempli i strop\u00f3w w budownictwie, osadzanie okien i drzwi, itp.<\/p>\n\n\n\n<p>Zalecamy wbijanie w jednym miejscu po dwa kliny naprzeciwko siebie przez co uzyskamy r\u00f3wnoleg\u0142o\u015b\u0107 zewn\u0119trznych p\u0142aszczyzn. Przy monta\u017cu na sta\u0142e zalecamy posmarowa\u0107 stykaj\u0105ce si\u0119 p\u0142aszczyzny klejem do drewna.<\/p>\n\n\n\n<p>Mo\u017cliwo\u015b\u0107 wysy\u0142ki.<\/p>\n\n\n\n<figure class=\"wp-block-table is-style-stripes\"><table><tbody><tr><td><strong>NAZWA<\/strong><\/td><td><strong>CENA<\/strong><\/td><\/tr><tr><td>szer. x d\u0142. x wys.<br>(a)  x  (b)  x  (c)<\/td><td><\/td><\/tr><tr><td>Klin 2 x 26 x 2,5<\/td><td>0,47 z\u0142\/szt<\/td><\/tr><tr><td>Klin 6 x 21 x 3,5<\/td><td>1,10 z\u0142\/szt<\/td><\/tr><tr><td>Klin 7 x 21 x 3,5<\/td><td>1,30 z\u0142\/szt<\/td><\/tr><\/tbody><\/table><\/figure>\n\n\n\n<figure class=\"wp-block-image size-large is-resized\"><img loading=\"lazy\" decoding=\"async\" width=\"1024\" height=\"770\" src=\"https:\/\/tartak-mrocza.pl\/wp-content\/uploads\/2024\/05\/IMG_2888_New11-1024x770.jpg\" alt=\"\" class=\"wp-image-1333\" style=\"width:840px;height:auto\" srcset=\"https:\/\/tartak-mrocza.pl\/wp-content\/uploads\/2024\/05\/IMG_2888_New11-1024x770.jpg 1024w, https:\/\/tartak-mrocza.pl\/wp-content\/uploads\/2024\/05\/IMG_2888_New11-300x226.jpg 300w, https:\/\/tartak-mrocza.pl\/wp-content\/uploads\/2024\/05\/IMG_2888_New11-768x578.jpg 768w, https:\/\/tartak-mrocza.pl\/wp-content\/uploads\/2024\/05\/IMG_2888_New11.jpg 1536w\" sizes=\"(max-width: 1024px) 100vw, 1024px\" \/><\/figure>\n\n\n\n<p><\/p>\n\n\n<style>#jtg-1130 .modula-item .jtg-social a, .lightbox-socials.jtg-social a{ color: #ffffff }#jtg-1130 .modula-item .jtg-social svg, .lightbox-socials.jtg-social svg { height: 16px; width: 16px }#jtg-1130 .modula-item .jtg-social a:not(:last-child), .lightbox-socials.jtg-social a:not(:last-child) { margin-right: 10px }#jtg-1130 .modula-item .figc {}#jtg-1130 .modula-item .modula-item-content { transform: scale(1) }#jtg-1130 { width:100%;}#jtg-1130 .modula-items .figc p.description { font-size:14px; }#jtg-1130 .modula-items .figc p.description { color:;}#jtg-1130.modula-gallery .modula-item > a, #jtg-1130.modula-gallery .modula-item, #jtg-1130.modula-gallery .modula-item-content > a:not(.modula-no-follow) { cursor:zoom-in; } #jtg-1130.modula-gallery .modula-item-content .modula-no-follow { cursor: default; } #jtg-1130.modula-gallery .modula-item, #jtg-1130.modula-gallery .modula-grid-sizer { width: calc(100% - 0px) ; } @media (min-width: 768px) and (max-width:992px) { html body #jtg-1130.modula-gallery .modula-item, html body  #jtg-1130.modula-gallery .modula-grid-sizer {width: calc(100% - 0px ) ; } }@media (max-width: 768px) { html body #jtg-1130.modula-gallery .modula-item, html body  #jtg-1130.modula-gallery .modula-grid-sizer {width: calc(100% - 0px ) ; } }#jtg-1130 .modula-items{position:relative;}@media screen and (max-width:480px){#jtg-1130 .modula-item .figc .jtg-title {  font-size: 12px; }#jtg-1130 .modula-items .figc p.description { color:;font-size:10px; }}<\/style>\n<!-- Gallery Container -->\n<div  id=\"jtg-1130\" class=\"modula modula-gallery modula-columns\" data-config=\"{&quot;tabletHeight&quot;:0,&quot;mobileHeight&quot;:0,&quot;desktopHeight&quot;:0,&quot;enableTwitter&quot;:false,&quot;enableWhatsapp&quot;:false,&quot;enableFacebook&quot;:false,&quot;enablePinterest&quot;:false,&quot;enableLinkedin&quot;:false,&quot;enableEmail&quot;:false,&quot;randomFactor&quot;:0,&quot;type&quot;:&quot;grid&quot;,&quot;columns&quot;:12,&quot;gutter&quot;:10,&quot;mobileGutter&quot;:10,&quot;tabletGutter&quot;:10,&quot;desktopGutter&quot;:10,&quot;enableResponsive&quot;:&quot;0&quot;,&quot;tabletColumns&quot;:&quot;2&quot;,&quot;mobileColumns&quot;:&quot;1&quot;,&quot;lazyLoad&quot;:&quot;1&quot;,&quot;lightboxOpts&quot;:{&quot;loop&quot;:false,&quot;arrows&quot;:true,&quot;toolbar&quot;:true,&quot;keyboard&quot;:true,&quot;wheel&quot;:false,&quot;buttons&quot;:[&quot;close&quot;],&quot;hash&quot;:false,&quot;lang&quot;:&quot;en&quot;,&quot;touch&quot;:false,&quot;protect&quot;:false,&quot;i18n&quot;:{&quot;en&quot;:{&quot;CLOSE&quot;:&quot;Close&quot;,&quot;NEXT&quot;:&quot;Next&quot;,&quot;PREV&quot;:&quot;Previous&quot;,&quot;Error&quot;:&quot;The requested content cannot be loaded. Please try again later.&quot;,&quot;PLAY_START&quot;:&quot;Start slideshow&quot;,&quot;PLAY_STOP&quot;:&quot;Pause slideshow&quot;,&quot;FULL_SCREEN&quot;:&quot;Full screen&quot;,&quot;THUMBS&quot;:&quot;Thumbnails&quot;,&quot;DOWNLOAD&quot;:&quot;Download&quot;,&quot;SHARE&quot;:&quot;Share&quot;,&quot;ZOOM&quot;:&quot;Zoom&quot;}},&quot;clickSlide&quot;:false,&quot;clickOutside&quot;:false,&quot;dblclickContent&quot;:false,&quot;dblclickSlide&quot;:false,&quot;dblclickOutside&quot;:false,&quot;clickContent&quot;:false,&quot;baseTpl&quot;:&quot;&lt;div class=\\&quot;modula-fancybox-container modula-lightbox-jtg-1130\\&quot; role=\\&quot;dialog\\&quot; tabindex=\\&quot;-1\\&quot;&gt;&lt;div class=\\&quot;modula-fancybox-bg\\&quot;&gt;&lt;\\\/div&gt;&lt;div class=\\&quot;modula-fancybox-inner\\&quot;&gt;&lt;div class=\\&quot;modula-fancybox-infobar\\&quot;&gt;&lt;span data-fancybox-index&gt;&lt;\\\/span&gt;&nbsp;\\\/&nbsp;&lt;span data-fancybox-count&gt;&lt;\\\/span&gt;&lt;\\\/div&gt;&lt;div class=\\&quot;modula-fancybox-toolbar\\&quot;&gt;{{buttons}}&lt;\\\/div&gt;&lt;div class=\\&quot;modula-fancybox-navigation\\&quot;&gt;{{arrows}}&lt;\\\/div&gt;&lt;div class=\\&quot;modula-fancybox-stage\\&quot;&gt;&lt;\\\/div&gt;&lt;div class=\\&quot;modula-fancybox-caption\\&quot;&gt;&lt;div class=\\&quot;modula-fancybox-caption__body\\&quot;&gt;&lt;\\\/div&gt;&lt;\\\/div&gt;&lt;\\\/div&gt;&lt;\\\/div&gt;&quot;},&quot;inView&quot;:false,&quot;email_subject&quot;:&quot;Sprawd\\u017a ten niesamowity obrazek!&quot;,&quot;email_message&quot;:&quot;Oto odno\\u015bnik do obrazku: %%image_link%%, a to odno\\u015bnik do galerii: %%gallery_link%%&quot;,&quot;grid_type&quot;:&quot;1&quot;,&quot;rowHeight&quot;:0,&quot;lastRow&quot;:&quot;&quot;,&quot;lightbox&quot;:&quot;fancybox&quot;}\">\n\n\t<div class=\"modula-grid-sizer\"> <\/div>\n\t<!-- Items Container -->\n\t<div  class=\"modula-items grid-gallery\">\n\t\t<div class=\"modula-item effect-pufrobo\" >\n\t<div class=\"modula-item-overlay\"><\/div>\n\n\t<div class=\"modula-item-content\">\n\n\t\t\t\t\n\t\t\t\t\t<a data-image-id=\"1134\" rel=\"jtg-1130\" data-caption=\"OLYMPUS DIGITAL CAMERA\" aria-label=\"Open image in lightbox\" class=\"tile-inner modula-item-link\"><\/a>\n\t\t\n\t\t<img class=\"pic wp-image-1134 lazyload\"  data-valign=\"middle\" data-halign=\"center\" alt=\"\" data-full=\"https:\/\/tartak-mrocza.pl\/wp-content\/uploads\/2023\/11\/P1012434.jpg\" title=\"OLYMPUS DIGITAL CAMERA\" width=\"2560\" height=\"1920\" data-src=\"https:\/\/tartak-mrocza.pl\/wp-content\/uploads\/2023\/11\/P1012434.jpg\" data-caption=\"OLYMPUS DIGITAL CAMERA\" data-source=\"modula\" data-srcset=\"https:\/\/tartak-mrocza.pl\/wp-content\/uploads\/2023\/11\/P1012434-scaled.jpg 2560w, https:\/\/tartak-mrocza.pl\/wp-content\/uploads\/2023\/11\/P1012434-300x225.jpg 300w, https:\/\/tartak-mrocza.pl\/wp-content\/uploads\/2023\/11\/P1012434-1024x768.jpg 1024w, https:\/\/tartak-mrocza.pl\/wp-content\/uploads\/2023\/11\/P1012434-768x576.jpg 768w, https:\/\/tartak-mrocza.pl\/wp-content\/uploads\/2023\/11\/P1012434-1536x1152.jpg 1536w, https:\/\/tartak-mrocza.pl\/wp-content\/uploads\/2023\/11\/P1012434-2048x1536.jpg 2048w\" data-sizes=\"(max-width: 2560px) 100vw, 2560px\" \/>\n\t\t<div class=\"figc\">\n\t\t\t<div class=\"figc-inner\">\n\t\t\t\t\t\t\t\t\t\t\t\t\t\t\t<\/div>\n\t\t<\/div>\n\n\t<\/div>\n\n<\/div><div class=\"modula-item effect-pufrobo\" >\n\t<div class=\"modula-item-overlay\"><\/div>\n\n\t<div class=\"modula-item-content\">\n\n\t\t\t\t\n\t\t\t\t\t<a data-image-id=\"1133\" rel=\"jtg-1130\" data-caption=\"OLYMPUS DIGITAL CAMERA\" aria-label=\"Open image in lightbox\" class=\"tile-inner modula-item-link\"><\/a>\n\t\t\n\t\t<img class=\"pic wp-image-1133 lazyload\"  data-valign=\"middle\" data-halign=\"center\" alt=\"\" data-full=\"https:\/\/tartak-mrocza.pl\/wp-content\/uploads\/2023\/11\/P1012410.jpg\" title=\"OLYMPUS DIGITAL CAMERA\" width=\"2560\" height=\"1920\" data-src=\"https:\/\/tartak-mrocza.pl\/wp-content\/uploads\/2023\/11\/P1012410.jpg\" data-caption=\"OLYMPUS DIGITAL CAMERA\" data-source=\"modula\" data-srcset=\"https:\/\/tartak-mrocza.pl\/wp-content\/uploads\/2023\/11\/P1012410-scaled.jpg 2560w, https:\/\/tartak-mrocza.pl\/wp-content\/uploads\/2023\/11\/P1012410-300x225.jpg 300w, https:\/\/tartak-mrocza.pl\/wp-content\/uploads\/2023\/11\/P1012410-1024x768.jpg 1024w, https:\/\/tartak-mrocza.pl\/wp-content\/uploads\/2023\/11\/P1012410-768x576.jpg 768w, https:\/\/tartak-mrocza.pl\/wp-content\/uploads\/2023\/11\/P1012410-1536x1152.jpg 1536w, https:\/\/tartak-mrocza.pl\/wp-content\/uploads\/2023\/11\/P1012410-2048x1536.jpg 2048w\" data-sizes=\"(max-width: 2560px) 100vw, 2560px\" \/>\n\t\t<div class=\"figc\">\n\t\t\t<div class=\"figc-inner\">\n\t\t\t\t\t\t\t\t\t\t\t\t\t\t\t<\/div>\n\t\t<\/div>\n\n\t<\/div>\n\n<\/div><div class=\"modula-item effect-pufrobo\" >\n\t<div class=\"modula-item-overlay\"><\/div>\n\n\t<div class=\"modula-item-content\">\n\n\t\t\t\t\n\t\t\t\t\t<a data-image-id=\"1131\" rel=\"jtg-1130\" data-caption=\"OLYMPUS DIGITAL CAMERA\" aria-label=\"Open image in lightbox\" class=\"tile-inner modula-item-link\"><\/a>\n\t\t\n\t\t<img class=\"pic wp-image-1131 lazyload\"  data-valign=\"middle\" data-halign=\"center\" alt=\"\" data-full=\"https:\/\/tartak-mrocza.pl\/wp-content\/uploads\/2023\/11\/P1012361.jpg\" title=\"OLYMPUS DIGITAL CAMERA\" width=\"2560\" height=\"1920\" data-src=\"https:\/\/tartak-mrocza.pl\/wp-content\/uploads\/2023\/11\/P1012361.jpg\" data-caption=\"OLYMPUS DIGITAL CAMERA\" data-source=\"modula\" data-srcset=\"https:\/\/tartak-mrocza.pl\/wp-content\/uploads\/2023\/11\/P1012361-scaled.jpg 2560w, https:\/\/tartak-mrocza.pl\/wp-content\/uploads\/2023\/11\/P1012361-300x225.jpg 300w, https:\/\/tartak-mrocza.pl\/wp-content\/uploads\/2023\/11\/P1012361-1024x768.jpg 1024w, https:\/\/tartak-mrocza.pl\/wp-content\/uploads\/2023\/11\/P1012361-768x576.jpg 768w, https:\/\/tartak-mrocza.pl\/wp-content\/uploads\/2023\/11\/P1012361-1536x1152.jpg 1536w, https:\/\/tartak-mrocza.pl\/wp-content\/uploads\/2023\/11\/P1012361-2048x1536.jpg 2048w\" data-sizes=\"(max-width: 2560px) 100vw, 2560px\" \/>\n\t\t<div class=\"figc\">\n\t\t\t<div class=\"figc-inner\">\n\t\t\t\t\t\t\t\t\t\t\t\t\t\t\t<\/div>\n\t\t<\/div>\n\n\t<\/div>\n\n<\/div><div class=\"modula-item effect-pufrobo\" >\n\t<div class=\"modula-item-overlay\"><\/div>\n\n\t<div class=\"modula-item-content\">\n\n\t\t\t\t\n\t\t\t\t\t<a data-image-id=\"1132\" rel=\"jtg-1130\" data-caption=\"OLYMPUS DIGITAL CAMERA\" aria-label=\"Open image in lightbox\" class=\"tile-inner modula-item-link\"><\/a>\n\t\t\n\t\t<img class=\"pic wp-image-1132 lazyload\"  data-valign=\"middle\" data-halign=\"center\" alt=\"\" data-full=\"https:\/\/tartak-mrocza.pl\/wp-content\/uploads\/2023\/11\/P1012366.jpg\" title=\"OLYMPUS DIGITAL CAMERA\" width=\"2560\" height=\"1920\" data-src=\"https:\/\/tartak-mrocza.pl\/wp-content\/uploads\/2023\/11\/P1012366.jpg\" data-caption=\"OLYMPUS DIGITAL CAMERA\" data-source=\"modula\" data-srcset=\"https:\/\/tartak-mrocza.pl\/wp-content\/uploads\/2023\/11\/P1012366-scaled.jpg 2560w, https:\/\/tartak-mrocza.pl\/wp-content\/uploads\/2023\/11\/P1012366-300x225.jpg 300w, https:\/\/tartak-mrocza.pl\/wp-content\/uploads\/2023\/11\/P1012366-1024x768.jpg 1024w, https:\/\/tartak-mrocza.pl\/wp-content\/uploads\/2023\/11\/P1012366-768x576.jpg 768w, https:\/\/tartak-mrocza.pl\/wp-content\/uploads\/2023\/11\/P1012366-1536x1152.jpg 1536w, https:\/\/tartak-mrocza.pl\/wp-content\/uploads\/2023\/11\/P1012366-2048x1536.jpg 2048w\" data-sizes=\"(max-width: 2560px) 100vw, 2560px\" \/>\n\t\t<div class=\"figc\">\n\t\t\t<div class=\"figc-inner\">\n\t\t\t\t\t\t\t\t\t\t\t\t\t\t\t<\/div>\n\t\t<\/div>\n\n\t<\/div>\n\n<\/div><div class=\"modula-item effect-pufrobo\" >\n\t<div class=\"modula-item-overlay\"><\/div>\n\n\t<div class=\"modula-item-content\">\n\n\t\t\t\t\n\t\t\t\t\t<a data-image-id=\"1135\" rel=\"jtg-1130\" data-caption=\"OLYMPUS DIGITAL CAMERA\" aria-label=\"Open image in lightbox\" class=\"tile-inner modula-item-link\"><\/a>\n\t\t\n\t\t<img class=\"pic wp-image-1135 lazyload\"  data-valign=\"middle\" data-halign=\"center\" alt=\"\" data-full=\"https:\/\/tartak-mrocza.pl\/wp-content\/uploads\/2023\/11\/P1012444.jpg\" title=\"OLYMPUS DIGITAL CAMERA\" width=\"2560\" height=\"1920\" data-src=\"https:\/\/tartak-mrocza.pl\/wp-content\/uploads\/2023\/11\/P1012444.jpg\" data-caption=\"OLYMPUS DIGITAL CAMERA\" data-source=\"modula\" data-srcset=\"https:\/\/tartak-mrocza.pl\/wp-content\/uploads\/2023\/11\/P1012444-scaled.jpg 2560w, https:\/\/tartak-mrocza.pl\/wp-content\/uploads\/2023\/11\/P1012444-300x225.jpg 300w, https:\/\/tartak-mrocza.pl\/wp-content\/uploads\/2023\/11\/P1012444-1024x768.jpg 1024w, https:\/\/tartak-mrocza.pl\/wp-content\/uploads\/2023\/11\/P1012444-768x576.jpg 768w, https:\/\/tartak-mrocza.pl\/wp-content\/uploads\/2023\/11\/P1012444-1536x1152.jpg 1536w, https:\/\/tartak-mrocza.pl\/wp-content\/uploads\/2023\/11\/P1012444-2048x1536.jpg 2048w\" data-sizes=\"(max-width: 2560px) 100vw, 2560px\" \/>\n\t\t<div class=\"figc\">\n\t\t\t<div class=\"figc-inner\">\n\t\t\t\t\t\t\t\t\t\t\t\t\t\t\t<\/div>\n\t\t<\/div>\n\n\t<\/div>\n\n<\/div>\t\t\n\t<\/div>\n\n\t\n\t\n\t<script type=\"application\/ld+json\">\n\t{\n\t\t\"@context\": \"http:\/\/schema.org\",\n\t\t\"@type\"   : \"ImageGallery\",\n\t\t\"id\"      : \"https:\/\/tartak-mrocza.pl\",\n\t\t\"url\"     : \"https:\/\/tartak-mrocza.pl\"\n\t}\n\n    <\/script>\n\n\t\n<\/div>","protected":false},"excerpt":{"rendered":"<p>Podano ceny brutto, kt\u00f3re nie s\u0105 ofert\u0105 handlow\u0105 a jedynie zaproszeniem do sk\u0142adania zapyta\u0144. Kliny monta\u017cowe Kliny wykonane z drewna sosnowego i topolowego to elementy umo\u017cliwiaj\u0105ce w prosty spos\u00f3b poziomowanie legar\u00f3w, stempli i strop\u00f3w w budownictwie, osadzanie okien i drzwi, itp. Zalecamy wbijanie w jednym miejscu po dwa kliny naprzeciwko [&hellip;]<\/p>\n","protected":false},"author":1,"featured_media":1134,"parent":0,"menu_order":0,"comment_status":"closed","ping_status":"closed","template":"","meta":{"footnotes":""},"yoast_head":"<!-- This site is optimized with the Yoast SEO plugin v23.2 - https:\/\/yoast.com\/wordpress\/plugins\/seo\/ -->\n<title>Kliny monta\u017cowe - Tartak - Stolarnia<\/title>\n<meta name=\"robots\" content=\"index, follow, max-snippet:-1, max-image-preview:large, max-video-preview:-1\" \/>\n<link rel=\"canonical\" href=\"https:\/\/tartak-mrocza.pl\/?page_id=1125\" \/>\n<meta property=\"og:locale\" content=\"en_US\" \/>\n<meta property=\"og:type\" content=\"article\" \/>\n<meta property=\"og:title\" content=\"Kliny monta\u017cowe - Tartak - Stolarnia\" \/>\n<meta property=\"og:description\" content=\"Podano ceny brutto, kt\u00f3re nie s\u0105 ofert\u0105 handlow\u0105 a jedynie zaproszeniem do sk\u0142adania zapyta\u0144. Kliny monta\u017cowe Kliny wykonane z drewna sosnowego i topolowego to elementy umo\u017cliwiaj\u0105ce w prosty spos\u00f3b poziomowanie legar\u00f3w, stempli i strop\u00f3w w budownictwie, osadzanie okien i drzwi, itp. Zalecamy wbijanie w jednym miejscu po dwa kliny naprzeciwko [&hellip;]\" \/>\n<meta property=\"og:url\" content=\"https:\/\/tartak-mrocza.pl\/?page_id=1125\" \/>\n<meta property=\"og:site_name\" content=\"Tartak - Stolarnia\" \/>\n<meta property=\"article:modified_time\" content=\"2024-05-28T21:17:42+00:00\" \/>\n<meta property=\"og:image\" content=\"https:\/\/tartak-mrocza.pl\/wp-content\/uploads\/2023\/11\/P1012434-scaled.jpg\" \/>\n\t<meta property=\"og:image:width\" content=\"2560\" \/>\n\t<meta property=\"og:image:height\" content=\"1920\" \/>\n\t<meta property=\"og:image:type\" content=\"image\/jpeg\" \/>\n<meta name=\"twitter:card\" content=\"summary_large_image\" \/>\n<meta name=\"twitter:label1\" content=\"Est. reading time\" \/>\n\t<meta name=\"twitter:data1\" content=\"1 minute\" \/>\n<script type=\"application\/ld+json\" class=\"yoast-schema-graph\">{\"@context\":\"https:\/\/schema.org\",\"@graph\":[{\"@type\":\"WebPage\",\"@id\":\"https:\/\/tartak-mrocza.pl\/?page_id=1125\",\"url\":\"https:\/\/tartak-mrocza.pl\/?page_id=1125\",\"name\":\"Kliny monta\u017cowe - Tartak - Stolarnia\",\"isPartOf\":{\"@id\":\"https:\/\/tartak-mrocza.pl\/#website\"},\"primaryImageOfPage\":{\"@id\":\"https:\/\/tartak-mrocza.pl\/?page_id=1125#primaryimage\"},\"image\":{\"@id\":\"https:\/\/tartak-mrocza.pl\/?page_id=1125#primaryimage\"},\"thumbnailUrl\":\"https:\/\/tartak-mrocza.pl\/wp-content\/uploads\/2023\/11\/P1012434-scaled.jpg\",\"datePublished\":\"2023-11-09T18:07:20+00:00\",\"dateModified\":\"2024-05-28T21:17:42+00:00\",\"breadcrumb\":{\"@id\":\"https:\/\/tartak-mrocza.pl\/?page_id=1125#breadcrumb\"},\"inLanguage\":\"en-US\",\"potentialAction\":[{\"@type\":\"ReadAction\",\"target\":[\"https:\/\/tartak-mrocza.pl\/?page_id=1125\"]}]},{\"@type\":\"ImageObject\",\"inLanguage\":\"en-US\",\"@id\":\"https:\/\/tartak-mrocza.pl\/?page_id=1125#primaryimage\",\"url\":\"https:\/\/tartak-mrocza.pl\/wp-content\/uploads\/2023\/11\/P1012434-scaled.jpg\",\"contentUrl\":\"https:\/\/tartak-mrocza.pl\/wp-content\/uploads\/2023\/11\/P1012434-scaled.jpg\",\"width\":2560,\"height\":1920,\"caption\":\"OLYMPUS DIGITAL CAMERA\"},{\"@type\":\"BreadcrumbList\",\"@id\":\"https:\/\/tartak-mrocza.pl\/?page_id=1125#breadcrumb\",\"itemListElement\":[{\"@type\":\"ListItem\",\"position\":1,\"name\":\"Strona g\u0142\u00f3wna\",\"item\":\"https:\/\/tartak-mrocza.pl\/\"},{\"@type\":\"ListItem\",\"position\":2,\"name\":\"Kliny monta\u017cowe\"}]},{\"@type\":\"WebSite\",\"@id\":\"https:\/\/tartak-mrocza.pl\/#website\",\"url\":\"https:\/\/tartak-mrocza.pl\/\",\"name\":\"Tartak-Stolarnia Tomczak\",\"description\":\"Stolarstwo i us\u0142ugi budowlane dla klient\u00f3w indywidualnych z gwarancj\u0105 wykonania pracy oraz czytelnymi i dok\u0142adnymi wycenami.\",\"publisher\":{\"@id\":\"https:\/\/tartak-mrocza.pl\/#organization\"},\"potentialAction\":[{\"@type\":\"SearchAction\",\"target\":{\"@type\":\"EntryPoint\",\"urlTemplate\":\"https:\/\/tartak-mrocza.pl\/?s={search_term_string}\"},\"query-input\":\"required name=search_term_string\"}],\"inLanguage\":\"en-US\"},{\"@type\":\"Organization\",\"@id\":\"https:\/\/tartak-mrocza.pl\/#organization\",\"name\":\"Tartak-Stolarnia Tomczak\",\"url\":\"https:\/\/tartak-mrocza.pl\/\",\"logo\":{\"@type\":\"ImageObject\",\"inLanguage\":\"en-US\",\"@id\":\"https:\/\/tartak-mrocza.pl\/#\/schema\/logo\/image\/\",\"url\":\"https:\/\/tartak-mrocza.pl\/wp-content\/uploads\/2021\/02\/Panorama-listewki-scaled.jpg\",\"contentUrl\":\"https:\/\/tartak-mrocza.pl\/wp-content\/uploads\/2021\/02\/Panorama-listewki-scaled.jpg\",\"width\":2560,\"height\":1497,\"caption\":\"Tartak-Stolarnia Tomczak\"},\"image\":{\"@id\":\"https:\/\/tartak-mrocza.pl\/#\/schema\/logo\/image\/\"}}]}<\/script>\n<!-- \/ Yoast SEO plugin. -->","yoast_head_json":{"title":"Kliny monta\u017cowe - Tartak - Stolarnia","robots":{"index":"index","follow":"follow","max-snippet":"max-snippet:-1","max-image-preview":"max-image-preview:large","max-video-preview":"max-video-preview:-1"},"canonical":"https:\/\/tartak-mrocza.pl\/?page_id=1125","og_locale":"en_US","og_type":"article","og_title":"Kliny monta\u017cowe - Tartak - Stolarnia","og_description":"Podano ceny brutto, kt\u00f3re nie s\u0105 ofert\u0105 handlow\u0105 a jedynie zaproszeniem do sk\u0142adania zapyta\u0144. Kliny monta\u017cowe Kliny wykonane z drewna sosnowego i topolowego to elementy umo\u017cliwiaj\u0105ce w prosty spos\u00f3b poziomowanie legar\u00f3w, stempli i strop\u00f3w w budownictwie, osadzanie okien i drzwi, itp. Zalecamy wbijanie w jednym miejscu po dwa kliny naprzeciwko [&hellip;]","og_url":"https:\/\/tartak-mrocza.pl\/?page_id=1125","og_site_name":"Tartak - Stolarnia","article_modified_time":"2024-05-28T21:17:42+00:00","og_image":[{"width":2560,"height":1920,"url":"https:\/\/tartak-mrocza.pl\/wp-content\/uploads\/2023\/11\/P1012434-scaled.jpg","type":"image\/jpeg"}],"twitter_card":"summary_large_image","twitter_misc":{"Est. reading time":"1 minute"},"schema":{"@context":"https:\/\/schema.org","@graph":[{"@type":"WebPage","@id":"https:\/\/tartak-mrocza.pl\/?page_id=1125","url":"https:\/\/tartak-mrocza.pl\/?page_id=1125","name":"Kliny monta\u017cowe - Tartak - Stolarnia","isPartOf":{"@id":"https:\/\/tartak-mrocza.pl\/#website"},"primaryImageOfPage":{"@id":"https:\/\/tartak-mrocza.pl\/?page_id=1125#primaryimage"},"image":{"@id":"https:\/\/tartak-mrocza.pl\/?page_id=1125#primaryimage"},"thumbnailUrl":"https:\/\/tartak-mrocza.pl\/wp-content\/uploads\/2023\/11\/P1012434-scaled.jpg","datePublished":"2023-11-09T18:07:20+00:00","dateModified":"2024-05-28T21:17:42+00:00","breadcrumb":{"@id":"https:\/\/tartak-mrocza.pl\/?page_id=1125#breadcrumb"},"inLanguage":"en-US","potentialAction":[{"@type":"ReadAction","target":["https:\/\/tartak-mrocza.pl\/?page_id=1125"]}]},{"@type":"ImageObject","inLanguage":"en-US","@id":"https:\/\/tartak-mrocza.pl\/?page_id=1125#primaryimage","url":"https:\/\/tartak-mrocza.pl\/wp-content\/uploads\/2023\/11\/P1012434-scaled.jpg","contentUrl":"https:\/\/tartak-mrocza.pl\/wp-content\/uploads\/2023\/11\/P1012434-scaled.jpg","width":2560,"height":1920,"caption":"OLYMPUS DIGITAL CAMERA"},{"@type":"BreadcrumbList","@id":"https:\/\/tartak-mrocza.pl\/?page_id=1125#breadcrumb","itemListElement":[{"@type":"ListItem","position":1,"name":"Strona g\u0142\u00f3wna","item":"https:\/\/tartak-mrocza.pl\/"},{"@type":"ListItem","position":2,"name":"Kliny monta\u017cowe"}]},{"@type":"WebSite","@id":"https:\/\/tartak-mrocza.pl\/#website","url":"https:\/\/tartak-mrocza.pl\/","name":"Tartak-Stolarnia Tomczak","description":"Stolarstwo i us\u0142ugi budowlane dla klient\u00f3w indywidualnych z gwarancj\u0105 wykonania pracy oraz czytelnymi i dok\u0142adnymi wycenami.","publisher":{"@id":"https:\/\/tartak-mrocza.pl\/#organization"},"potentialAction":[{"@type":"SearchAction","target":{"@type":"EntryPoint","urlTemplate":"https:\/\/tartak-mrocza.pl\/?s={search_term_string}"},"query-input":"required name=search_term_string"}],"inLanguage":"en-US"},{"@type":"Organization","@id":"https:\/\/tartak-mrocza.pl\/#organization","name":"Tartak-Stolarnia Tomczak","url":"https:\/\/tartak-mrocza.pl\/","logo":{"@type":"ImageObject","inLanguage":"en-US","@id":"https:\/\/tartak-mrocza.pl\/#\/schema\/logo\/image\/","url":"https:\/\/tartak-mrocza.pl\/wp-content\/uploads\/2021\/02\/Panorama-listewki-scaled.jpg","contentUrl":"https:\/\/tartak-mrocza.pl\/wp-content\/uploads\/2021\/02\/Panorama-listewki-scaled.jpg","width":2560,"height":1497,"caption":"Tartak-Stolarnia Tomczak"},"image":{"@id":"https:\/\/tartak-mrocza.pl\/#\/schema\/logo\/image\/"}}]}},"_links":{"self":[{"href":"https:\/\/tartak-mrocza.pl\/index.php?rest_route=\/wp\/v2\/pages\/1125"}],"collection":[{"href":"https:\/\/tartak-mrocza.pl\/index.php?rest_route=\/wp\/v2\/pages"}],"about":[{"href":"https:\/\/tartak-mrocza.pl\/index.php?rest_route=\/wp\/v2\/types\/page"}],"author":[{"embeddable":true,"href":"https:\/\/tartak-mrocza.pl\/index.php?rest_route=\/wp\/v2\/users\/1"}],"replies":[{"embeddable":true,"href":"https:\/\/tartak-mrocza.pl\/index.php?rest_route=%2Fwp%2Fv2%2Fcomments&post=1125"}],"version-history":[{"count":12,"href":"https:\/\/tartak-mrocza.pl\/index.php?rest_route=\/wp\/v2\/pages\/1125\/revisions"}],"predecessor-version":[{"id":1336,"href":"https:\/\/tartak-mrocza.pl\/index.php?rest_route=\/wp\/v2\/pages\/1125\/revisions\/1336"}],"wp:featuredmedia":[{"embeddable":true,"href":"https:\/\/tartak-mrocza.pl\/index.php?rest_route=\/wp\/v2\/media\/1134"}],"wp:attachment":[{"href":"https:\/\/tartak-mrocza.pl\/index.php?rest_route=%2Fwp%2Fv2%2Fmedia&parent=1125"}],"curies":[{"name":"wp","href":"https:\/\/api.w.org\/{rel}","templated":true}]}}