{"id":1088,"date":"2023-05-29T23:22:38","date_gmt":"2023-05-29T21:22:38","guid":{"rendered":"https:\/\/tartak-mrocza.pl\/?page_id=1088"},"modified":"2024-06-25T11:34:55","modified_gmt":"2024-06-25T09:34:55","slug":"lawko-stol-piknikowy","status":"publish","type":"page","link":"https:\/\/tartak-mrocza.pl\/?page_id=1088","title":{"rendered":"\u0141awko-st\u00f3\u0142 piknikowy"},"content":{"rendered":"\n<p class=\"has-text-align-left\">Podano ceny brutto, kt\u00f3re nie s\u0105 ofert\u0105 handlow\u0105 a jedynie zaproszeniem do sk\u0142adania zapyta\u0144.<\/p>\n\n\n\n<h2 class=\"wp-block-heading\">\u0141awko \u2013 st\u00f3\u0142 piknikowy<br><\/h2>\n\n\n\n<p>Prosta konstrukcja i wysoka jako\u015b\u0107 materia\u0142\u00f3w sprawiaj\u0105, \u017ce st\u00f3\u0142 ten jest stabilny i trwa\u0142y. Deski s\u0105 dok\u0142adnie strugane, impregnowane bezpiecznym impregnatem, a ich kraw\u0119dzie s\u0105 zaokr\u0105glane i wyg\u0142adzone.<\/p>\n\n\n\n<p>Wymiary:<\/p>\n\n\n\n<p>D\u0142ugo\u015b\u0107 siedziska i blatu &#8211; 160 cm<br>Szeroko\u015b\u0107 siedziska &#8211; 31,5 cm<br>Szeroko\u015b\u0107 blatu &#8211; 64,5 cm<br>Wysoko\u015b\u0107 sto\u0142u &#8211; 75 cm<br>Szeroko\u015b\u0107 mebla (od zewn\u0119trznych kraw\u0119dzi siedzisk) &#8211; 162 cm<\/p>\n\n\n\n<p>Mo\u017cliwo\u015b\u0107 wysy\u0142ki.<\/p>\n\n\n\n<p>\u0141awko \u2013 st\u00f3\u0142 piknikowy cena 600 z\u0142\/kpl.<\/p>\n\n\n<style>#jtg-432 .modula-item .jtg-social a, .lightbox-socials.jtg-social a{ color: #ffffff }#jtg-432 .modula-item .jtg-social svg, .lightbox-socials.jtg-social svg { height: 16px; width: 16px }#jtg-432 .modula-item .jtg-social a:not(:last-child), .lightbox-socials.jtg-social a:not(:last-child) { margin-right: 10px }#jtg-432 .modula-item .figc {color:#ffffff;}#jtg-432 .modula-item .modula-item-content { transform: scale(1) }#jtg-432 { width:100%;}#jtg-432 .modula-items .figc p.description { font-size:14px; }#jtg-432 .modula-items .figc p.description { color:#ffffff;}#jtg-432.modula-gallery .modula-item > a, #jtg-432.modula-gallery .modula-item, #jtg-432.modula-gallery .modula-item-content > a:not(.modula-no-follow) { cursor:zoom-in; } #jtg-432.modula-gallery .modula-item-content .modula-no-follow { cursor: default; } @media screen and (max-width:480px){#jtg-432 .modula-item .figc .jtg-title {  font-size: 12px; }#jtg-432 .modula-items .figc p.description { color:#ffffff;font-size:10px; }}#jtg-432 .modula-items .modula-item:hover img{opacity:1;}<\/style>\n<!-- Gallery Container -->\n<div  id=\"jtg-432\" class=\"modula modula-gallery modula-columns\" data-config=\"{&quot;tabletHeight&quot;:0,&quot;mobileHeight&quot;:0,&quot;desktopHeight&quot;:0,&quot;enableTwitter&quot;:false,&quot;enableWhatsapp&quot;:false,&quot;enableFacebook&quot;:false,&quot;enablePinterest&quot;:false,&quot;enableLinkedin&quot;:false,&quot;enableEmail&quot;:false,&quot;randomFactor&quot;:0,&quot;type&quot;:&quot;grid&quot;,&quot;columns&quot;:12,&quot;gutter&quot;:10,&quot;mobileGutter&quot;:10,&quot;tabletGutter&quot;:10,&quot;desktopGutter&quot;:10,&quot;enableResponsive&quot;:&quot;0&quot;,&quot;tabletColumns&quot;:&quot;2&quot;,&quot;mobileColumns&quot;:&quot;1&quot;,&quot;lazyLoad&quot;:&quot;0&quot;,&quot;lightboxOpts&quot;:{&quot;loop&quot;:false,&quot;arrows&quot;:true,&quot;toolbar&quot;:true,&quot;keyboard&quot;:true,&quot;wheel&quot;:false,&quot;buttons&quot;:[&quot;close&quot;],&quot;hash&quot;:false,&quot;lang&quot;:&quot;en&quot;,&quot;touch&quot;:false,&quot;protect&quot;:false,&quot;i18n&quot;:{&quot;en&quot;:{&quot;CLOSE&quot;:&quot;Close&quot;,&quot;NEXT&quot;:&quot;Next&quot;,&quot;PREV&quot;:&quot;Previous&quot;,&quot;Error&quot;:&quot;The requested content cannot be loaded. Please try again later.&quot;,&quot;PLAY_START&quot;:&quot;Start slideshow&quot;,&quot;PLAY_STOP&quot;:&quot;Pause slideshow&quot;,&quot;FULL_SCREEN&quot;:&quot;Full screen&quot;,&quot;THUMBS&quot;:&quot;Thumbnails&quot;,&quot;DOWNLOAD&quot;:&quot;Download&quot;,&quot;SHARE&quot;:&quot;Share&quot;,&quot;ZOOM&quot;:&quot;Zoom&quot;}},&quot;clickSlide&quot;:false,&quot;clickOutside&quot;:false,&quot;dblclickContent&quot;:false,&quot;dblclickSlide&quot;:false,&quot;dblclickOutside&quot;:false,&quot;clickContent&quot;:false,&quot;baseTpl&quot;:&quot;&lt;div class=\\&quot;modula-fancybox-container modula-lightbox-jtg-432\\&quot; role=\\&quot;dialog\\&quot; tabindex=\\&quot;-1\\&quot;&gt;&lt;div class=\\&quot;modula-fancybox-bg\\&quot;&gt;&lt;\\\/div&gt;&lt;div class=\\&quot;modula-fancybox-inner\\&quot;&gt;&lt;div class=\\&quot;modula-fancybox-infobar\\&quot;&gt;&lt;span data-fancybox-index&gt;&lt;\\\/span&gt;&nbsp;\\\/&nbsp;&lt;span data-fancybox-count&gt;&lt;\\\/span&gt;&lt;\\\/div&gt;&lt;div class=\\&quot;modula-fancybox-toolbar\\&quot;&gt;{{buttons}}&lt;\\\/div&gt;&lt;div class=\\&quot;modula-fancybox-navigation\\&quot;&gt;{{arrows}}&lt;\\\/div&gt;&lt;div class=\\&quot;modula-fancybox-stage\\&quot;&gt;&lt;\\\/div&gt;&lt;div class=\\&quot;modula-fancybox-caption\\&quot;&gt;&lt;div class=\\&quot;modula-fancybox-caption__body\\&quot;&gt;&lt;\\\/div&gt;&lt;\\\/div&gt;&lt;\\\/div&gt;&lt;\\\/div&gt;&quot;},&quot;inView&quot;:false,&quot;email_subject&quot;:&quot;Check out this awesome image !!&quot;,&quot;email_message&quot;:&quot;Here is the link to the image : %%image_link%% and this is the link to the gallery : %%gallery_link%%&quot;,&quot;grid_type&quot;:&quot;automatic&quot;,&quot;rowHeight&quot;:200,&quot;lastRow&quot;:&quot;justify&quot;,&quot;lightbox&quot;:&quot;fancybox&quot;}\">\n\n\t\n\t<!-- Items Container -->\n\t<div  class=\"modula-items grid-gallery\">\n\t\t<div class=\"modula-item\" >\n\t<div class=\"modula-item-content\">\n\t\t\n\t\t\t\t\t<a data-image-id=\"434\" rel=\"jtg-432\" data-caption=\"\" aria-label=\"Open image in lightbox\" class=\"tile-inner modula-item-link\"><\/a>\n\t\t\n\t\t<img loading=\"lazy\" decoding=\"async\" class=\"pic wp-image-434\"  data-valign=\"middle\" data-halign=\"center\" alt=\"\" data-full=\"https:\/\/tartak-mrocza.pl\/wp-content\/uploads\/2021\/03\/IMG_20200416_110231-tooo.jpg\" title=\"IMG_20200416_110231 tooo\" width=\"2560\" height=\"1920\" src=\"https:\/\/tartak-mrocza.pl\/wp-content\/uploads\/2021\/03\/IMG_20200416_110231-tooo.jpg\" data-src=\"https:\/\/tartak-mrocza.pl\/wp-content\/uploads\/2021\/03\/IMG_20200416_110231-tooo.jpg\" data-caption=\"\"srcset=\"https:\/\/tartak-mrocza.pl\/wp-content\/uploads\/2021\/03\/IMG_20200416_110231-tooo-scaled.jpg 2560w, https:\/\/tartak-mrocza.pl\/wp-content\/uploads\/2021\/03\/IMG_20200416_110231-tooo-300x225.jpg 300w, https:\/\/tartak-mrocza.pl\/wp-content\/uploads\/2021\/03\/IMG_20200416_110231-tooo-1024x768.jpg 1024w, https:\/\/tartak-mrocza.pl\/wp-content\/uploads\/2021\/03\/IMG_20200416_110231-tooo-768x576.jpg 768w, https:\/\/tartak-mrocza.pl\/wp-content\/uploads\/2021\/03\/IMG_20200416_110231-tooo-1536x1152.jpg 1536w, https:\/\/tartak-mrocza.pl\/wp-content\/uploads\/2021\/03\/IMG_20200416_110231-tooo-2048x1536.jpg 2048w\" sizes=\"(max-width: 2560px) 100vw, 2560px\"\" \/>\n\t<\/div>\n\n<\/div><div class=\"modula-item\" >\n\t<div class=\"modula-item-content\">\n\t\t\n\t\t\t\t\t<a data-image-id=\"435\" rel=\"jtg-432\" data-caption=\"\" aria-label=\"Open image in lightbox\" class=\"tile-inner modula-item-link\"><\/a>\n\t\t\n\t\t<img loading=\"lazy\" decoding=\"async\" class=\"pic wp-image-435\"  data-valign=\"middle\" data-halign=\"center\" alt=\"\" data-full=\"https:\/\/tartak-mrocza.pl\/wp-content\/uploads\/2021\/03\/IMG_20200416_110437-tooo.jpg\" title=\"IMG_20200416_110437 tooo\" width=\"2560\" height=\"1920\" src=\"https:\/\/tartak-mrocza.pl\/wp-content\/uploads\/2021\/03\/IMG_20200416_110437-tooo.jpg\" data-src=\"https:\/\/tartak-mrocza.pl\/wp-content\/uploads\/2021\/03\/IMG_20200416_110437-tooo.jpg\" data-caption=\"\"srcset=\"https:\/\/tartak-mrocza.pl\/wp-content\/uploads\/2021\/03\/IMG_20200416_110437-tooo-scaled.jpg 2560w, https:\/\/tartak-mrocza.pl\/wp-content\/uploads\/2021\/03\/IMG_20200416_110437-tooo-300x225.jpg 300w, https:\/\/tartak-mrocza.pl\/wp-content\/uploads\/2021\/03\/IMG_20200416_110437-tooo-1024x768.jpg 1024w, https:\/\/tartak-mrocza.pl\/wp-content\/uploads\/2021\/03\/IMG_20200416_110437-tooo-768x576.jpg 768w, https:\/\/tartak-mrocza.pl\/wp-content\/uploads\/2021\/03\/IMG_20200416_110437-tooo-1536x1152.jpg 1536w, https:\/\/tartak-mrocza.pl\/wp-content\/uploads\/2021\/03\/IMG_20200416_110437-tooo-2048x1536.jpg 2048w\" sizes=\"(max-width: 2560px) 100vw, 2560px\"\" \/>\n\t<\/div>\n\n<\/div><div class=\"modula-item\" >\n\t<div class=\"modula-item-content\">\n\t\t\n\t\t\t\t\t<a data-image-id=\"436\" rel=\"jtg-432\" data-caption=\"\" aria-label=\"Open image in lightbox\" class=\"tile-inner modula-item-link\"><\/a>\n\t\t\n\t\t<img loading=\"lazy\" decoding=\"async\" class=\"pic wp-image-436\"  data-valign=\"middle\" data-halign=\"center\" alt=\"\" data-full=\"https:\/\/tartak-mrocza.pl\/wp-content\/uploads\/2021\/03\/IMG_20200416_110609-tooo.jpg\" title=\"IMG_20200416_110609 tooo\" width=\"2560\" height=\"1920\" src=\"https:\/\/tartak-mrocza.pl\/wp-content\/uploads\/2021\/03\/IMG_20200416_110609-tooo.jpg\" data-src=\"https:\/\/tartak-mrocza.pl\/wp-content\/uploads\/2021\/03\/IMG_20200416_110609-tooo.jpg\" data-caption=\"\"srcset=\"https:\/\/tartak-mrocza.pl\/wp-content\/uploads\/2021\/03\/IMG_20200416_110609-tooo-scaled.jpg 2560w, https:\/\/tartak-mrocza.pl\/wp-content\/uploads\/2021\/03\/IMG_20200416_110609-tooo-300x225.jpg 300w, https:\/\/tartak-mrocza.pl\/wp-content\/uploads\/2021\/03\/IMG_20200416_110609-tooo-1024x768.jpg 1024w, https:\/\/tartak-mrocza.pl\/wp-content\/uploads\/2021\/03\/IMG_20200416_110609-tooo-768x576.jpg 768w, https:\/\/tartak-mrocza.pl\/wp-content\/uploads\/2021\/03\/IMG_20200416_110609-tooo-1536x1152.jpg 1536w, https:\/\/tartak-mrocza.pl\/wp-content\/uploads\/2021\/03\/IMG_20200416_110609-tooo-2048x1536.jpg 2048w\" sizes=\"(max-width: 2560px) 100vw, 2560px\"\" \/>\n\t<\/div>\n\n<\/div><div class=\"modula-item\" >\n\t<div class=\"modula-item-content\">\n\t\t\n\t\t\t\t\t<a data-image-id=\"437\" rel=\"jtg-432\" data-caption=\"\" aria-label=\"Open image in lightbox\" class=\"tile-inner modula-item-link\"><\/a>\n\t\t\n\t\t<img loading=\"lazy\" decoding=\"async\" class=\"pic wp-image-437\"  data-valign=\"middle\" data-halign=\"center\" alt=\"\" data-full=\"https:\/\/tartak-mrocza.pl\/wp-content\/uploads\/2021\/03\/IMG_20200416_111050-tooo.jpg\" title=\"IMG_20200416_111050 tooo\" width=\"2560\" height=\"1920\" src=\"https:\/\/tartak-mrocza.pl\/wp-content\/uploads\/2021\/03\/IMG_20200416_111050-tooo.jpg\" data-src=\"https:\/\/tartak-mrocza.pl\/wp-content\/uploads\/2021\/03\/IMG_20200416_111050-tooo.jpg\" data-caption=\"\"srcset=\"https:\/\/tartak-mrocza.pl\/wp-content\/uploads\/2021\/03\/IMG_20200416_111050-tooo-scaled.jpg 2560w, https:\/\/tartak-mrocza.pl\/wp-content\/uploads\/2021\/03\/IMG_20200416_111050-tooo-300x225.jpg 300w, https:\/\/tartak-mrocza.pl\/wp-content\/uploads\/2021\/03\/IMG_20200416_111050-tooo-1024x768.jpg 1024w, https:\/\/tartak-mrocza.pl\/wp-content\/uploads\/2021\/03\/IMG_20200416_111050-tooo-768x576.jpg 768w, https:\/\/tartak-mrocza.pl\/wp-content\/uploads\/2021\/03\/IMG_20200416_111050-tooo-1536x1152.jpg 1536w, https:\/\/tartak-mrocza.pl\/wp-content\/uploads\/2021\/03\/IMG_20200416_111050-tooo-2048x1536.jpg 2048w\" sizes=\"(max-width: 2560px) 100vw, 2560px\"\" \/>\n\t<\/div>\n\n<\/div><div class=\"modula-item\" >\n\t<div class=\"modula-item-content\">\n\t\t\n\t\t\t\t\t<a data-image-id=\"438\" rel=\"jtg-432\" data-caption=\"\" aria-label=\"Open image in lightbox\" class=\"tile-inner modula-item-link\"><\/a>\n\t\t\n\t\t<img loading=\"lazy\" decoding=\"async\" class=\"pic wp-image-438\"  data-valign=\"middle\" data-halign=\"center\" alt=\"\" data-full=\"https:\/\/tartak-mrocza.pl\/wp-content\/uploads\/2021\/03\/IMG_20200416_111221-too-\u2014-kopia.jpg\" title=\"IMG_20200416_111221 too \u2014 kopia\" width=\"2560\" height=\"1920\" src=\"https:\/\/tartak-mrocza.pl\/wp-content\/uploads\/2021\/03\/IMG_20200416_111221-too-\u2014-kopia.jpg\" data-src=\"https:\/\/tartak-mrocza.pl\/wp-content\/uploads\/2021\/03\/IMG_20200416_111221-too-\u2014-kopia.jpg\" data-caption=\"\"srcset=\"https:\/\/tartak-mrocza.pl\/wp-content\/uploads\/2021\/03\/IMG_20200416_111221-too-\u2014-kopia-scaled.jpg 2560w, https:\/\/tartak-mrocza.pl\/wp-content\/uploads\/2021\/03\/IMG_20200416_111221-too-\u2014-kopia-300x225.jpg 300w, https:\/\/tartak-mrocza.pl\/wp-content\/uploads\/2021\/03\/IMG_20200416_111221-too-\u2014-kopia-1024x768.jpg 1024w, https:\/\/tartak-mrocza.pl\/wp-content\/uploads\/2021\/03\/IMG_20200416_111221-too-\u2014-kopia-768x576.jpg 768w, https:\/\/tartak-mrocza.pl\/wp-content\/uploads\/2021\/03\/IMG_20200416_111221-too-\u2014-kopia-1536x1152.jpg 1536w, https:\/\/tartak-mrocza.pl\/wp-content\/uploads\/2021\/03\/IMG_20200416_111221-too-\u2014-kopia-2048x1536.jpg 2048w\" sizes=\"(max-width: 2560px) 100vw, 2560px\"\" \/>\n\t<\/div>\n\n<\/div><div class=\"modula-item\" >\n\t<div class=\"modula-item-content\">\n\t\t\n\t\t\t\t\t<a data-image-id=\"439\" rel=\"jtg-432\" data-caption=\"\" aria-label=\"Open image in lightbox\" class=\"tile-inner modula-item-link\"><\/a>\n\t\t\n\t\t<img loading=\"lazy\" decoding=\"async\" class=\"pic wp-image-439\"  data-valign=\"middle\" data-halign=\"center\" alt=\"\" data-full=\"https:\/\/tartak-mrocza.pl\/wp-content\/uploads\/2021\/03\/IMG_20200416_112019-too.jpg\" title=\"IMG_20200416_112019 too\" width=\"2560\" height=\"2286\" src=\"https:\/\/tartak-mrocza.pl\/wp-content\/uploads\/2021\/03\/IMG_20200416_112019-too.jpg\" data-src=\"https:\/\/tartak-mrocza.pl\/wp-content\/uploads\/2021\/03\/IMG_20200416_112019-too.jpg\" data-caption=\"\"srcset=\"https:\/\/tartak-mrocza.pl\/wp-content\/uploads\/2021\/03\/IMG_20200416_112019-too-scaled.jpg 2560w, https:\/\/tartak-mrocza.pl\/wp-content\/uploads\/2021\/03\/IMG_20200416_112019-too-300x268.jpg 300w, https:\/\/tartak-mrocza.pl\/wp-content\/uploads\/2021\/03\/IMG_20200416_112019-too-1024x914.jpg 1024w, https:\/\/tartak-mrocza.pl\/wp-content\/uploads\/2021\/03\/IMG_20200416_112019-too-768x686.jpg 768w, https:\/\/tartak-mrocza.pl\/wp-content\/uploads\/2021\/03\/IMG_20200416_112019-too-1536x1371.jpg 1536w, https:\/\/tartak-mrocza.pl\/wp-content\/uploads\/2021\/03\/IMG_20200416_112019-too-2048x1828.jpg 2048w\" sizes=\"(max-width: 2560px) 100vw, 2560px\"\" \/>\n\t<\/div>\n\n<\/div><div class=\"modula-item\" >\n\t<div class=\"modula-item-content\">\n\t\t\n\t\t\t\t\t<a data-image-id=\"433\" rel=\"jtg-432\" data-caption=\"\" aria-label=\"Open image in lightbox\" class=\"tile-inner modula-item-link\"><\/a>\n\t\t\n\t\t<img loading=\"lazy\" decoding=\"async\" class=\"pic wp-image-433\"  data-valign=\"middle\" data-halign=\"center\" alt=\"\" data-full=\"https:\/\/tartak-mrocza.pl\/wp-content\/uploads\/2021\/03\/000-to-wstaw-jako-pierwsze-IMG_20200416_110356-tooo.jpg\" title=\"000 to wstaw jako pierwsze IMG_20200416_110356 tooo\" width=\"2560\" height=\"1920\" src=\"https:\/\/tartak-mrocza.pl\/wp-content\/uploads\/2021\/03\/000-to-wstaw-jako-pierwsze-IMG_20200416_110356-tooo.jpg\" data-src=\"https:\/\/tartak-mrocza.pl\/wp-content\/uploads\/2021\/03\/000-to-wstaw-jako-pierwsze-IMG_20200416_110356-tooo.jpg\" data-caption=\"\"srcset=\"https:\/\/tartak-mrocza.pl\/wp-content\/uploads\/2021\/03\/000-to-wstaw-jako-pierwsze-IMG_20200416_110356-tooo-scaled.jpg 2560w, https:\/\/tartak-mrocza.pl\/wp-content\/uploads\/2021\/03\/000-to-wstaw-jako-pierwsze-IMG_20200416_110356-tooo-300x225.jpg 300w, https:\/\/tartak-mrocza.pl\/wp-content\/uploads\/2021\/03\/000-to-wstaw-jako-pierwsze-IMG_20200416_110356-tooo-1024x768.jpg 1024w, https:\/\/tartak-mrocza.pl\/wp-content\/uploads\/2021\/03\/000-to-wstaw-jako-pierwsze-IMG_20200416_110356-tooo-768x576.jpg 768w, https:\/\/tartak-mrocza.pl\/wp-content\/uploads\/2021\/03\/000-to-wstaw-jako-pierwsze-IMG_20200416_110356-tooo-1536x1152.jpg 1536w, https:\/\/tartak-mrocza.pl\/wp-content\/uploads\/2021\/03\/000-to-wstaw-jako-pierwsze-IMG_20200416_110356-tooo-2048x1536.jpg 2048w\" sizes=\"(max-width: 2560px) 100vw, 2560px\"\" \/>\n\t<\/div>\n\n<\/div>\t\t\n\t<\/div>\n\n\t\n\t\n\t<script type=\"application\/ld+json\">\n\t{\n\t\t\"@context\": \"http:\/\/schema.org\",\n\t\t\"@type\"   : \"ImageGallery\",\n\t\t\"id\"      : \"https:\/\/tartak-mrocza.pl\",\n\t\t\"url\"     : \"https:\/\/tartak-mrocza.pl\"\n\t}\n\n    <\/script>\n\n\t\n<\/div>\n\n\n<hr class=\"wp-block-separator has-css-opacity is-style-wide\"\/>\n","protected":false},"excerpt":{"rendered":"<p>Podano ceny brutto, kt\u00f3re nie s\u0105 ofert\u0105 handlow\u0105 a jedynie zaproszeniem do sk\u0142adania zapyta\u0144. \u0141awko \u2013 st\u00f3\u0142 piknikowy Prosta konstrukcja i wysoka jako\u015b\u0107 materia\u0142\u00f3w sprawiaj\u0105, \u017ce st\u00f3\u0142 ten jest stabilny i trwa\u0142y. Deski s\u0105 dok\u0142adnie strugane, impregnowane bezpiecznym impregnatem, a ich kraw\u0119dzie s\u0105 zaokr\u0105glane i wyg\u0142adzone. Wymiary: D\u0142ugo\u015b\u0107 siedziska i [&hellip;]<\/p>\n","protected":false},"author":1,"featured_media":436,"parent":0,"menu_order":0,"comment_status":"closed","ping_status":"closed","template":"","meta":{"footnotes":""},"yoast_head":"<!-- This site is optimized with the Yoast SEO plugin v23.2 - https:\/\/yoast.com\/wordpress\/plugins\/seo\/ -->\n<title>\u0141awko-st\u00f3\u0142 piknikowy - Tartak - Stolarnia<\/title>\n<meta name=\"robots\" content=\"index, follow, max-snippet:-1, max-image-preview:large, max-video-preview:-1\" \/>\n<link rel=\"canonical\" href=\"https:\/\/tartak-mrocza.pl\/?page_id=1088\" \/>\n<meta property=\"og:locale\" content=\"en_US\" \/>\n<meta property=\"og:type\" content=\"article\" \/>\n<meta property=\"og:title\" content=\"\u0141awko-st\u00f3\u0142 piknikowy - Tartak - Stolarnia\" \/>\n<meta property=\"og:description\" content=\"Podano ceny brutto, kt\u00f3re nie s\u0105 ofert\u0105 handlow\u0105 a jedynie zaproszeniem do sk\u0142adania zapyta\u0144. \u0141awko \u2013 st\u00f3\u0142 piknikowy Prosta konstrukcja i wysoka jako\u015b\u0107 materia\u0142\u00f3w sprawiaj\u0105, \u017ce st\u00f3\u0142 ten jest stabilny i trwa\u0142y. Deski s\u0105 dok\u0142adnie strugane, impregnowane bezpiecznym impregnatem, a ich kraw\u0119dzie s\u0105 zaokr\u0105glane i wyg\u0142adzone. Wymiary: D\u0142ugo\u015b\u0107 siedziska i [&hellip;]\" \/>\n<meta property=\"og:url\" content=\"https:\/\/tartak-mrocza.pl\/?page_id=1088\" \/>\n<meta property=\"og:site_name\" content=\"Tartak - Stolarnia\" \/>\n<meta property=\"article:modified_time\" content=\"2024-06-25T09:34:55+00:00\" \/>\n<meta property=\"og:image\" content=\"https:\/\/tartak-mrocza.pl\/wp-content\/uploads\/2021\/03\/IMG_20200416_110609-tooo-scaled.jpg\" \/>\n\t<meta property=\"og:image:width\" content=\"2560\" \/>\n\t<meta property=\"og:image:height\" content=\"1920\" \/>\n\t<meta property=\"og:image:type\" content=\"image\/jpeg\" \/>\n<meta name=\"twitter:card\" content=\"summary_large_image\" \/>\n<meta name=\"twitter:label1\" content=\"Est. reading time\" \/>\n\t<meta name=\"twitter:data1\" content=\"1 minute\" \/>\n<script type=\"application\/ld+json\" class=\"yoast-schema-graph\">{\"@context\":\"https:\/\/schema.org\",\"@graph\":[{\"@type\":\"WebPage\",\"@id\":\"https:\/\/tartak-mrocza.pl\/?page_id=1088\",\"url\":\"https:\/\/tartak-mrocza.pl\/?page_id=1088\",\"name\":\"\u0141awko-st\u00f3\u0142 piknikowy - Tartak - Stolarnia\",\"isPartOf\":{\"@id\":\"https:\/\/tartak-mrocza.pl\/#website\"},\"primaryImageOfPage\":{\"@id\":\"https:\/\/tartak-mrocza.pl\/?page_id=1088#primaryimage\"},\"image\":{\"@id\":\"https:\/\/tartak-mrocza.pl\/?page_id=1088#primaryimage\"},\"thumbnailUrl\":\"https:\/\/tartak-mrocza.pl\/wp-content\/uploads\/2021\/03\/IMG_20200416_110609-tooo-scaled.jpg\",\"datePublished\":\"2023-05-29T21:22:38+00:00\",\"dateModified\":\"2024-06-25T09:34:55+00:00\",\"breadcrumb\":{\"@id\":\"https:\/\/tartak-mrocza.pl\/?page_id=1088#breadcrumb\"},\"inLanguage\":\"en-US\",\"potentialAction\":[{\"@type\":\"ReadAction\",\"target\":[\"https:\/\/tartak-mrocza.pl\/?page_id=1088\"]}]},{\"@type\":\"ImageObject\",\"inLanguage\":\"en-US\",\"@id\":\"https:\/\/tartak-mrocza.pl\/?page_id=1088#primaryimage\",\"url\":\"https:\/\/tartak-mrocza.pl\/wp-content\/uploads\/2021\/03\/IMG_20200416_110609-tooo-scaled.jpg\",\"contentUrl\":\"https:\/\/tartak-mrocza.pl\/wp-content\/uploads\/2021\/03\/IMG_20200416_110609-tooo-scaled.jpg\",\"width\":2560,\"height\":1920},{\"@type\":\"BreadcrumbList\",\"@id\":\"https:\/\/tartak-mrocza.pl\/?page_id=1088#breadcrumb\",\"itemListElement\":[{\"@type\":\"ListItem\",\"position\":1,\"name\":\"Strona g\u0142\u00f3wna\",\"item\":\"https:\/\/tartak-mrocza.pl\/\"},{\"@type\":\"ListItem\",\"position\":2,\"name\":\"\u0141awko-st\u00f3\u0142 piknikowy\"}]},{\"@type\":\"WebSite\",\"@id\":\"https:\/\/tartak-mrocza.pl\/#website\",\"url\":\"https:\/\/tartak-mrocza.pl\/\",\"name\":\"Tartak-Stolarnia Tomczak\",\"description\":\"Stolarstwo i us\u0142ugi budowlane dla klient\u00f3w indywidualnych z gwarancj\u0105 wykonania pracy oraz czytelnymi i dok\u0142adnymi wycenami.\",\"publisher\":{\"@id\":\"https:\/\/tartak-mrocza.pl\/#organization\"},\"potentialAction\":[{\"@type\":\"SearchAction\",\"target\":{\"@type\":\"EntryPoint\",\"urlTemplate\":\"https:\/\/tartak-mrocza.pl\/?s={search_term_string}\"},\"query-input\":\"required name=search_term_string\"}],\"inLanguage\":\"en-US\"},{\"@type\":\"Organization\",\"@id\":\"https:\/\/tartak-mrocza.pl\/#organization\",\"name\":\"Tartak-Stolarnia Tomczak\",\"url\":\"https:\/\/tartak-mrocza.pl\/\",\"logo\":{\"@type\":\"ImageObject\",\"inLanguage\":\"en-US\",\"@id\":\"https:\/\/tartak-mrocza.pl\/#\/schema\/logo\/image\/\",\"url\":\"https:\/\/tartak-mrocza.pl\/wp-content\/uploads\/2021\/02\/Panorama-listewki-scaled.jpg\",\"contentUrl\":\"https:\/\/tartak-mrocza.pl\/wp-content\/uploads\/2021\/02\/Panorama-listewki-scaled.jpg\",\"width\":2560,\"height\":1497,\"caption\":\"Tartak-Stolarnia Tomczak\"},\"image\":{\"@id\":\"https:\/\/tartak-mrocza.pl\/#\/schema\/logo\/image\/\"}}]}<\/script>\n<!-- \/ Yoast SEO plugin. -->","yoast_head_json":{"title":"\u0141awko-st\u00f3\u0142 piknikowy - Tartak - Stolarnia","robots":{"index":"index","follow":"follow","max-snippet":"max-snippet:-1","max-image-preview":"max-image-preview:large","max-video-preview":"max-video-preview:-1"},"canonical":"https:\/\/tartak-mrocza.pl\/?page_id=1088","og_locale":"en_US","og_type":"article","og_title":"\u0141awko-st\u00f3\u0142 piknikowy - Tartak - Stolarnia","og_description":"Podano ceny brutto, kt\u00f3re nie s\u0105 ofert\u0105 handlow\u0105 a jedynie zaproszeniem do sk\u0142adania zapyta\u0144. \u0141awko \u2013 st\u00f3\u0142 piknikowy Prosta konstrukcja i wysoka jako\u015b\u0107 materia\u0142\u00f3w sprawiaj\u0105, \u017ce st\u00f3\u0142 ten jest stabilny i trwa\u0142y. Deski s\u0105 dok\u0142adnie strugane, impregnowane bezpiecznym impregnatem, a ich kraw\u0119dzie s\u0105 zaokr\u0105glane i wyg\u0142adzone. Wymiary: D\u0142ugo\u015b\u0107 siedziska i [&hellip;]","og_url":"https:\/\/tartak-mrocza.pl\/?page_id=1088","og_site_name":"Tartak - Stolarnia","article_modified_time":"2024-06-25T09:34:55+00:00","og_image":[{"width":2560,"height":1920,"url":"https:\/\/tartak-mrocza.pl\/wp-content\/uploads\/2021\/03\/IMG_20200416_110609-tooo-scaled.jpg","type":"image\/jpeg"}],"twitter_card":"summary_large_image","twitter_misc":{"Est. reading time":"1 minute"},"schema":{"@context":"https:\/\/schema.org","@graph":[{"@type":"WebPage","@id":"https:\/\/tartak-mrocza.pl\/?page_id=1088","url":"https:\/\/tartak-mrocza.pl\/?page_id=1088","name":"\u0141awko-st\u00f3\u0142 piknikowy - Tartak - Stolarnia","isPartOf":{"@id":"https:\/\/tartak-mrocza.pl\/#website"},"primaryImageOfPage":{"@id":"https:\/\/tartak-mrocza.pl\/?page_id=1088#primaryimage"},"image":{"@id":"https:\/\/tartak-mrocza.pl\/?page_id=1088#primaryimage"},"thumbnailUrl":"https:\/\/tartak-mrocza.pl\/wp-content\/uploads\/2021\/03\/IMG_20200416_110609-tooo-scaled.jpg","datePublished":"2023-05-29T21:22:38+00:00","dateModified":"2024-06-25T09:34:55+00:00","breadcrumb":{"@id":"https:\/\/tartak-mrocza.pl\/?page_id=1088#breadcrumb"},"inLanguage":"en-US","potentialAction":[{"@type":"ReadAction","target":["https:\/\/tartak-mrocza.pl\/?page_id=1088"]}]},{"@type":"ImageObject","inLanguage":"en-US","@id":"https:\/\/tartak-mrocza.pl\/?page_id=1088#primaryimage","url":"https:\/\/tartak-mrocza.pl\/wp-content\/uploads\/2021\/03\/IMG_20200416_110609-tooo-scaled.jpg","contentUrl":"https:\/\/tartak-mrocza.pl\/wp-content\/uploads\/2021\/03\/IMG_20200416_110609-tooo-scaled.jpg","width":2560,"height":1920},{"@type":"BreadcrumbList","@id":"https:\/\/tartak-mrocza.pl\/?page_id=1088#breadcrumb","itemListElement":[{"@type":"ListItem","position":1,"name":"Strona g\u0142\u00f3wna","item":"https:\/\/tartak-mrocza.pl\/"},{"@type":"ListItem","position":2,"name":"\u0141awko-st\u00f3\u0142 piknikowy"}]},{"@type":"WebSite","@id":"https:\/\/tartak-mrocza.pl\/#website","url":"https:\/\/tartak-mrocza.pl\/","name":"Tartak-Stolarnia Tomczak","description":"Stolarstwo i us\u0142ugi budowlane dla klient\u00f3w indywidualnych z gwarancj\u0105 wykonania pracy oraz czytelnymi i dok\u0142adnymi wycenami.","publisher":{"@id":"https:\/\/tartak-mrocza.pl\/#organization"},"potentialAction":[{"@type":"SearchAction","target":{"@type":"EntryPoint","urlTemplate":"https:\/\/tartak-mrocza.pl\/?s={search_term_string}"},"query-input":"required name=search_term_string"}],"inLanguage":"en-US"},{"@type":"Organization","@id":"https:\/\/tartak-mrocza.pl\/#organization","name":"Tartak-Stolarnia Tomczak","url":"https:\/\/tartak-mrocza.pl\/","logo":{"@type":"ImageObject","inLanguage":"en-US","@id":"https:\/\/tartak-mrocza.pl\/#\/schema\/logo\/image\/","url":"https:\/\/tartak-mrocza.pl\/wp-content\/uploads\/2021\/02\/Panorama-listewki-scaled.jpg","contentUrl":"https:\/\/tartak-mrocza.pl\/wp-content\/uploads\/2021\/02\/Panorama-listewki-scaled.jpg","width":2560,"height":1497,"caption":"Tartak-Stolarnia Tomczak"},"image":{"@id":"https:\/\/tartak-mrocza.pl\/#\/schema\/logo\/image\/"}}]}},"_links":{"self":[{"href":"https:\/\/tartak-mrocza.pl\/index.php?rest_route=\/wp\/v2\/pages\/1088"}],"collection":[{"href":"https:\/\/tartak-mrocza.pl\/index.php?rest_route=\/wp\/v2\/pages"}],"about":[{"href":"https:\/\/tartak-mrocza.pl\/index.php?rest_route=\/wp\/v2\/types\/page"}],"author":[{"embeddable":true,"href":"https:\/\/tartak-mrocza.pl\/index.php?rest_route=\/wp\/v2\/users\/1"}],"replies":[{"embeddable":true,"href":"https:\/\/tartak-mrocza.pl\/index.php?rest_route=%2Fwp%2Fv2%2Fcomments&post=1088"}],"version-history":[{"count":6,"href":"https:\/\/tartak-mrocza.pl\/index.php?rest_route=\/wp\/v2\/pages\/1088\/revisions"}],"predecessor-version":[{"id":1431,"href":"https:\/\/tartak-mrocza.pl\/index.php?rest_route=\/wp\/v2\/pages\/1088\/revisions\/1431"}],"wp:featuredmedia":[{"embeddable":true,"href":"https:\/\/tartak-mrocza.pl\/index.php?rest_route=\/wp\/v2\/media\/436"}],"wp:attachment":[{"href":"https:\/\/tartak-mrocza.pl\/index.php?rest_route=%2Fwp%2Fv2%2Fmedia&parent=1088"}],"curies":[{"name":"wp","href":"https:\/\/api.w.org\/{rel}","templated":true}]}}